{"id":762262,"date":"2025-08-28T10:03:23","date_gmt":"2025-08-28T07:03:23","guid":{"rendered":"https:\/\/roveyayinevi.com.tr\/index.php\/urun\/terapist-2\/"},"modified":"2026-04-15T03:27:15","modified_gmt":"2026-04-15T00:27:15","slug":"terapist-2","status":"publish","type":"product","link":"https:\/\/roveyayinevi.com.tr\/index.php\/urun\/terapist-2\/","title":{"rendered":"Terapist"},"content":{"rendered":"<p>Bazen can\u0131n\u0131z\u0131 ilk ac\u0131tan \u015fey yaland\u0131r. Peki ya ger\u00e7ekler? Belki de her \u015feyin cevab\u0131 zaten bildi\u011finiz bir s\u0131rdan ibarettir.       Sara bir terapist, e\u015fi Sigurd ise \u00e7ok \u00e7al\u0131\u015fkan bir mimard\u0131r. Sigurd\u2019un b\u00fcy\u00fckbabas\u0131n\u0131n vefat\u0131yla gen\u00e7 \u00e7ift, nihayet hayatlar\u0131n\u0131 hayal ettikleri \u015fekilde d\u00fczenleme \u015fans\u0131 elde ederler. Ancak ihtiyar adam\u0131n bu gen\u00e7 \u00e7ifte miras kalan g\u00f6steri\u015fli evi, zamanla s\u0131rtlar\u0131nda koca bir y\u00fck h\u00e2line gelir. Kendilerini bir anda bitmek bilmeyen bir in\u015faat\u0131n i\u00e7inde bulurlar.   Sara, in\u015faat\u0131 zar zor biten garaj\u0131n \u00fcst\u00fcndeki ofisinde gen\u00e7lere terapi verirken Sigurd ise ev i\u00e7in haz\u0131rlad\u0131\u011f\u0131 proje \u00e7izimlerinin aras\u0131nda dirsek \u00e7\u00fcr\u00fct\u00fcr. Sonra bir g\u00fcn\u2026 Sigurd, Sara\u2019ya tuhaf bir sesli mesaj b\u0131rak\u0131p bir anda s\u0131rra kadem basar.   Bu k\u00f6hne, yar\u0131 in\u015faat h\u00e2lindeki ev, art\u0131k yuva olmaktan \u00e7ok uzak, hi\u00e7 g\u00fcven telkin etmeyen bir harabe gibi g\u00f6r\u00fcnmeye ba\u015flar. Esrarengiz bir \u015fekilde e\u015fyalar kaybolup yeniden belirir. Sara\u2019n\u0131n hayat\u0131 belki de bir daha asla eskisi gibi olmayacakt\u0131r.<\/p>\n","protected":false},"excerpt":{"rendered":"<p>Bazen can\u0131n\u0131z\u0131 ilk ac\u0131tan \u015fey yaland\u0131r. Peki ya ger\u00e7ekler? Belki de her \u015feyin cevab\u0131 zaten bildi\u011finiz bir s\u0131rdan ibarettir. Sara bir terapist, e\u015fi Sigurd ise \u00e7ok<span class=\"excerpt-hellip\"> [\u2026]<\/span><\/p>\n","protected":false},"featured_media":0,"template":"","meta":{"_monsterinsights_skip_tracking":false,"_monsterinsights_sitenote_active":false,"_monsterinsights_sitenote_note":"","_monsterinsights_sitenote_category":0},"product_brand":[],"product_cat":[12291,50487],"product_tag":[],"class_list":{"0":"post-762262","1":"product","2":"type-product","3":"status-publish","5":"product_cat-edebiyat","6":"product_cat-kurgu","7":"pa_cilt-ciltsiz","8":"pa_tur-kitap","9":"pa_yayinevi-epsilon-yayinlari","10":"pa_yazar-helene-flood","12":"first","13":"instock","14":"sale","15":"shipping-taxable","16":"purchasable","17":"product-type-simple"},"_links":{"self":[{"href":"https:\/\/roveyayinevi.com.tr\/index.php\/wp-json\/wp\/v2\/product\/762262","targetHints":{"allow":["GET"]}}],"collection":[{"href":"https:\/\/roveyayinevi.com.tr\/index.php\/wp-json\/wp\/v2\/product"}],"about":[{"href":"https:\/\/roveyayinevi.com.tr\/index.php\/wp-json\/wp\/v2\/types\/product"}],"wp:attachment":[{"href":"https:\/\/roveyayinevi.com.tr\/index.php\/wp-json\/wp\/v2\/media?parent=762262"}],"wp:term":[{"taxonomy":"product_brand","embeddable":true,"href":"https:\/\/roveyayinevi.com.tr\/index.php\/wp-json\/wp\/v2\/product_brand?post=762262"},{"taxonomy":"product_cat","embeddable":true,"href":"https:\/\/roveyayinevi.com.tr\/index.php\/wp-json\/wp\/v2\/product_cat?post=762262"},{"taxonomy":"product_tag","embeddable":true,"href":"https:\/\/roveyayinevi.com.tr\/index.php\/wp-json\/wp\/v2\/product_tag?post=762262"}],"curies":[{"name":"wp","href":"https:\/\/api.w.org\/{rel}","templated":true}]}}