{"id":762259,"date":"2025-08-28T10:03:20","date_gmt":"2025-08-28T07:03:20","guid":{"rendered":"https:\/\/roveyayinevi.com.tr\/index.php\/urun\/altust-edilen-tarih\/"},"modified":"2026-04-15T03:27:14","modified_gmt":"2026-04-15T00:27:14","slug":"altust-edilen-tarih","status":"publish","type":"product","link":"https:\/\/roveyayinevi.com.tr\/index.php\/urun\/altust-edilen-tarih\/","title":{"rendered":"Alt\u00fcst Edilen Tarih"},"content":{"rendered":"<p>\u0130nternet \u00e7a\u011f\u0131yla birlikte h\u0131z, do\u011frululuktan; viral olmak ise \u00f6\u011frenmekten daha \u00f6nemli h\u00e2le geldi. \u0130nternet; tarihimizi, ge\u00e7mi\u015fimizi ve toplumumuzu k\u00f6k\u00fcnden de\u011fi\u015ftirdi. Zaman alan, uzman merkezli, i\u00e7sel olarak de\u011ferli modeli kullanan akademik tarih\u00e7iler; an\u0131nda tatmin edici, kullan\u0131c\u0131 merkezli e-tarih kar\u015f\u0131s\u0131nda geri plana itiliyor. Steinhauer, bu kitapta Wikipedia\u2019dan Facebook\u2019a, TikTok\u2019tan Instagram\u2019a kadar sosyal medyan\u0131n kullan\u0131c\u0131 merkezli deneyimi nas\u0131l en \u00fcst d\u00fczeye \u00e7\u0131kard\u0131\u011f\u0131n\u0131 tart\u0131\u015f\u0131yor, okurlar\u0131 internet ortam\u0131nda iken \u00fczerinde \u201ctarih\u201d etiketi bulunan bilgileri t\u00fcketirken bilin\u00e7li olmaya \u00e7a\u011f\u0131r\u0131yor. Bunu yaparken internet ve sosyal  medyan\u0131n y\u00fckseli\u015finden bu yana ge\u00e7en yirmi y\u0131lda, tarih yaz\u0131m\u0131 prati\u011findeki erozyonu metodik olarak inceliyor. Steinhauer, Alt\u00fcst Edilen Tarih\u2019te teknolojinin etkilerini ve toplumlar\u0131 sarsma kapasitesini yak\u0131ndan tecr\u00fcbe etti\u011fimiz g\u00fcn\u00fcm\u00fczde sosyal a\u011flar\u0131n ge\u00e7mi\u015fe dair anlay\u0131\u015f\u0131m\u0131z\u0131 nas\u0131l de\u011fi\u015ftirdi\u011fini daha iyi anlamak i\u00e7in \u201ce-tarih\u201d evreninin r\u00f6ntgenini \u00e7ekiyor. E-tarih ile hangi ama\u00e7lar\u0131n g\u00fcd\u00fcld\u00fc\u011f\u00fcn\u00fc, g\u00f6r\u00fcn\u00fcrl\u00fck elde etmek i\u00e7in hangi taktiklerin kullan\u0131ld\u0131\u011f\u0131n\u0131, internet kullan\u0131c\u0131lar\u0131n\u0131n nas\u0131l daha iyi birer \u00e7evrimi\u00e7i tarihsel bilgi t\u00fcketicisine d\u00f6n\u00fc\u015ft\u00fcr\u00fclmek istendi\u011fini derinlemesine analiz ediyor.   Kendisini \u201cprofesyonel tarih\u00e7i, kamu tarih\u00e7isi\u201d ifadeleriyle tan\u0131mlayan Jason Steinhauer\u2019\u0131n kaleme ald\u0131\u011f\u0131 Alt\u00fcst Edilen Tarih, ilham verici ancak bir o kadar da rahats\u0131z edici bir kitap.<\/p>\n","protected":false},"excerpt":{"rendered":"<p>\u0130nternet \u00e7a\u011f\u0131yla birlikte h\u0131z, do\u011frululuktan; viral olmak ise \u00f6\u011frenmekten daha \u00f6nemli h\u00e2le geldi. \u0130nternet; tarihimizi, ge\u00e7mi\u015fimizi ve toplumumuzu k\u00f6k\u00fcnden de\u011fi\u015ftirdi. Zaman alan, uzman merkezli, i\u00e7sel olarak<span class=\"excerpt-hellip\"> [\u2026]<\/span><\/p>\n","protected":false},"featured_media":0,"template":"","meta":{"_monsterinsights_skip_tracking":false,"_monsterinsights_sitenote_active":false,"_monsterinsights_sitenote_note":"","_monsterinsights_sitenote_category":0},"product_brand":[],"product_cat":[12370,12304],"product_tag":[],"class_list":{"0":"post-762259","1":"product","2":"type-product","3":"status-publish","5":"product_cat-arastirma-inceleme","6":"product_cat-tarih","7":"pa_cilt-ciltsiz","8":"pa_tur-kitap","9":"pa_yayinevi-the-kitap","10":"pa_yazar-jason-steinhauer","12":"first","13":"instock","14":"sale","15":"shipping-taxable","16":"purchasable","17":"product-type-simple"},"_links":{"self":[{"href":"https:\/\/roveyayinevi.com.tr\/index.php\/wp-json\/wp\/v2\/product\/762259","targetHints":{"allow":["GET"]}}],"collection":[{"href":"https:\/\/roveyayinevi.com.tr\/index.php\/wp-json\/wp\/v2\/product"}],"about":[{"href":"https:\/\/roveyayinevi.com.tr\/index.php\/wp-json\/wp\/v2\/types\/product"}],"wp:attachment":[{"href":"https:\/\/roveyayinevi.com.tr\/index.php\/wp-json\/wp\/v2\/media?parent=762259"}],"wp:term":[{"taxonomy":"product_brand","embeddable":true,"href":"https:\/\/roveyayinevi.com.tr\/index.php\/wp-json\/wp\/v2\/product_brand?post=762259"},{"taxonomy":"product_cat","embeddable":true,"href":"https:\/\/roveyayinevi.com.tr\/index.php\/wp-json\/wp\/v2\/product_cat?post=762259"},{"taxonomy":"product_tag","embeddable":true,"href":"https:\/\/roveyayinevi.com.tr\/index.php\/wp-json\/wp\/v2\/product_tag?post=762259"}],"curies":[{"name":"wp","href":"https:\/\/api.w.org\/{rel}","templated":true}]}}