{"id":762258,"date":"2025-08-28T10:03:18","date_gmt":"2025-08-28T07:03:18","guid":{"rendered":"https:\/\/roveyayinevi.com.tr\/index.php\/urun\/uykusuz-3\/"},"modified":"2026-04-15T03:27:14","modified_gmt":"2026-04-15T00:27:14","slug":"uykusuz-3","status":"publish","type":"product","link":"https:\/\/roveyayinevi.com.tr\/index.php\/urun\/uykusuz-3\/","title":{"rendered":"Uykusuz"},"content":{"rendered":"<p>Yazar Annabel Abbs, 2020 y\u0131l\u0131n\u0131n k\u0131\u015f aylar\u0131nda art arda sars\u0131c\u0131 kay\u0131plar ya\u015fad\u0131. \u00d6nce \u00fcvey babas\u0131n\u0131, ard\u0131ndan \u00f6z babas\u0131n\u0131 kaybeden Abbs, son olarak \u00e7ok sevdi\u011fi k\u00f6pe\u011finin ac\u0131s\u0131n\u0131 ya\u015fad\u0131. Keder, onu uyuyamaz h\u00e2le getirmi\u015fti. Bu asl\u0131nda al\u0131\u015f\u0131lmad\u0131k bir durum de\u011fildi onun i\u00e7in; \u00f6mr\u00fcn\u00fcn b\u00fcy\u00fck b\u00f6l\u00fcm\u00fcnde uykusuzluk \u00e7ekmi\u015fti. Fakat bu defa s\u00fcrpriz bir ke\u015fifle ayd\u0131nland\u0131, gece ona hediyeler sunuyordu. Uykusuz geceler, onun i\u00e7in kocaman bir s\u0131\u011f\u0131nak h\u00e2line gelivermi\u015fti. Bu andan itibaren uykusuzlu\u011fuyla sava\u015fmay\u0131 b\u0131rakan yazar, gizemli ve ba\u015ftan \u00e7\u0131kar\u0131c\u0131 bir d\u00fcnyan\u0131n i\u00e7ine girdi: Gece Benli\u011fi. Bu e\u015fsiz tecr\u00fcbenin ard\u0131ndan karanl\u0131k, onun i\u00e7in olumsuz anlam\u0131n\u0131 art\u0131k yitirmi\u015fti. Karanl\u0131k yarat\u0131c\u0131l\u0131k demekti, \u00f6zg\u00fcrl\u00fc\u011f\u00fcn ve d\u00fc\u015f\u00fcncenin sonsuz s\u0131n\u0131rlar\u0131n\u0131 ke\u015ffetme yolculu\u011fuydu. Gece Benli\u011fi, uykusuzlu\u011fun ya da karanl\u0131ktan korkman\u0131n bir i\u015fareti de\u011fil, ilgi \u00e7ekici bir g\u00fc\u00e7 kayna\u011f\u0131yd\u0131.   Annabel Abbs, Uykusuz: Gece Uykusuzlu\u011funun Yarat\u0131c\u0131 G\u00fcc\u00fc kitab\u0131nda uykusuz gecelerde yarat\u0131c\u0131l\u0131klar\u0131n\u0131n zirvesine \u00e7\u0131kan ve bir t\u00fcr \u015fifa bulan Lee Krasner, Joan Mitchell, Louise Bourgeois, Katherine Mansfield, Virginia Woolf, Laura de Cereta ve daha onlarca kad\u0131n\u0131 anlat\u0131yor. E\u011fer siz de uykusuzluk sorunu ya\u015f\u0131yor ve bu sat\u0131rlar\u0131 okuyorsan\u0131z Gece Benli\u011fi\u2019nizi ke\u015ffetmeye haz\u0131rs\u0131n\u0131z!   \u201cUyku benden ka\u00e7maya devam etti ama bunun pek de bir \u00f6nemi yoktu. I\u015f\u0131k ve g\u00fcr\u00fclt\u00fcn\u00fcn yoklu\u011funda, ba\u015fka bir Benli\u011fin k\u0131p\u0131rdan\u0131\u015f\u0131n\u0131 hissettim. Bu limbik, uyan\u0131k gece saatlerinde Gece Benli\u011fimle ilk defa kar\u015f\u0131la\u015ft\u0131m.\u201d  <\/p>\n","protected":false},"excerpt":{"rendered":"<p>Yazar Annabel Abbs, 2020 y\u0131l\u0131n\u0131n k\u0131\u015f aylar\u0131nda art arda sars\u0131c\u0131 kay\u0131plar ya\u015fad\u0131. \u00d6nce \u00fcvey babas\u0131n\u0131, ard\u0131ndan \u00f6z babas\u0131n\u0131 kaybeden Abbs, son olarak \u00e7ok sevdi\u011fi k\u00f6pe\u011finin ac\u0131s\u0131n\u0131<span class=\"excerpt-hellip\"> [\u2026]<\/span><\/p>\n","protected":false},"featured_media":0,"template":"","meta":{"_monsterinsights_skip_tracking":false,"_monsterinsights_sitenote_active":false,"_monsterinsights_sitenote_note":"","_monsterinsights_sitenote_category":0},"product_brand":[],"product_cat":[12364,12376],"product_tag":[],"class_list":{"0":"post-762258","1":"product","2":"type-product","3":"status-publish","5":"product_cat-genel-konular","6":"product_cat-kisisel-gelisim","7":"pa_cilt-ciltsiz","8":"pa_tur-kitap","9":"pa_yayinevi-the-kitap","10":"pa_yazar-v","12":"first","13":"instock","14":"sale","15":"shipping-taxable","16":"purchasable","17":"product-type-simple"},"_links":{"self":[{"href":"https:\/\/roveyayinevi.com.tr\/index.php\/wp-json\/wp\/v2\/product\/762258","targetHints":{"allow":["GET"]}}],"collection":[{"href":"https:\/\/roveyayinevi.com.tr\/index.php\/wp-json\/wp\/v2\/product"}],"about":[{"href":"https:\/\/roveyayinevi.com.tr\/index.php\/wp-json\/wp\/v2\/types\/product"}],"wp:attachment":[{"href":"https:\/\/roveyayinevi.com.tr\/index.php\/wp-json\/wp\/v2\/media?parent=762258"}],"wp:term":[{"taxonomy":"product_brand","embeddable":true,"href":"https:\/\/roveyayinevi.com.tr\/index.php\/wp-json\/wp\/v2\/product_brand?post=762258"},{"taxonomy":"product_cat","embeddable":true,"href":"https:\/\/roveyayinevi.com.tr\/index.php\/wp-json\/wp\/v2\/product_cat?post=762258"},{"taxonomy":"product_tag","embeddable":true,"href":"https:\/\/roveyayinevi.com.tr\/index.php\/wp-json\/wp\/v2\/product_tag?post=762258"}],"curies":[{"name":"wp","href":"https:\/\/api.w.org\/{rel}","templated":true}]}}