{"id":762257,"date":"2025-08-28T10:03:17","date_gmt":"2025-08-28T07:03:17","guid":{"rendered":"https:\/\/roveyayinevi.com.tr\/index.php\/urun\/istanbulun-unutulan-tarihi-tilsimlari-ve-efsaneleri\/"},"modified":"2026-04-15T03:27:14","modified_gmt":"2026-04-15T00:27:14","slug":"istanbulun-unutulan-tarihi-tilsimlari-ve-efsaneleri","status":"publish","type":"product","link":"https:\/\/roveyayinevi.com.tr\/index.php\/urun\/istanbulun-unutulan-tarihi-tilsimlari-ve-efsaneleri\/","title":{"rendered":"\u0130stanbul\u2019un Unutulan Tarihi, T\u0131ls\u0131mlar\u0131 ve Efsaneleri"},"content":{"rendered":"<p>\u0130stanbul\u2019un Unutulan Tarihi, T\u0131ls\u0131mlar\u0131 ve Efsaneleri kitab\u0131, okurlar\u0131n\u0131 \u0130stanbul\u2019un b\u00fcy\u00fcleyici tarihine ve kadim efsanelerine dair benzersiz bir yolculu\u011fa \u00e7\u0131kar\u0131yor. Yazar, bu eserde, \u0130stanbul\u2019un dar sokaklar\u0131ndan geni\u015f meydanlar\u0131na, saraylar\u0131ndan hamamlar\u0131na, semtlerinden bo\u011faz\u0131na uzanan panoramik bir manzara sunuyor; \u0130stanbul\u2019un ruhunu ve tarihini derinlemesine anlamam\u0131za olanak sa\u011fl\u0131yor. Arnavut kald\u0131r\u0131ml\u0131 yollar, Ayasofya ve Sultanahmet Camii siluetleri ve \u0130stanbul\u2019un \u00e7ok k\u00fclt\u00fcrl\u00fc dokusu, yazar\u0131n g\u00f6z\u00fcnden yeniden canlan\u0131yor. Bu kitap, \u0130stanbul\u2019un sadece bir \u015fehir olmad\u0131\u011f\u0131n\u0131, bir\u00e7ok medeniyete ev sahipli\u011fi yapm\u0131\u015f bir k\u00fclt\u00fcr ve ticaret merkezi oldu\u011funu g\u00f6steriyor. \u0130stanbul\u2019un Bizans ve Osmanl\u0131 d\u00f6nemlerinden kalan miras\u0131, efsaneler ve t\u0131ls\u0131mlarla harmanlanarak okuyucuyu ge\u00e7mi\u015fin derinliklerine s\u00fcr\u00fckl\u00fcyor. Evliya \u00c7elebi\u2019nin do\u011fdu\u011fu ve ilk seyahat yaz\u0131lar\u0131n\u0131 yazd\u0131\u011f\u0131 bu topraklarda, \u0130stanbul\u2019un unutulmu\u015f k\u00f6\u015feleri ke\u015ffedilmeyi bekliyor.   \u0130stanbul\u2019un Unutulan Tarihi, T\u0131ls\u0131mlar\u0131 ve Efsaneleri, okuyucuyu ge\u00e7mi\u015fin b\u00fcy\u00fcl\u00fc d\u00fcnyas\u0131nda gezintiye \u00e7\u0131karmakla kalm\u0131yor; \u0130stanbul\u2019un k\u00fclt\u00fcrel mozai\u011fini, din\u00ee ve tarih\u00ee zenginliklerini de g\u00f6zler \u00f6n\u00fcne seriyor. Yazar\u0131n bilgi birikimi ve \u0130stanbul\u2019a duydu\u011fu b\u00fcy\u00fck a\u015fk ile kaleme ald\u0131\u011f\u0131 bu eser, \u015fehrin unutulmu\u015f tarihini, t\u0131ls\u0131mlar\u0131n\u0131 ve efsanelerini ke\u015ffetmek isteyen herkes i\u00e7in vazge\u00e7ilmez bir rehber. <\/p>\n","protected":false},"excerpt":{"rendered":"<p>\u0130stanbul\u2019un Unutulan Tarihi, T\u0131ls\u0131mlar\u0131 ve Efsaneleri kitab\u0131, okurlar\u0131n\u0131 \u0130stanbul\u2019un b\u00fcy\u00fcleyici tarihine ve kadim efsanelerine dair benzersiz bir yolculu\u011fa \u00e7\u0131kar\u0131yor. Yazar, bu eserde, \u0130stanbul\u2019un dar sokaklar\u0131ndan geni\u015f<span class=\"excerpt-hellip\"> [\u2026]<\/span><\/p>\n","protected":false},"featured_media":0,"template":"","meta":{"_monsterinsights_skip_tracking":false,"_monsterinsights_sitenote_active":false,"_monsterinsights_sitenote_note":"","_monsterinsights_sitenote_category":0},"product_brand":[],"product_cat":[12370,12304],"product_tag":[],"class_list":{"0":"post-762257","1":"product","2":"type-product","3":"status-publish","5":"product_cat-arastirma-inceleme","6":"product_cat-tarih","7":"pa_cilt-ciltsiz","8":"pa_tur-kitap","9":"pa_yayinevi-the-kitap","10":"pa_yazar-m-abdullah-tug","12":"first","13":"instock","14":"sale","15":"shipping-taxable","16":"purchasable","17":"product-type-simple"},"_links":{"self":[{"href":"https:\/\/roveyayinevi.com.tr\/index.php\/wp-json\/wp\/v2\/product\/762257","targetHints":{"allow":["GET"]}}],"collection":[{"href":"https:\/\/roveyayinevi.com.tr\/index.php\/wp-json\/wp\/v2\/product"}],"about":[{"href":"https:\/\/roveyayinevi.com.tr\/index.php\/wp-json\/wp\/v2\/types\/product"}],"wp:attachment":[{"href":"https:\/\/roveyayinevi.com.tr\/index.php\/wp-json\/wp\/v2\/media?parent=762257"}],"wp:term":[{"taxonomy":"product_brand","embeddable":true,"href":"https:\/\/roveyayinevi.com.tr\/index.php\/wp-json\/wp\/v2\/product_brand?post=762257"},{"taxonomy":"product_cat","embeddable":true,"href":"https:\/\/roveyayinevi.com.tr\/index.php\/wp-json\/wp\/v2\/product_cat?post=762257"},{"taxonomy":"product_tag","embeddable":true,"href":"https:\/\/roveyayinevi.com.tr\/index.php\/wp-json\/wp\/v2\/product_tag?post=762257"}],"curies":[{"name":"wp","href":"https:\/\/api.w.org\/{rel}","templated":true}]}}