{"id":762250,"date":"2025-08-28T10:03:03","date_gmt":"2025-08-28T07:03:03","guid":{"rendered":"https:\/\/roveyayinevi.com.tr\/index.php\/urun\/ayaza-dusmus-bir-yasam\/"},"modified":"2026-04-15T03:27:14","modified_gmt":"2026-04-15T00:27:14","slug":"ayaza-dusmus-bir-yasam","status":"publish","type":"product","link":"https:\/\/roveyayinevi.com.tr\/index.php\/urun\/ayaza-dusmus-bir-yasam\/","title":{"rendered":"Ayaza D\u00fc\u015fm\u00fc\u015f Bir Ya\u015fam"},"content":{"rendered":"<p>Gen\u00e7 bir adam\u2026 \u00d6\u011fretmen\u2026 Ac\u0131lar\u0131ndan ka\u00e7arak bir kasabada kendini hayata kapat\u0131yor\u2026 Yeni ya\u015famaya ba\u015flad\u0131\u011f\u0131 evde, ayaza tutuk bir ak\u015famda okumak i\u00e7in kitap ararken \u00f6zenli bir el yaz\u0131s\u0131yla doldurulmu\u015f bir defter bulup okumaya ba\u015fl\u0131yor. Her bir sat\u0131rda toplumun ger\u00e7ekleriyle tekrar y\u00fczle\u015fiyor. Sat\u0131rlar\u0131n heyecan\u0131yla bir sonraki sayfaya atlarken h\u00fczn\u00fcn i\u00e7ine d\u00fc\u015f\u00fcyor\u2026 Gen\u00e7 bir k\u0131z\u2026 Ya\u015f\u0131tlar\u0131 okul koridorlar\u0131nda e\u011flenirken o kocas\u0131na ve onun ailesine hizmet ediyor\u2026 Gen\u00e7 bir kad\u0131n\u2026 Hayattaki tek avuntusu minicik k\u0131z\u0131yken elinden al\u0131n\u0131yor\u2026 Gen\u00e7 bir anne\u2026 Evlat hasretiyle y\u00fcre\u011fi da\u011flanarak kendine yeni bir ya\u015fam kurmaya \u00e7al\u0131\u015f\u0131yor\u2026   Burcu Karabacak, ilk roman\u0131 Ayaza D\u00fc\u015fm\u00fc\u015f Bir Ya\u015fam\u2019da toplumsal bir yaraya parmak basarken gen\u00e7 bir kad\u0131n\u0131n ya\u015fama tutunma m\u00fccadelesini anlat\u0131yor. <\/p>\n","protected":false},"excerpt":{"rendered":"<p>Gen\u00e7 bir adam\u2026 \u00d6\u011fretmen\u2026 Ac\u0131lar\u0131ndan ka\u00e7arak bir kasabada kendini hayata kapat\u0131yor\u2026 Yeni ya\u015famaya ba\u015flad\u0131\u011f\u0131 evde, ayaza tutuk bir ak\u015famda okumak i\u00e7in kitap ararken \u00f6zenli bir el<span class=\"excerpt-hellip\"> [\u2026]<\/span><\/p>\n","protected":false},"featured_media":0,"template":"","meta":{"_monsterinsights_skip_tracking":false,"_monsterinsights_sitenote_active":false,"_monsterinsights_sitenote_note":"","_monsterinsights_sitenote_category":0},"product_brand":[],"product_cat":[12291,12711],"product_tag":[],"class_list":{"0":"post-762250","1":"product","2":"type-product","3":"status-publish","5":"product_cat-edebiyat","6":"product_cat-roman-oyku","7":"pa_cilt-ciltsiz","8":"pa_tur-kitap","9":"pa_yayinevi-mavi-nefes-yayinlari","10":"pa_yazar-burcu-karabacak","12":"first","13":"instock","14":"sale","15":"shipping-taxable","16":"purchasable","17":"product-type-simple"},"_links":{"self":[{"href":"https:\/\/roveyayinevi.com.tr\/index.php\/wp-json\/wp\/v2\/product\/762250","targetHints":{"allow":["GET"]}}],"collection":[{"href":"https:\/\/roveyayinevi.com.tr\/index.php\/wp-json\/wp\/v2\/product"}],"about":[{"href":"https:\/\/roveyayinevi.com.tr\/index.php\/wp-json\/wp\/v2\/types\/product"}],"wp:attachment":[{"href":"https:\/\/roveyayinevi.com.tr\/index.php\/wp-json\/wp\/v2\/media?parent=762250"}],"wp:term":[{"taxonomy":"product_brand","embeddable":true,"href":"https:\/\/roveyayinevi.com.tr\/index.php\/wp-json\/wp\/v2\/product_brand?post=762250"},{"taxonomy":"product_cat","embeddable":true,"href":"https:\/\/roveyayinevi.com.tr\/index.php\/wp-json\/wp\/v2\/product_cat?post=762250"},{"taxonomy":"product_tag","embeddable":true,"href":"https:\/\/roveyayinevi.com.tr\/index.php\/wp-json\/wp\/v2\/product_tag?post=762250"}],"curies":[{"name":"wp","href":"https:\/\/api.w.org\/{rel}","templated":true}]}}