{"id":762249,"date":"2025-08-28T10:03:01","date_gmt":"2025-08-28T07:03:01","guid":{"rendered":"https:\/\/roveyayinevi.com.tr\/index.php\/urun\/kilic-olarak-yeniden-dogdum-1\/"},"modified":"2026-04-15T03:27:14","modified_gmt":"2026-04-15T00:27:14","slug":"kilic-olarak-yeniden-dogdum-1","status":"publish","type":"product","link":"https:\/\/roveyayinevi.com.tr\/index.php\/urun\/kilic-olarak-yeniden-dogdum-1\/","title":{"rendered":"K\u0131l\u0131\u00e7 Olarak Yeniden Do\u011fdum 1"},"content":{"rendered":"<p>USTA, YANIMDA OLDU\u011eUN S\u00dcRECE HER YERDE E\u011eLENEB\u0130L\u0130R VE G\u00dc\u00c7LENEB\u0130L\u0130R\u0130M!   FRAN VE USTA \u00dc\u00c7 YILDA B\u0130R ORTAYA \u00c7IKAN EFSANEV\u0130 Z\u0130NDANA MEYDAN OKUR. \u0130K\u0130L\u0130, Z\u0130NDANIN EN DER\u0130N YER\u0130NDE HAVADA S\u00dcZ\u00dcLEN G\u0130ZEML\u0130 B\u0130R \u00c7AN BULUR VE \u00c7ANI KIRDIKLARINDA G\u00d6Z KAMA\u015eTIRICI B\u0130R I\u015eIK \u0130K\u0130S\u0130N\u0130 DE \u0130\u00c7\u0130NE \u00c7EKER. FRAN VE USTA\u2019NIN FARKLI D\u00dcNYALARA SEYAHAT ETT\u0130\u011e\u0130 BU SER\u0130Y\u0130 TAK\u0130P ED\u0130N!! <\/p>\n","protected":false},"excerpt":{"rendered":"<p>USTA, YANIMDA OLDU\u011eUN S\u00dcRECE HER YERDE E\u011eLENEB\u0130L\u0130R VE G\u00dc\u00c7LENEB\u0130L\u0130R\u0130M! FRAN VE USTA \u00dc\u00c7 YILDA B\u0130R ORTAYA \u00c7IKAN EFSANEV\u0130 Z\u0130NDANA MEYDAN OKUR. \u0130K\u0130L\u0130, Z\u0130NDANIN EN DER\u0130N YER\u0130NDE<span class=\"excerpt-hellip\"> [\u2026]<\/span><\/p>\n","protected":false},"featured_media":0,"template":"","meta":{"_monsterinsights_skip_tracking":false,"_monsterinsights_sitenote_active":false,"_monsterinsights_sitenote_note":"","_monsterinsights_sitenote_category":0},"product_brand":[],"product_cat":[12416,12291],"product_tag":[],"class_list":{"0":"post-762249","1":"product","2":"type-product","3":"status-publish","5":"product_cat-cizgi-roman","6":"product_cat-edebiyat","7":"pa_cilt-ciltsiz","8":"pa_tur-kitap","9":"pa_yayinevi-athica-yayinlari","10":"pa_yazar-tanaka-yuu","12":"first","13":"instock","14":"sale","15":"shipping-taxable","16":"purchasable","17":"product-type-simple"},"_links":{"self":[{"href":"https:\/\/roveyayinevi.com.tr\/index.php\/wp-json\/wp\/v2\/product\/762249","targetHints":{"allow":["GET"]}}],"collection":[{"href":"https:\/\/roveyayinevi.com.tr\/index.php\/wp-json\/wp\/v2\/product"}],"about":[{"href":"https:\/\/roveyayinevi.com.tr\/index.php\/wp-json\/wp\/v2\/types\/product"}],"wp:attachment":[{"href":"https:\/\/roveyayinevi.com.tr\/index.php\/wp-json\/wp\/v2\/media?parent=762249"}],"wp:term":[{"taxonomy":"product_brand","embeddable":true,"href":"https:\/\/roveyayinevi.com.tr\/index.php\/wp-json\/wp\/v2\/product_brand?post=762249"},{"taxonomy":"product_cat","embeddable":true,"href":"https:\/\/roveyayinevi.com.tr\/index.php\/wp-json\/wp\/v2\/product_cat?post=762249"},{"taxonomy":"product_tag","embeddable":true,"href":"https:\/\/roveyayinevi.com.tr\/index.php\/wp-json\/wp\/v2\/product_tag?post=762249"}],"curies":[{"name":"wp","href":"https:\/\/api.w.org\/{rel}","templated":true}]}}