{"id":762247,"date":"2025-08-28T10:02:56","date_gmt":"2025-08-28T07:02:56","guid":{"rendered":"https:\/\/roveyayinevi.com.tr\/index.php\/urun\/benim-mutlu-evliligim-1\/"},"modified":"2026-04-15T03:27:14","modified_gmt":"2026-04-15T00:27:14","slug":"benim-mutlu-evliligim-1","status":"publish","type":"product","link":"https:\/\/roveyayinevi.com.tr\/index.php\/urun\/benim-mutlu-evliligim-1\/","title":{"rendered":"Benim Mutlu Evlili\u011fim 1"},"content":{"rendered":"<p>TEK \u0130STED\u0130\u011e\u0130M B\u0130RAZ MUTLULUK&#8230;   \u00d6ZEL G\u00dc\u00c7LERE SAH\u0130P B\u0130R A\u0130LEDE DO\u011eMASINA RA\u011eMEN H\u0130\u00c7B\u0130R YETENE\u011e\u0130 M\u0130RAS ALMAMI\u015e OLAN M\u0130YO SA\u0130MOR\u0130, YETENEKL\u0130 \u00dcVEY KIZ KARDE\u015e\u0130NDEN H\u0130ZMET\u00c7\u0130 MUAMELES\u0130 G\u00d6RMEKTED\u0130R. EBEVEYNLER\u0130 TARAFINDAN SEV\u0130LMEYEN VE HERKES\u0130N YOK SAYDI\u011eI B\u0130R\u0130D\u0130R.   TEK DOSTU OLAN \u00c7OCUKLUK ARKADA\u015eI, KIZ KARDE\u015e\u0130YLE N\u0130\u015eANLANDI\u011eINDA B\u0130R ENGEL OLARAK G\u00d6R\u00dcLEN GEN\u00c7 KADIN \u015e\u0130MD\u0130, ZAL\u0130ML\u0130\u011e\u0130YLE TANINAN KUDOU A\u0130LES\u0130N\u0130N GEL\u0130N ADAYIDIR&#8230; <\/p>\n","protected":false},"excerpt":{"rendered":"<p>TEK \u0130STED\u0130\u011e\u0130M B\u0130RAZ MUTLULUK&#8230; \u00d6ZEL G\u00dc\u00c7LERE SAH\u0130P B\u0130R A\u0130LEDE DO\u011eMASINA RA\u011eMEN H\u0130\u00c7B\u0130R YETENE\u011e\u0130 M\u0130RAS ALMAMI\u015e OLAN M\u0130YO SA\u0130MOR\u0130, YETENEKL\u0130 \u00dcVEY KIZ KARDE\u015e\u0130NDEN H\u0130ZMET\u00c7\u0130 MUAMELES\u0130 G\u00d6RMEKTED\u0130R. EBEVEYNLER\u0130<span class=\"excerpt-hellip\"> [\u2026]<\/span><\/p>\n","protected":false},"featured_media":0,"template":"","meta":{"_monsterinsights_skip_tracking":false,"_monsterinsights_sitenote_active":false,"_monsterinsights_sitenote_note":"","_monsterinsights_sitenote_category":0},"product_brand":[],"product_cat":[12416,12291],"product_tag":[],"class_list":{"0":"post-762247","1":"product","2":"type-product","3":"status-publish","5":"product_cat-cizgi-roman","6":"product_cat-edebiyat","7":"pa_cilt-ciltsiz","8":"pa_tur-kitap","9":"pa_yayinevi-athica-yayinlari","10":"pa_yazar-akumi-agitogi","12":"first","13":"instock","14":"sale","15":"shipping-taxable","16":"purchasable","17":"product-type-simple"},"_links":{"self":[{"href":"https:\/\/roveyayinevi.com.tr\/index.php\/wp-json\/wp\/v2\/product\/762247","targetHints":{"allow":["GET"]}}],"collection":[{"href":"https:\/\/roveyayinevi.com.tr\/index.php\/wp-json\/wp\/v2\/product"}],"about":[{"href":"https:\/\/roveyayinevi.com.tr\/index.php\/wp-json\/wp\/v2\/types\/product"}],"wp:attachment":[{"href":"https:\/\/roveyayinevi.com.tr\/index.php\/wp-json\/wp\/v2\/media?parent=762247"}],"wp:term":[{"taxonomy":"product_brand","embeddable":true,"href":"https:\/\/roveyayinevi.com.tr\/index.php\/wp-json\/wp\/v2\/product_brand?post=762247"},{"taxonomy":"product_cat","embeddable":true,"href":"https:\/\/roveyayinevi.com.tr\/index.php\/wp-json\/wp\/v2\/product_cat?post=762247"},{"taxonomy":"product_tag","embeddable":true,"href":"https:\/\/roveyayinevi.com.tr\/index.php\/wp-json\/wp\/v2\/product_tag?post=762247"}],"curies":[{"name":"wp","href":"https:\/\/api.w.org\/{rel}","templated":true}]}}