{"id":762242,"date":"2025-08-28T10:02:49","date_gmt":"2025-08-28T07:02:49","guid":{"rendered":"https:\/\/roveyayinevi.com.tr\/index.php\/urun\/zihin-acan-nokta-birlestirme-kiyafetler\/"},"modified":"2026-04-15T03:27:14","modified_gmt":"2026-04-15T00:27:14","slug":"zihin-acan-nokta-birlestirme-kiyafetler","status":"publish","type":"product","link":"https:\/\/roveyayinevi.com.tr\/index.php\/urun\/zihin-acan-nokta-birlestirme-kiyafetler\/","title":{"rendered":"Zihin A\u00e7an Nokta Birle\u015ftirme K\u0131yafetler"},"content":{"rendered":"<p>Nokta birle\u015ftirme, \u00e7ocu\u011funuzun say\u0131larla i\u015faretlenmi\u015f noktalar aras\u0131nda \u00e7izgi \u00e7ekerek belirli bir resmi ortaya \u00e7\u0131karmas\u0131n\u0131 gerektiren bir etkinliktir. Bu t\u00fcr etkinlikler \u00e7ocu\u011funuzun mant\u0131ksal d\u00fc\u015f\u00fcnme yetene\u011fini ve el becerilerini geli\u015ftirirken, ayn\u0131 zamanda dikkatini ve g\u00f6rsel alg\u0131s\u0131n\u0131 g\u00fc\u00e7lendirir. Ayr\u0131ca \u00e7ocu\u011funuz do\u011fru resmi ortaya \u00e7\u0131kard\u0131\u011f\u0131nda ba\u015far\u0131 duygusu beslenir ve \u00f6z g\u00fcveni artar.   Renkli ve ilgi \u00e7ekici g\u00f6rsellerle haz\u0131rlanm\u0131\u015f egzersizlerden olu\u015fan Zihin A\u00e7an Nokta Birle\u015ftirme: K\u0131yafetler kitab\u0131, \u00e7ocu\u011funuzun dikkatini \u00e7ekerken, ayn\u0131 zamanda \u00f6\u011frenmeyi de keyifli h\u00e2le getirecek. <\/p>\n","protected":false},"excerpt":{"rendered":"<p>Nokta birle\u015ftirme, \u00e7ocu\u011funuzun say\u0131larla i\u015faretlenmi\u015f noktalar aras\u0131nda \u00e7izgi \u00e7ekerek belirli bir resmi ortaya \u00e7\u0131karmas\u0131n\u0131 gerektiren bir etkinliktir. Bu t\u00fcr etkinlikler \u00e7ocu\u011funuzun mant\u0131ksal d\u00fc\u015f\u00fcnme yetene\u011fini ve el<span class=\"excerpt-hellip\"> [\u2026]<\/span><\/p>\n","protected":false},"featured_media":0,"template":"","meta":{"_monsterinsights_skip_tracking":false,"_monsterinsights_sitenote_active":false,"_monsterinsights_sitenote_note":"","_monsterinsights_sitenote_category":0},"product_brand":[],"product_cat":[12274,24599],"product_tag":[],"class_list":{"0":"post-762242","1":"product","2":"type-product","3":"status-publish","5":"product_cat-cocuk-ve-genclik-kitaplari","6":"product_cat-zeka-gelisimi","7":"pa_cilt-ciltsiz","8":"pa_tur-kitap","9":"pa_yayinevi-cocuk-gelisimi-yayinlari","10":"pa_yazar-tugce-turguner","12":"first","13":"instock","14":"sale","15":"shipping-taxable","16":"purchasable","17":"product-type-simple"},"_links":{"self":[{"href":"https:\/\/roveyayinevi.com.tr\/index.php\/wp-json\/wp\/v2\/product\/762242","targetHints":{"allow":["GET"]}}],"collection":[{"href":"https:\/\/roveyayinevi.com.tr\/index.php\/wp-json\/wp\/v2\/product"}],"about":[{"href":"https:\/\/roveyayinevi.com.tr\/index.php\/wp-json\/wp\/v2\/types\/product"}],"wp:attachment":[{"href":"https:\/\/roveyayinevi.com.tr\/index.php\/wp-json\/wp\/v2\/media?parent=762242"}],"wp:term":[{"taxonomy":"product_brand","embeddable":true,"href":"https:\/\/roveyayinevi.com.tr\/index.php\/wp-json\/wp\/v2\/product_brand?post=762242"},{"taxonomy":"product_cat","embeddable":true,"href":"https:\/\/roveyayinevi.com.tr\/index.php\/wp-json\/wp\/v2\/product_cat?post=762242"},{"taxonomy":"product_tag","embeddable":true,"href":"https:\/\/roveyayinevi.com.tr\/index.php\/wp-json\/wp\/v2\/product_tag?post=762242"}],"curies":[{"name":"wp","href":"https:\/\/api.w.org\/{rel}","templated":true}]}}