{"id":762237,"date":"2025-08-28T10:02:39","date_gmt":"2025-08-28T07:02:39","guid":{"rendered":"https:\/\/roveyayinevi.com.tr\/index.php\/urun\/teokratik-devlet-ve-laik-devlet\/"},"modified":"2026-04-15T03:27:14","modified_gmt":"2026-04-15T00:27:14","slug":"teokratik-devlet-ve-laik-devlet","status":"publish","type":"product","link":"https:\/\/roveyayinevi.com.tr\/index.php\/urun\/teokratik-devlet-ve-laik-devlet\/","title":{"rendered":"Teokratik Devlet ve Laik Devlet"},"content":{"rendered":"<p>\u201cDine ba\u011fl\u0131l\u0131\u011f\u0131 kan\u0131tlama yollar\u0131ndan biri de, ba\u015fka dinden olanlara kar\u015f\u0131 g\u00f6sterilen nefret ve d\u00fc\u015fmanl\u0131kt\u0131r. Dolay\u0131s\u0131yla teokratik devlette, devlet y\u00f6netiminin ba\u015f\u0131nda bulunanlardan tutun da en k\u00fc\u00e7\u00fck bir memura kadar herkes, ger\u00e7ek iman ve kanaatleri ne olursa olsun, dindarl\u0131k satmaya, dindarl\u0131\u011f\u0131yla dikkat \u00e7ekmeye, ba\u015fka dine mensup ki\u015fi ve topluluklara kar\u015f\u0131 da nefret ve d\u00fc\u015fmanl\u0131k besler gibi g\u00f6r\u00fcnmeye \u00e7al\u0131\u015f\u0131r. B\u00fct\u00fcn \u00fclkede ikiy\u00fczl\u00fc bir dindarl\u0131k yar\u0131\u015f\u0131 ba\u015flar, b\u00fct\u00fcn \u00fclkeyi ba\u011fnazl\u0131k havas\u0131 kaplar.\u201d T\u00fcrk Devrimi\u2019nin ve Alt\u0131 Ok\u2019un \u00f6nemli kazan\u0131mlar\u0131ndan biri olan Laiklik ilkesinin ne denli ya\u015famsal oldu\u011fu, i\u00e7inde bulundu\u011fumuz d\u00f6nemde \u00e7ok daha iyi anla\u015f\u0131lmakta. Cumhuriyet\u2019in laikle\u015fme yolunda att\u0131\u011f\u0131 ilk ad\u0131mlar\u0131n, 3 Mart 1924\u2019\u00fcn \u00fczerinden tam bir y\u00fczy\u0131l ge\u00e7ti; bu ilkenin anayasal g\u00fcvenceye kavu\u015fmas\u0131 ise 1937 y\u0131l\u0131nda olmu\u015ftu. Buna Kar\u015f\u0131n devlet y\u00f6netiminde laikli\u011fi hi\u00e7e sayan, akla ve bilime ayk\u0131r\u0131 bir y\u00f6neli\u015fin oldu\u011fu g\u00f6r\u00fcl\u00fcyor. Ordinary\u00fcs Profes\u00f6r Sadri Maksudi Arsal\u2019\u0131n, Tanziman\u2019\u0131n y\u00fcz\u00fcnc\u00fc y\u0131l\u0131 nedeniyle 1939 y\u0131l\u0131nda kaleme ald\u0131\u011f\u0131 bu eser, laiklikten kopan devlet y\u00f6netimlerinin ba\u015f\u0131na nelerin gelece\u011fini \u00e7ok a\u00e7\u0131k \u015fekilde ortaya koyuyor, laikli\u011fe hava gibi, su gibi gereksinmemiz oldu\u011funu tarihsel ger\u00e7eklerle kan\u0131tl\u0131yor ve gelece\u011fe \u0131\u015f\u0131k tutuyor. <\/p>\n","protected":false},"excerpt":{"rendered":"<p>\u201cDine ba\u011fl\u0131l\u0131\u011f\u0131 kan\u0131tlama yollar\u0131ndan biri de, ba\u015fka dinden olanlara kar\u015f\u0131 g\u00f6sterilen nefret ve d\u00fc\u015fmanl\u0131kt\u0131r. Dolay\u0131s\u0131yla teokratik devlette, devlet y\u00f6netiminin ba\u015f\u0131nda bulunanlardan tutun da en k\u00fc\u00e7\u00fck bir<span class=\"excerpt-hellip\"> [\u2026]<\/span><\/p>\n","protected":false},"featured_media":0,"template":"","meta":{"_monsterinsights_skip_tracking":false,"_monsterinsights_sitenote_active":false,"_monsterinsights_sitenote_note":"","_monsterinsights_sitenote_category":0},"product_brand":[],"product_cat":[13590,12337],"product_tag":[],"class_list":{"0":"post-762237","1":"product","2":"type-product","3":"status-publish","5":"product_cat-arastirma-inceleme-politika-siyaset","6":"product_cat-politika-siyaset","7":"pa_cilt-ciltsiz","8":"pa_tur-kitap","9":"pa_yayinevi-cumhuriyet-kitaplari","10":"pa_yazar-sadri-maksudi-arsal","12":"first","13":"instock","14":"sale","15":"shipping-taxable","16":"purchasable","17":"product-type-simple"},"_links":{"self":[{"href":"https:\/\/roveyayinevi.com.tr\/index.php\/wp-json\/wp\/v2\/product\/762237","targetHints":{"allow":["GET"]}}],"collection":[{"href":"https:\/\/roveyayinevi.com.tr\/index.php\/wp-json\/wp\/v2\/product"}],"about":[{"href":"https:\/\/roveyayinevi.com.tr\/index.php\/wp-json\/wp\/v2\/types\/product"}],"wp:attachment":[{"href":"https:\/\/roveyayinevi.com.tr\/index.php\/wp-json\/wp\/v2\/media?parent=762237"}],"wp:term":[{"taxonomy":"product_brand","embeddable":true,"href":"https:\/\/roveyayinevi.com.tr\/index.php\/wp-json\/wp\/v2\/product_brand?post=762237"},{"taxonomy":"product_cat","embeddable":true,"href":"https:\/\/roveyayinevi.com.tr\/index.php\/wp-json\/wp\/v2\/product_cat?post=762237"},{"taxonomy":"product_tag","embeddable":true,"href":"https:\/\/roveyayinevi.com.tr\/index.php\/wp-json\/wp\/v2\/product_tag?post=762237"}],"curies":[{"name":"wp","href":"https:\/\/api.w.org\/{rel}","templated":true}]}}