{"id":762235,"date":"2025-08-28T10:02:35","date_gmt":"2025-08-28T07:02:35","guid":{"rendered":"https:\/\/roveyayinevi.com.tr\/index.php\/urun\/italyan-masallari-2\/"},"modified":"2026-04-15T03:27:14","modified_gmt":"2026-04-15T00:27:14","slug":"italyan-masallari-2","status":"publish","type":"product","link":"https:\/\/roveyayinevi.com.tr\/index.php\/urun\/italyan-masallari-2\/","title":{"rendered":"\u0130talyan Masallar\u0131"},"content":{"rendered":"<p>20. y\u00fczy\u0131l d\u00fcnya edebiyat\u0131n\u0131n en \u00f6nde gelen, en sevilen yazarlar\u0131ndan Italo Calvino, bu kez \u0130talya\u2019n\u0131n farkl\u0131 b\u00f6lgelerinin sesini ta\u015f\u0131yan masallarla \u00e7\u0131k\u0131yor kar\u015f\u0131m\u0131za. \u0130lk kez 1956\u2019da yay\u0131mlanan \u0130talyan Masallar\u0131\u2019nda Calvino merakl\u0131 bir ara\u015ft\u0131rmac\u0131, titiz bir etnograf ama en \u00e7ok da bir yazar olarak kendini g\u00f6steriyor: Ligurya\u2019dan Veneto\u2019ya, Emilia-Romagna\u2019dan Sicilya\u2019ya, \u00fclkesinin farkl\u0131 b\u00f6lgelerine ait masallardan bir se\u00e7ki olu\u015fturmakla kalm\u0131yor, de\u011fi\u015fik leh\u00e7elerdeki metinleri yeniden yaz\u0131yor ve \u0130talyan masal d\u00fcnyas\u0131na bir b\u00fct\u00fcnl\u00fck kazand\u0131r\u0131yor. \u0130talyanca konu\u015fulan b\u00f6lgelerin harikalarla dolu fantastik haf\u0131zas\u0131n\u0131 ironi ve \u015fiirsellikle ortaya koyan bu k\u0131sa metinler, Calvino\u2019nun dokunu\u015flar\u0131yla yeniden hayat buluyor.   \u201cSihirli bir kitap, bir klasik.\u201d Time   \u201cHer ya\u015ftan okur i\u00e7in\u2026 Bir ba\u015fyap\u0131t.\u201d The Wall Street Journal   \u201c\u0130talya\u2019n\u0131n en b\u00fcy\u00fck edebiyat ustalar\u0131ndan birinin yeniden kaleme ald\u0131\u011f\u0131 bu geleneksel \u0130talyan masallar\u0131, birer hazine.\u201d Los Angeles Times  <\/p>\n","protected":false},"excerpt":{"rendered":"<p>20. y\u00fczy\u0131l d\u00fcnya edebiyat\u0131n\u0131n en \u00f6nde gelen, en sevilen yazarlar\u0131ndan Italo Calvino, bu kez \u0130talya\u2019n\u0131n farkl\u0131 b\u00f6lgelerinin sesini ta\u015f\u0131yan masallarla \u00e7\u0131k\u0131yor kar\u015f\u0131m\u0131za. \u0130lk kez 1956\u2019da yay\u0131mlanan<span class=\"excerpt-hellip\"> [\u2026]<\/span><\/p>\n","protected":false},"featured_media":0,"template":"","meta":{"_monsterinsights_skip_tracking":false,"_monsterinsights_sitenote_active":false,"_monsterinsights_sitenote_note":"","_monsterinsights_sitenote_category":0},"product_brand":[],"product_cat":[12291,12711],"product_tag":[],"class_list":{"0":"post-762235","1":"product","2":"type-product","3":"status-publish","5":"product_cat-edebiyat","6":"product_cat-roman-oyku","7":"pa_cilt-ciltsiz","8":"pa_tur-kitap","9":"pa_yayinevi-everest-yayinlari","10":"pa_yazar-italo-calvino","12":"first","13":"instock","14":"sale","15":"shipping-taxable","16":"purchasable","17":"product-type-simple"},"_links":{"self":[{"href":"https:\/\/roveyayinevi.com.tr\/index.php\/wp-json\/wp\/v2\/product\/762235","targetHints":{"allow":["GET"]}}],"collection":[{"href":"https:\/\/roveyayinevi.com.tr\/index.php\/wp-json\/wp\/v2\/product"}],"about":[{"href":"https:\/\/roveyayinevi.com.tr\/index.php\/wp-json\/wp\/v2\/types\/product"}],"wp:attachment":[{"href":"https:\/\/roveyayinevi.com.tr\/index.php\/wp-json\/wp\/v2\/media?parent=762235"}],"wp:term":[{"taxonomy":"product_brand","embeddable":true,"href":"https:\/\/roveyayinevi.com.tr\/index.php\/wp-json\/wp\/v2\/product_brand?post=762235"},{"taxonomy":"product_cat","embeddable":true,"href":"https:\/\/roveyayinevi.com.tr\/index.php\/wp-json\/wp\/v2\/product_cat?post=762235"},{"taxonomy":"product_tag","embeddable":true,"href":"https:\/\/roveyayinevi.com.tr\/index.php\/wp-json\/wp\/v2\/product_tag?post=762235"}],"curies":[{"name":"wp","href":"https:\/\/api.w.org\/{rel}","templated":true}]}}