{"id":762234,"date":"2025-08-28T10:02:34","date_gmt":"2025-08-28T07:02:34","guid":{"rendered":"https:\/\/roveyayinevi.com.tr\/index.php\/urun\/sermayenin-dogasi-foucaultdan-sonra-marx\/"},"modified":"2026-04-15T03:27:14","modified_gmt":"2026-04-15T00:27:14","slug":"sermayenin-dogasi-foucaultdan-sonra-marx","status":"publish","type":"product","link":"https:\/\/roveyayinevi.com.tr\/index.php\/urun\/sermayenin-dogasi-foucaultdan-sonra-marx\/","title":{"rendered":"Sermayenin Do\u011fas\u0131: Foucault\u2019dan Sonra Marx"},"content":{"rendered":"<p>Sanall\u0131\u011f\u0131 benimsememize kar\u015f\u0131n sahicili\u011fe \u00f6zlem duyuyoruz. Gelece\u011fe h\u0131zla at\u0131lmam\u0131za ra\u011fmen ge\u00e7mi\u015fin hasretini \u00e7ekiyoruz. Sermayenin Do\u011fas\u0131 toplumsal ya\u015fam\u0131n mek\u00e2nsal ve zamansal koordinatlar\u0131ndaki s\u00fcregelen rahats\u0131zl\u0131\u011f\u0131n tam ortas\u0131ndaki bu gerilimi a\u00e7\u0131klamay\u0131 ama\u00e7lar. Bunu, Marx ve Foucault\u2019yu ele\u015ftirel ger\u00e7ekli\u011fin merce\u011finden tekrar okuyarak ve toplumsal teorilerinin esastan uyu\u015fmad\u0131\u011f\u0131 y\u00f6n\u00fcndeki yayg\u0131n kan\u0131y\u0131 alt\u00fcst ederek yapar. Netice Marx\u2019\u0131n \u201ctoplumsal \u00fcretim ili\u015fkileri\u201d ile Foucault\u2019nun \u201cdisipline eden iktidar\u0131\u201d aras\u0131nda konumlanan ayd\u0131nlat\u0131c\u0131 bir sentezdir. Yazar bu sentezden eylem kapasitemizin maddi nedeninin bir modelini in\u015fa eder: sermaye, toplumun genetik kodu. Kitapta Foucault\u2019nun iktidar kavram\u0131 Marx\u2019\u0131n analiti\u011finin merkezine yerle\u015ftirilir. \u0130ktidar mant\u0131\u011f\u0131 ve de\u011fer yasas\u0131; disipline eden teknolojiler ve sermaye birikiminin geni\u015fleyip y\u00fckselen sarmallar\u0131 i\u00e7 i\u00e7e ge\u00e7erek birbirine kar\u0131\u015f\u0131r. Foucault iktidar\u0131n \u201cnas\u0131l\u0131n\u0131\u201d Marx ise \u201cnedenini\u201d a\u00e7\u0131klar. Kitapta ikisinin birlikte postmodernitenin ko\u015fullar\u0131n\u0131 \u015fekillendiren ge\u00e7erli \u00fcretim ili\u015fkilerinin etkin mant\u0131\u011f\u0131n\u0131 tan\u0131mlad\u0131klar\u0131 \u00f6ne s\u00fcr\u00fcl\u00fcyor. Kavramsal a\u00e7\u0131dan \u00f6zg\u00fcn ve a\u00e7\u0131k\u00e7a yaz\u0131lm\u0131\u015f bu ikonoklastik eser; toplum, iktisat ve siyasal teori ile ele\u015ftirel organizasyon, y\u00f6netim \u00e7al\u0131\u015fmalar\u0131 ve postmodernizm alanlar\u0131nda okuyan ve ara\u015ft\u0131ranlarca ho\u015fnutlukla kar\u015f\u0131lanacakt\u0131r. RICHARD MARSDEN, do\u00e7entlik yapt\u0131\u011f\u0131 Kanada\u2019daki a\u00e7\u0131k Athabasca \u00dcniversitesi\u2019nde yazarl\u0131k, edit\u00f6rl\u00fck ve e\u011fitmenlik yap\u0131yor. <\/p>\n","protected":false},"excerpt":{"rendered":"<p>Sanall\u0131\u011f\u0131 benimsememize kar\u015f\u0131n sahicili\u011fe \u00f6zlem duyuyoruz. Gelece\u011fe h\u0131zla at\u0131lmam\u0131za ra\u011fmen ge\u00e7mi\u015fin hasretini \u00e7ekiyoruz. Sermayenin Do\u011fas\u0131 toplumsal ya\u015fam\u0131n mek\u00e2nsal ve zamansal koordinatlar\u0131ndaki s\u00fcregelen rahats\u0131zl\u0131\u011f\u0131n tam ortas\u0131ndaki bu<span class=\"excerpt-hellip\"> [\u2026]<\/span><\/p>\n","protected":false},"featured_media":0,"template":"","meta":{"_monsterinsights_skip_tracking":false,"_monsterinsights_sitenote_active":false,"_monsterinsights_sitenote_note":"","_monsterinsights_sitenote_category":0},"product_brand":[],"product_cat":[16038,12388],"product_tag":[],"class_list":{"0":"post-762234","1":"product","2":"type-product","3":"status-publish","5":"product_cat-arastirma-inceleme-referans-felsefe","6":"product_cat-felsefe","7":"pa_cilt-ciltsiz","8":"pa_tur-kitap","9":"pa_yayinevi-ayrinti-yayinlari","10":"pa_yazar-richard-marsden","12":"first","13":"instock","14":"sale","15":"shipping-taxable","16":"purchasable","17":"product-type-simple"},"_links":{"self":[{"href":"https:\/\/roveyayinevi.com.tr\/index.php\/wp-json\/wp\/v2\/product\/762234","targetHints":{"allow":["GET"]}}],"collection":[{"href":"https:\/\/roveyayinevi.com.tr\/index.php\/wp-json\/wp\/v2\/product"}],"about":[{"href":"https:\/\/roveyayinevi.com.tr\/index.php\/wp-json\/wp\/v2\/types\/product"}],"wp:attachment":[{"href":"https:\/\/roveyayinevi.com.tr\/index.php\/wp-json\/wp\/v2\/media?parent=762234"}],"wp:term":[{"taxonomy":"product_brand","embeddable":true,"href":"https:\/\/roveyayinevi.com.tr\/index.php\/wp-json\/wp\/v2\/product_brand?post=762234"},{"taxonomy":"product_cat","embeddable":true,"href":"https:\/\/roveyayinevi.com.tr\/index.php\/wp-json\/wp\/v2\/product_cat?post=762234"},{"taxonomy":"product_tag","embeddable":true,"href":"https:\/\/roveyayinevi.com.tr\/index.php\/wp-json\/wp\/v2\/product_tag?post=762234"}],"curies":[{"name":"wp","href":"https:\/\/api.w.org\/{rel}","templated":true}]}}