{"id":762233,"date":"2025-08-28T10:02:32","date_gmt":"2025-08-28T07:02:32","guid":{"rendered":"https:\/\/roveyayinevi.com.tr\/index.php\/urun\/depresyonun-estetigi-ve-politikasi-yerinde-saymak\/"},"modified":"2026-04-15T03:27:14","modified_gmt":"2026-04-15T00:27:14","slug":"depresyonun-estetigi-ve-politikasi-yerinde-saymak","status":"publish","type":"product","link":"https:\/\/roveyayinevi.com.tr\/index.php\/urun\/depresyonun-estetigi-ve-politikasi-yerinde-saymak\/","title":{"rendered":"Depresyonun Esteti\u011fi ve Politikas\u0131: Yerinde Saymak"},"content":{"rendered":"<p>\u201cDepresyonda zaman elastikle\u015fir, belirginle\u015fir, sonra da k\u0131r\u0131l\u0131r.\u201d   Zamana ve nas\u0131l oldu\u011fumuza dair gu\u0308ndelik sorular, depresyondaki ki\u015finin ho\u015flanmad\u0131\u011f\u0131, hatta ka\u00e7\u0131nd\u0131\u011f\u0131 sorulard\u0131r. \u00dcstelik ne sadece ki\u015fiye atfedilebilirler ne de ki\u015finin psikolojisine; derin bir \u015fekilde politiktirler.   Depresyonun Esteti\u011fi ve Politikas\u0131\u2019nda Danimarkal\u0131 akademisyen Mikkel Krause Frantzen, d\u00f6rt \u00f6nemli ku\u0308ltu\u0308rel eseri analiz ederek depresyonun yaln\u0131zca bireysel bir psikopatoloji de\u011fil, ayn\u0131 zamanda ku\u0308ltu\u0308rel ve felsefi bir sorun oldu\u011funu savunuyor.   Frantzen, Michel Houellebecq ve David Foster Wallace\u2019\u0131n eserlerini, Claire Fontaine\u2019in enstalasyon sanat\u0131n\u0131 ve Lars von Trier\u2019in Melankoli filmini depresyonun zamansall\u0131k sorunuyla ba\u011flant\u0131l\u0131 oldu\u011fu g\u00f6ru\u0308\u015fu\u0308 \u0131\u015f\u0131\u011f\u0131nda incelerken, Bat\u0131 toplumundaki gelecek kayb\u0131 ve s\u0131k\u0131\u015fm\u0131\u015fl\u0131k hissine dikkat \u00e7ekiyor. Bu sanat eserlerinde depresyonun bi\u00e7im ve i\u00e7erik a\u00e7\u0131s\u0131ndan nas\u0131l tasvir edildi\u011fini ayr\u0131nt\u0131l\u0131, zengin ve \u00f6zgu\u0308n okumalarla analiz ediyor. Ayr\u0131ca bu eserleri, ilgili sanat\u00e7\u0131lar\u0131n eserlerinin daha geni\u015f perspektifine yerle\u015ftirerek kendi okumalar\u0131n\u0131 di\u011fer yorumcular\u0131nkilerle kar\u015f\u0131la\u015ft\u0131r\u0131yor ve bunlar\u0131 Kierkegaard, Levinas, Husserl, Heidegger gibi farkl\u0131 filozoflara ve yazarlara at\u0131fta bulunarak destekliyor.   Depresyonun Esteti\u011fi ve Politikas\u0131, depresyonun karma\u015f\u0131kl\u0131\u011f\u0131n\u0131, zaman ve toplumla olan ili\u015fkisini irdeleyen, incelikli ve du\u0308\u015fu\u0308ndu\u0308ru\u0308cu\u0308 bir kitap. Hem bireysel hem de toplumsal du\u0308zeyde depresyonun tedavi olas\u0131l\u0131\u011f\u0131na dair \u00f6nemli sorular\u0131 gu\u0308ndeme getiriyor.   \u201cDepresyonun; tarihin sona erdi\u011fi, gelece\u011fin kapand\u0131\u011f\u0131, sonsuza kadar donduruldu\u011funa dair (patolojik) bir his oldu\u011funu \u00f6ne su\u0308ru\u0308yorum. Tu\u0308m gelecekleri feshetmi\u015f bir \u015fimdiki zaman.\u201d <\/p>\n","protected":false},"excerpt":{"rendered":"<p>\u201cDepresyonda zaman elastikle\u015fir, belirginle\u015fir, sonra da k\u0131r\u0131l\u0131r.\u201d Zamana ve nas\u0131l oldu\u011fumuza dair gu\u0308ndelik sorular, depresyondaki ki\u015finin ho\u015flanmad\u0131\u011f\u0131, hatta ka\u00e7\u0131nd\u0131\u011f\u0131 sorulard\u0131r. \u00dcstelik ne sadece ki\u015fiye atfedilebilirler ne<span class=\"excerpt-hellip\"> [\u2026]<\/span><\/p>\n","protected":false},"featured_media":0,"template":"","meta":{"_monsterinsights_skip_tracking":false,"_monsterinsights_sitenote_active":false,"_monsterinsights_sitenote_note":"","_monsterinsights_sitenote_category":0},"product_brand":[],"product_cat":[12358,12357],"product_tag":[],"class_list":{"0":"post-762233","1":"product","2":"type-product","3":"status-publish","5":"product_cat-genel-psikoloji","6":"product_cat-psikoloji","7":"pa_cilt-ciltsiz","8":"pa_tur-kitap","9":"pa_yayinevi-ayrinti-yayinlari","10":"pa_yazar-mikkel-krause-frantzen","12":"first","13":"instock","14":"sale","15":"shipping-taxable","16":"purchasable","17":"product-type-simple"},"_links":{"self":[{"href":"https:\/\/roveyayinevi.com.tr\/index.php\/wp-json\/wp\/v2\/product\/762233","targetHints":{"allow":["GET"]}}],"collection":[{"href":"https:\/\/roveyayinevi.com.tr\/index.php\/wp-json\/wp\/v2\/product"}],"about":[{"href":"https:\/\/roveyayinevi.com.tr\/index.php\/wp-json\/wp\/v2\/types\/product"}],"wp:attachment":[{"href":"https:\/\/roveyayinevi.com.tr\/index.php\/wp-json\/wp\/v2\/media?parent=762233"}],"wp:term":[{"taxonomy":"product_brand","embeddable":true,"href":"https:\/\/roveyayinevi.com.tr\/index.php\/wp-json\/wp\/v2\/product_brand?post=762233"},{"taxonomy":"product_cat","embeddable":true,"href":"https:\/\/roveyayinevi.com.tr\/index.php\/wp-json\/wp\/v2\/product_cat?post=762233"},{"taxonomy":"product_tag","embeddable":true,"href":"https:\/\/roveyayinevi.com.tr\/index.php\/wp-json\/wp\/v2\/product_tag?post=762233"}],"curies":[{"name":"wp","href":"https:\/\/api.w.org\/{rel}","templated":true}]}}