{"id":762232,"date":"2025-08-28T10:02:30","date_gmt":"2025-08-28T07:02:30","guid":{"rendered":"https:\/\/roveyayinevi.com.tr\/index.php\/urun\/bir-ruya-icin-gerekli-seyler\/"},"modified":"2026-04-15T03:27:14","modified_gmt":"2026-04-15T00:27:14","slug":"bir-ruya-icin-gerekli-seyler","status":"publish","type":"product","link":"https:\/\/roveyayinevi.com.tr\/index.php\/urun\/bir-ruya-icin-gerekli-seyler\/","title":{"rendered":"Bir Ru\u0308ya \u0130\u00e7in Gerekli \u015eeyler"},"content":{"rendered":"<p>Bir Ru\u0308y\u00e2 \u0130\u00e7in Gerekli \u015eeyler Betu\u0308l Tar\u0131man\u2019\u0131n \u201cdu\u0308nyaya ait olamama\u201d hallerinin bir izlek olarak su\u0308regeldi\u011fi ru\u0308y\u00e2lar toplam\u0131n\u0131 bir araya getiriyor. \u00c7o\u011funlu\u011fun ve hu\u0308ku\u0308mlerinin kar\u015f\u0131s\u0131nda di\u011feri olarak ya\u015fama u\u011fra\u015f\u0131n\u0131n, d\u0131\u015fardanl\u0131\u011f\u0131n gerilimiyle \u015fiire varm\u0131\u015f ru\u0308y\u00e2lar&#8230; Kimi kez \u00f6fkenin yu\u0308ksek sesiyle, kimi kez hu\u0308zu\u0308nk\u00e2r t\u0131n\u0131lar ta\u015f\u0131yan imgelerin f\u0131s\u0131lt\u0131s\u0131yla bizi \u201ckad\u0131n olu\u015f\u201da dair o mu\u0308thi\u015f ru\u0308y\u00e2n\u0131n benzersiz deneyimlerine davet eden \u015fiirler. Ru\u0308y\u00e2s\u0131zl\u0131k da \u00e7eli\u015fkiler, zorbal\u0131klar, e\u015fitsizlik ve adaletsizliklerle dolu bu du\u0308nyada bask\u0131n gelebilen insanl\u0131k yazg\u0131lar\u0131ndan biri ama Tar\u0131man\u2019\u0131n \u201cgerekli \u015feyler\u201di yine de hep ru\u0308y\u00e2lara tutunmaktan, ru\u0308y\u00e2lar\u0131n geni\u015f ve imk\u00e2nl\u0131 imk\u00e2ns\u0131z ger\u00e7ekliklerinden yana&#8230; Ne de olsa ru\u0308y\u00e2, bizim ola\u011fan ya\u015fam alg\u0131lar\u0131ndan koparak hayra yormak istedi\u011fimiz bir ba\u015fka h\u00e2l: \u015eiir: Kim bilir, unutsak da korumaya devam etsek de, belki de o eski sevgilimiz&#8230; <\/p>\n","protected":false},"excerpt":{"rendered":"<p>Bir Ru\u0308y\u00e2 \u0130\u00e7in Gerekli \u015eeyler Betu\u0308l Tar\u0131man\u2019\u0131n \u201cdu\u0308nyaya ait olamama\u201d hallerinin bir izlek olarak su\u0308regeldi\u011fi ru\u0308y\u00e2lar toplam\u0131n\u0131 bir araya getiriyor. \u00c7o\u011funlu\u011fun ve hu\u0308ku\u0308mlerinin kar\u015f\u0131s\u0131nda di\u011feri olarak<span class=\"excerpt-hellip\"> [\u2026]<\/span><\/p>\n","protected":false},"featured_media":0,"template":"","meta":{"_monsterinsights_skip_tracking":false,"_monsterinsights_sitenote_active":false,"_monsterinsights_sitenote_note":"","_monsterinsights_sitenote_category":0},"product_brand":[],"product_cat":[12291,12509],"product_tag":[],"class_list":{"0":"post-762232","1":"product","2":"type-product","3":"status-publish","5":"product_cat-edebiyat","6":"product_cat-siir","7":"pa_cilt-ciltsiz","8":"pa_tur-kitap","9":"pa_yayinevi-ayrinti-yayinlari","10":"pa_yazar-betul-tariman","12":"first","13":"instock","14":"sale","15":"shipping-taxable","16":"purchasable","17":"product-type-simple"},"_links":{"self":[{"href":"https:\/\/roveyayinevi.com.tr\/index.php\/wp-json\/wp\/v2\/product\/762232","targetHints":{"allow":["GET"]}}],"collection":[{"href":"https:\/\/roveyayinevi.com.tr\/index.php\/wp-json\/wp\/v2\/product"}],"about":[{"href":"https:\/\/roveyayinevi.com.tr\/index.php\/wp-json\/wp\/v2\/types\/product"}],"wp:attachment":[{"href":"https:\/\/roveyayinevi.com.tr\/index.php\/wp-json\/wp\/v2\/media?parent=762232"}],"wp:term":[{"taxonomy":"product_brand","embeddable":true,"href":"https:\/\/roveyayinevi.com.tr\/index.php\/wp-json\/wp\/v2\/product_brand?post=762232"},{"taxonomy":"product_cat","embeddable":true,"href":"https:\/\/roveyayinevi.com.tr\/index.php\/wp-json\/wp\/v2\/product_cat?post=762232"},{"taxonomy":"product_tag","embeddable":true,"href":"https:\/\/roveyayinevi.com.tr\/index.php\/wp-json\/wp\/v2\/product_tag?post=762232"}],"curies":[{"name":"wp","href":"https:\/\/api.w.org\/{rel}","templated":true}]}}