{"id":762229,"date":"2025-08-28T10:01:50","date_gmt":"2025-08-28T07:01:50","guid":{"rendered":"https:\/\/roveyayinevi.com.tr\/index.php\/urun\/rehin-alinmis-bir-bati\/"},"modified":"2026-04-15T03:27:14","modified_gmt":"2026-04-15T00:27:14","slug":"rehin-alinmis-bir-bati","status":"publish","type":"product","link":"https:\/\/roveyayinevi.com.tr\/index.php\/urun\/rehin-alinmis-bir-bati\/","title":{"rendered":"Rehin Al\u0131nm\u0131\u015f Bir Bat\u0131"},"content":{"rendered":"<p>Yak\u0131n d\u00f6nem Avrupa tarihine ayna tutan Rehin Al\u0131nm\u0131\u015f Bir Bat\u0131, gen\u00e7 Milan Kundera\u2019n\u0131n 1967\u2019de Prag Bahar\u0131\u2019n\u0131n ortas\u0131nda, \u00c7ek Yazarlar Birli\u011fi\u2019ne verdi\u011fi \u201cEdebiyat ve K\u00fc\u00e7\u00fck Uluslar\u201d ba\u015fl\u0131kl\u0131 konferans ile 1983 y\u0131l\u0131nda Le D\u00e9bat dergisi i\u00e7in yazd\u0131\u011f\u0131 \u201cRehin Al\u0131nm\u0131\u015f Bir Bat\u0131 ya da Orta Avrupa\u2019n\u0131n Trajedisi\u201d makalesini bir araya getiriyor.   Kundera, \u00c7ekoslovakya ve Ukrayna gibi Orta Avrupa\u2019daki \u2018k\u00fc\u00e7\u00fck uluslar\u2019\u0131n Bat\u0131 k\u00fclt\u00fcr\u00fcyle ili\u015fkilerine odaklan\u0131yor ve k\u00fclt\u00fcrel kimliklerinin giderek daha fazla tehdit alt\u0131nda oldu\u011funu savunuyor. <\/p>\n","protected":false},"excerpt":{"rendered":"<p>Yak\u0131n d\u00f6nem Avrupa tarihine ayna tutan Rehin Al\u0131nm\u0131\u015f Bir Bat\u0131, gen\u00e7 Milan Kundera\u2019n\u0131n 1967\u2019de Prag Bahar\u0131\u2019n\u0131n ortas\u0131nda, \u00c7ek Yazarlar Birli\u011fi\u2019ne verdi\u011fi \u201cEdebiyat ve K\u00fc\u00e7\u00fck Uluslar\u201d ba\u015fl\u0131kl\u0131<span class=\"excerpt-hellip\"> [\u2026]<\/span><\/p>\n","protected":false},"featured_media":0,"template":"","meta":{"_monsterinsights_skip_tracking":false,"_monsterinsights_sitenote_active":false,"_monsterinsights_sitenote_note":"","_monsterinsights_sitenote_category":0},"product_brand":[],"product_cat":[12777,12291],"product_tag":[],"class_list":{"0":"post-762229","1":"product","2":"type-product","3":"status-publish","5":"product_cat-deneme","6":"product_cat-edebiyat","7":"pa_cilt-ciltsiz","8":"pa_tur-kitap","9":"pa_yayinevi-can-yayinlari","10":"pa_yazar-milan-kundera","12":"first","13":"instock","14":"sale","15":"shipping-taxable","16":"purchasable","17":"product-type-simple"},"_links":{"self":[{"href":"https:\/\/roveyayinevi.com.tr\/index.php\/wp-json\/wp\/v2\/product\/762229","targetHints":{"allow":["GET"]}}],"collection":[{"href":"https:\/\/roveyayinevi.com.tr\/index.php\/wp-json\/wp\/v2\/product"}],"about":[{"href":"https:\/\/roveyayinevi.com.tr\/index.php\/wp-json\/wp\/v2\/types\/product"}],"wp:attachment":[{"href":"https:\/\/roveyayinevi.com.tr\/index.php\/wp-json\/wp\/v2\/media?parent=762229"}],"wp:term":[{"taxonomy":"product_brand","embeddable":true,"href":"https:\/\/roveyayinevi.com.tr\/index.php\/wp-json\/wp\/v2\/product_brand?post=762229"},{"taxonomy":"product_cat","embeddable":true,"href":"https:\/\/roveyayinevi.com.tr\/index.php\/wp-json\/wp\/v2\/product_cat?post=762229"},{"taxonomy":"product_tag","embeddable":true,"href":"https:\/\/roveyayinevi.com.tr\/index.php\/wp-json\/wp\/v2\/product_tag?post=762229"}],"curies":[{"name":"wp","href":"https:\/\/api.w.org\/{rel}","templated":true}]}}