{"id":762225,"date":"2025-08-28T10:01:43","date_gmt":"2025-08-28T07:01:43","guid":{"rendered":"https:\/\/roveyayinevi.com.tr\/index.php\/urun\/hansel-ile-greta\/"},"modified":"2026-04-15T03:27:14","modified_gmt":"2026-04-15T00:27:14","slug":"hansel-ile-greta","status":"publish","type":"product","link":"https:\/\/roveyayinevi.com.tr\/index.php\/urun\/hansel-ile-greta\/","title":{"rendered":"Hansel \u0130le Greta"},"content":{"rendered":"<p>\u201cORMANIN DER\u0130NL\u0130KLER\u0130NE\u201d   Greta karde\u015fi Hansel ile birlikte yok olma tehlikesiyle kar\u015f\u0131 kar\u015f\u0131ya olan bir orman\u0131n kenar\u0131nda babalar\u0131yla birlikte ya\u015famaktad\u0131r. Teyzeleri Doymakbilmez, Hansel ile Greta\u2019n\u0131n orman\u0131 kurtarmak i\u00e7in a\u011fa\u00e7 dikme planlar\u0131n\u0131 pek de takdirle kar\u015f\u0131lamaz. Onun derdi yiyip i\u00e7mek, olan\u0131 tu\u0308ketmek, kazanmadan harcamak, al\u0131\u015fveri\u015f yapmak, partilemek ve sadece gu\u0308nu\u0308nu\u0308 gu\u0308n etmektir.   \u0130\u015fte bu nedenle bu i\u015fgu\u0308zar, her \u015feye burnunu sokan ve \u00e7ok bilmi\u015f \u00e7ocuklar\u0131 buradan g\u00f6ndermesi gerekir. Orman\u0131n ta derinliklerine&#8230;   EN SEVD\u0130\u011e\u0130M\u0130Z H\u0130K\u00c2YELER\u0130 YEN\u0130DEN D\u00dcZENLEMEK VE HAYATA D\u00d6ND\u00dcRMEK \u0130\u00c7\u0130N B\u0130R PER\u0130 MASALI DEVR\u0130M\u0130\u2026   JEANETTE WINTERSON HANSEL \u0130LE GRETEL\u2019\u0130 YEN\u0130DEN ANLATIYOR. <\/p>\n","protected":false},"excerpt":{"rendered":"<p>\u201cORMANIN DER\u0130NL\u0130KLER\u0130NE\u201d Greta karde\u015fi Hansel ile birlikte yok olma tehlikesiyle kar\u015f\u0131 kar\u015f\u0131ya olan bir orman\u0131n kenar\u0131nda babalar\u0131yla birlikte ya\u015famaktad\u0131r. Teyzeleri Doymakbilmez, Hansel ile Greta\u2019n\u0131n orman\u0131 kurtarmak<span class=\"excerpt-hellip\"> [\u2026]<\/span><\/p>\n","protected":false},"featured_media":0,"template":"","meta":{"_monsterinsights_skip_tracking":false,"_monsterinsights_sitenote_active":false,"_monsterinsights_sitenote_note":"","_monsterinsights_sitenote_category":0},"product_brand":[],"product_cat":[12274],"product_tag":[],"class_list":{"0":"post-762225","1":"product","2":"type-product","3":"status-publish","5":"product_cat-cocuk-ve-genclik-kitaplari","6":"pa_cilt-ciltsiz","7":"pa_tur-kitap","8":"pa_yayinevi-dinozor-cocuk","9":"pa_yazar-jeanette-winterson","11":"first","12":"instock","13":"sale","14":"shipping-taxable","15":"purchasable","16":"product-type-simple"},"_links":{"self":[{"href":"https:\/\/roveyayinevi.com.tr\/index.php\/wp-json\/wp\/v2\/product\/762225","targetHints":{"allow":["GET"]}}],"collection":[{"href":"https:\/\/roveyayinevi.com.tr\/index.php\/wp-json\/wp\/v2\/product"}],"about":[{"href":"https:\/\/roveyayinevi.com.tr\/index.php\/wp-json\/wp\/v2\/types\/product"}],"wp:attachment":[{"href":"https:\/\/roveyayinevi.com.tr\/index.php\/wp-json\/wp\/v2\/media?parent=762225"}],"wp:term":[{"taxonomy":"product_brand","embeddable":true,"href":"https:\/\/roveyayinevi.com.tr\/index.php\/wp-json\/wp\/v2\/product_brand?post=762225"},{"taxonomy":"product_cat","embeddable":true,"href":"https:\/\/roveyayinevi.com.tr\/index.php\/wp-json\/wp\/v2\/product_cat?post=762225"},{"taxonomy":"product_tag","embeddable":true,"href":"https:\/\/roveyayinevi.com.tr\/index.php\/wp-json\/wp\/v2\/product_tag?post=762225"}],"curies":[{"name":"wp","href":"https:\/\/api.w.org\/{rel}","templated":true}]}}