{"id":762222,"date":"2025-08-28T10:01:38","date_gmt":"2025-08-28T07:01:38","guid":{"rendered":"https:\/\/roveyayinevi.com.tr\/index.php\/urun\/eglenceli-sorular-ilginc-cevaplar-zeki-mucitler\/"},"modified":"2026-04-15T03:27:14","modified_gmt":"2026-04-15T00:27:14","slug":"eglenceli-sorular-ilginc-cevaplar-zeki-mucitler","status":"publish","type":"product","link":"https:\/\/roveyayinevi.com.tr\/index.php\/urun\/eglenceli-sorular-ilginc-cevaplar-zeki-mucitler\/","title":{"rendered":"E\u011flenceli Sorular \u0130lgin\u00e7 Cevaplar &#8211; Zeki Mucitler"},"content":{"rendered":"<p>Nas\u0131l mucit OLAB\u0130L\u0130RS\u0130N? \u0130lk ARABAYI kim icat etti? Hangi \u0130CADIN 5127 prototipi vard\u0131? Senin de akl\u0131nda bir s\u00fcr\u00fc \u0130LG\u0130N\u00c7 soru var m\u0131? \u0130lham verici cevaplarla dolu bir kitap! Her ya\u015ftan zeki mucidin pratik, yarat\u0131c\u0131, inan\u0131lmaz bulu\u015flar\u0131n\u0131 e\u011flenceli \u00e7izimler ve ola\u011fan\u00fcst\u00fc bilgiler e\u015fli\u011finde ke\u015ffet. <\/p>\n","protected":false},"excerpt":{"rendered":"<p>Nas\u0131l mucit OLAB\u0130L\u0130RS\u0130N? \u0130lk ARABAYI kim icat etti? Hangi \u0130CADIN 5127 prototipi vard\u0131? Senin de akl\u0131nda bir s\u00fcr\u00fc \u0130LG\u0130N\u00c7 soru var m\u0131? \u0130lham verici cevaplarla dolu<span class=\"excerpt-hellip\"> [\u2026]<\/span><\/p>\n","protected":false},"featured_media":0,"template":"","meta":{"_monsterinsights_skip_tracking":false,"_monsterinsights_sitenote_active":false,"_monsterinsights_sitenote_note":"","_monsterinsights_sitenote_category":0},"product_brand":[],"product_cat":[13829,12274],"product_tag":[],"class_list":{"0":"post-762222","1":"product","2":"type-product","3":"status-publish","5":"product_cat-bilimsel-kitaplar","6":"product_cat-cocuk-ve-genclik-kitaplari","7":"pa_cilt-ciltsiz","8":"pa_tur-kitap","9":"pa_yayinevi-koc-universitesi-yayinlari","10":"pa_yazar-sue-nicholson","12":"first","13":"instock","14":"sale","15":"shipping-taxable","16":"purchasable","17":"product-type-simple"},"_links":{"self":[{"href":"https:\/\/roveyayinevi.com.tr\/index.php\/wp-json\/wp\/v2\/product\/762222","targetHints":{"allow":["GET"]}}],"collection":[{"href":"https:\/\/roveyayinevi.com.tr\/index.php\/wp-json\/wp\/v2\/product"}],"about":[{"href":"https:\/\/roveyayinevi.com.tr\/index.php\/wp-json\/wp\/v2\/types\/product"}],"wp:attachment":[{"href":"https:\/\/roveyayinevi.com.tr\/index.php\/wp-json\/wp\/v2\/media?parent=762222"}],"wp:term":[{"taxonomy":"product_brand","embeddable":true,"href":"https:\/\/roveyayinevi.com.tr\/index.php\/wp-json\/wp\/v2\/product_brand?post=762222"},{"taxonomy":"product_cat","embeddable":true,"href":"https:\/\/roveyayinevi.com.tr\/index.php\/wp-json\/wp\/v2\/product_cat?post=762222"},{"taxonomy":"product_tag","embeddable":true,"href":"https:\/\/roveyayinevi.com.tr\/index.php\/wp-json\/wp\/v2\/product_tag?post=762222"}],"curies":[{"name":"wp","href":"https:\/\/api.w.org\/{rel}","templated":true}]}}