{"id":762221,"date":"2025-08-28T10:01:36","date_gmt":"2025-08-28T07:01:36","guid":{"rendered":"https:\/\/roveyayinevi.com.tr\/index.php\/urun\/degisen-bedenimle-karisan-duygularim\/"},"modified":"2026-04-15T03:27:13","modified_gmt":"2026-04-15T00:27:13","slug":"degisen-bedenimle-karisan-duygularim","status":"publish","type":"product","link":"https:\/\/roveyayinevi.com.tr\/index.php\/urun\/degisen-bedenimle-karisan-duygularim\/","title":{"rendered":"De\u011fi\u015fen Bedenimle Kar\u0131\u015fan Duygular\u0131m"},"content":{"rendered":"<p>Bir s\u00fcredir bedeninde ve ruhunda de\u011fi\u015fimler ya\u015fayan Elif, \u00e7ama\u015f\u0131r\u0131nda g\u00f6rd\u00fc\u011f\u00fc lekeyle korkuya kap\u0131ld\u0131. Elif\u2019in hayat\u0131 o sabah de\u011fi\u015fmi\u015fti. O art\u0131k bir \u00e7ocuk de\u011fildi. K\u0131zlar b\u00fcy\u00fcrken bunun olaca\u011f\u0131na dair bir \u015feyler duymu\u015ftu ama kendi bedeninde g\u00f6r\u00fcnce ne yapaca\u011f\u0131n\u0131 bilemedi. Bir s\u00fcr\u00fc soru h\u00fccum etti kafas\u0131na. \u015eimdi ne yapacakt\u0131? Hasta m\u0131yd\u0131? Bu durum ne kadar s\u00fcrecekti? Nas\u0131l temizleyecekti? Kime soracakt\u0131? Sordu\u011funda onu ay\u0131plarlar m\u0131yd\u0131? Bu, b\u00fcy\u00fcmenin bir i\u015fareti ise neden utan\u0131yordu? Elif\u2019in gelecekte nas\u0131l bir kad\u0131n olaca\u011f\u0131, b\u00fct\u00fcn bu sorulara bulaca\u011f\u0131 cevaplarla ilgiliydi. Ona bedenindeki de\u011fi\u015fimi anlamada rehber olabilecek, kad\u0131nl\u0131\u011f\u0131n hakikatini ve kad\u0131n olman\u0131n sevincini anlatacak cevaplar bulabilirse bu s\u00fcreci hayret ve \u015f\u00fck\u00fcrle kar\u015f\u0131layabilirdi.<\/p>\n","protected":false},"excerpt":{"rendered":"<p>Bir s\u00fcredir bedeninde ve ruhunda de\u011fi\u015fimler ya\u015fayan Elif, \u00e7ama\u015f\u0131r\u0131nda g\u00f6rd\u00fc\u011f\u00fc lekeyle korkuya kap\u0131ld\u0131. Elif\u2019in hayat\u0131 o sabah de\u011fi\u015fmi\u015fti. O art\u0131k bir \u00e7ocuk de\u011fildi. K\u0131zlar b\u00fcy\u00fcrken bunun<span class=\"excerpt-hellip\"> [\u2026]<\/span><\/p>\n","protected":false},"featured_media":0,"template":"","meta":{"_monsterinsights_skip_tracking":false,"_monsterinsights_sitenote_active":false,"_monsterinsights_sitenote_note":"","_monsterinsights_sitenote_category":0},"product_brand":[],"product_cat":[12274,15842],"product_tag":[],"class_list":{"0":"post-762221","1":"product","2":"type-product","3":"status-publish","5":"product_cat-cocuk-ve-genclik-kitaplari","6":"product_cat-egitici-kitaplar","7":"pa_cilt-ciltsiz","8":"pa_tur-kitap","9":"pa_yayinevi-cokcocuk","10":"pa_yazar-ayse-duman","12":"first","13":"instock","14":"sale","15":"shipping-taxable","16":"purchasable","17":"product-type-simple"},"_links":{"self":[{"href":"https:\/\/roveyayinevi.com.tr\/index.php\/wp-json\/wp\/v2\/product\/762221","targetHints":{"allow":["GET"]}}],"collection":[{"href":"https:\/\/roveyayinevi.com.tr\/index.php\/wp-json\/wp\/v2\/product"}],"about":[{"href":"https:\/\/roveyayinevi.com.tr\/index.php\/wp-json\/wp\/v2\/types\/product"}],"wp:attachment":[{"href":"https:\/\/roveyayinevi.com.tr\/index.php\/wp-json\/wp\/v2\/media?parent=762221"}],"wp:term":[{"taxonomy":"product_brand","embeddable":true,"href":"https:\/\/roveyayinevi.com.tr\/index.php\/wp-json\/wp\/v2\/product_brand?post=762221"},{"taxonomy":"product_cat","embeddable":true,"href":"https:\/\/roveyayinevi.com.tr\/index.php\/wp-json\/wp\/v2\/product_cat?post=762221"},{"taxonomy":"product_tag","embeddable":true,"href":"https:\/\/roveyayinevi.com.tr\/index.php\/wp-json\/wp\/v2\/product_tag?post=762221"}],"curies":[{"name":"wp","href":"https:\/\/api.w.org\/{rel}","templated":true}]}}