{"id":762220,"date":"2025-08-28T10:01:34","date_gmt":"2025-08-28T07:01:34","guid":{"rendered":"https:\/\/roveyayinevi.com.tr\/index.php\/urun\/bulutlar-kimindir\/"},"modified":"2026-04-08T03:24:00","modified_gmt":"2026-04-08T00:24:00","slug":"bulutlar-kimindir","status":"publish","type":"product","link":"https:\/\/roveyayinevi.com.tr\/index.php\/urun\/bulutlar-kimindir\/","title":{"rendered":"Bulutlar Kimindir?"},"content":{"rendered":"<p>Mila her gece g\u00f6rd\u00fc\u011f\u00fc bir \u00e7ocukluk r\u00fcyas\u0131n\u0131 d\u00fc\u015f\u00fcn\u00fcyor. \u00dcstelik bu r\u00fcyay\u0131 g\u00f6ren tek ki\u015fi de o de\u011fil. Elinde bavul, ailesiyle birlikte u\u00e7suz bucaks\u0131z bir s\u0131raya giriyor. Nereye gitti\u011fi belli olmayan s\u0131ra boyunca muhaf\u0131zlar, vah\u015fi k\u00f6pekler, an\u0131larla dolu valizler var. Tehditk\u00e2r duman bulutlar\u0131ndan ka\u00e7mak zorundalar. Y\u0131llar sonra art\u0131k bir yeti\u015fkin olan Mila h\u00e2l\u00e2 s\u0131raya girmekten korkar, bak\u0131\u015flar\u0131 \u00e7ocuklu\u011fundan hat\u0131rlad\u0131\u011f\u0131 koyu bulutlara tak\u0131l\u0131p durur. Onlar kime aittir? Ad\u0131 konulmam\u0131\u015f bir sava\u015f nedeniyle \u00fclkesini terk etmek zorunda kalan gen\u00e7 bir kad\u0131n\u0131n dokunakl\u0131 hik\u00e2yesi&#8230; <\/p>\n","protected":false},"excerpt":{"rendered":"<p>Mila her gece g\u00f6rd\u00fc\u011f\u00fc bir \u00e7ocukluk r\u00fcyas\u0131n\u0131 d\u00fc\u015f\u00fcn\u00fcyor. \u00dcstelik bu r\u00fcyay\u0131 g\u00f6ren tek ki\u015fi de o de\u011fil. Elinde bavul, ailesiyle birlikte u\u00e7suz bucaks\u0131z bir s\u0131raya giriyor.<span class=\"excerpt-hellip\"> [\u2026]<\/span><\/p>\n","protected":false},"featured_media":0,"template":"","meta":{"_monsterinsights_skip_tracking":false,"_monsterinsights_sitenote_active":false,"_monsterinsights_sitenote_note":"","_monsterinsights_sitenote_category":0},"product_brand":[],"product_cat":[12274,12284],"product_tag":[],"class_list":{"0":"post-762220","1":"product","2":"type-product","3":"status-publish","5":"product_cat-cocuk-ve-genclik-kitaplari","6":"product_cat-hikayeler","7":"pa_cilt-ciltsiz","8":"pa_tur-kitap","9":"pa_yayinevi-cinar-yayinlari","10":"pa_yazar-mario-brassard","12":"first","13":"instock","14":"sale","15":"shipping-taxable","16":"purchasable","17":"product-type-simple"},"_links":{"self":[{"href":"https:\/\/roveyayinevi.com.tr\/index.php\/wp-json\/wp\/v2\/product\/762220","targetHints":{"allow":["GET"]}}],"collection":[{"href":"https:\/\/roveyayinevi.com.tr\/index.php\/wp-json\/wp\/v2\/product"}],"about":[{"href":"https:\/\/roveyayinevi.com.tr\/index.php\/wp-json\/wp\/v2\/types\/product"}],"wp:attachment":[{"href":"https:\/\/roveyayinevi.com.tr\/index.php\/wp-json\/wp\/v2\/media?parent=762220"}],"wp:term":[{"taxonomy":"product_brand","embeddable":true,"href":"https:\/\/roveyayinevi.com.tr\/index.php\/wp-json\/wp\/v2\/product_brand?post=762220"},{"taxonomy":"product_cat","embeddable":true,"href":"https:\/\/roveyayinevi.com.tr\/index.php\/wp-json\/wp\/v2\/product_cat?post=762220"},{"taxonomy":"product_tag","embeddable":true,"href":"https:\/\/roveyayinevi.com.tr\/index.php\/wp-json\/wp\/v2\/product_tag?post=762220"}],"curies":[{"name":"wp","href":"https:\/\/api.w.org\/{rel}","templated":true}]}}