{"id":762219,"date":"2025-08-28T10:01:31","date_gmt":"2025-08-28T07:01:31","guid":{"rendered":"https:\/\/roveyayinevi.com.tr\/index.php\/urun\/edebiyat-karin-doyurmaz-cay-icirir\/"},"modified":"2025-10-13T10:08:21","modified_gmt":"2025-10-13T07:08:21","slug":"edebiyat-karin-doyurmaz-cay-icirir","status":"publish","type":"product","link":"https:\/\/roveyayinevi.com.tr\/index.php\/urun\/edebiyat-karin-doyurmaz-cay-icirir\/","title":{"rendered":"Edebiyat Kar\u0131n Doyurmaz \u00c7ay \u0130\u00e7irir"},"content":{"rendered":"<p>K\u0131sa, yan de\u011finilerin, \u00e7arp\u0131c\u0131 g\u00f6r\u00fcnt\u00fclerin, \u00f6zetleyen inceliklerin ve sorgulayan ayr\u0131nt\u0131lar\u0131n \u00f6zeti say\u0131labilecek Edebiyat Kar\u0131n Doyurmaz \u00c7ay \u0130\u00e7irir ba\u015fl\u0131\u011f\u0131, zamanla gen\u00e7 ve efk\u00e2rl\u0131 edebiyat\u00e7\u0131 mottolar\u0131ndan birine d\u00f6n\u00fc\u015ft\u00fc. \u00c7ay\u0131n\u0131n bu\u011fulu demine dal\u0131p sigaras\u0131n\u0131n duman\u0131n\u0131 \u00fcflerken g\u00f6zlerini k\u0131sarak \u2018Nerden bula\u015ft\u0131k bu i\u015fe?\u2019 der gibi bakan, ar\u0131zal\u0131 gen\u00e7ler bu ba\u015fl\u0131\u011f\u0131 \u00e7ok sevdi. Ba\u015fl\u0131k, duvar yaz\u0131lar\u0131ndan sanal medya sayfalar\u0131na, k\u00f6\u015fe yaz\u0131lar\u0131ndan televizyon dizilerine dek kendisine yer buldu. \u00c7ay m\u00fchimdir! \u015eairlerin ve yaln\u0131zlar\u0131n i\u00e7ece\u011fi olarak bilinse de s\u0131n\u0131fs\u0131zd\u0131r! Ayakkab\u0131 boyac\u0131lar\u0131 ile holding patronlar\u0131n\u0131n ortak i\u00e7ece\u011fidir. S\u0131n\u0131fsal kayna\u015fma sa\u011flar. Her stat\u00fcden insan\u0131n t\u00fcketimine a\u00e7\u0131kt\u0131r. Ya\u011fmur gibidir, e\u015fitlenmenin sembol\u00fcd\u00fcr. Bu ba\u015fl\u0131kla ba\u015fta OT olmak \u00fczere bir\u00e7ok dergide metinler yaz\u0131ld\u0131. \u00dc\u00e7 b\u00f6l\u00fcmden ve her b\u00f6l\u00fcm\u00fc otuz iki k\u0131s\u0131mdan olu\u015fan bu kitab\u0131n be\u015finci bask\u0131s\u0131, yakla\u015f\u0131k on yedi y\u0131l boyunca dergilerde yay\u0131mlanan metinlerden se\u00e7ilerek olu\u015fturuldu.                                                           *** \u25a0 Harika ve modern bir yazma tekni\u011fi var Akbay\u0131r&#8217;\u0131n. \u015eiiri \u00e7ok iyi bildi\u011fi gibi, pop\u00fcler k\u00fclt\u00fcr\u00fc de \u00e7ok i\u00e7ten tan\u0131yor.                                                                                                     Ertu\u011frul \u00d6zk\u00f6k \u25a0 Sanat edebiyat d\u00fcnyam\u0131zdan portreler&#8230; M\u00fckemmel bir \u00fcslup, s\u0131ms\u0131cak bir kaynak kitap&#8230;                                                                                                                             Ha\u015fmet Babao\u011flu \u25a0 \u0130lgin\u00e7 y\u00f6ntemlerle haz\u0131rlanm\u0131\u015f bir portreler kitab\u0131&#8230; Bir bellek ve incelikler \u00e7al\u0131\u015fmas\u0131&#8230; Onun kalemiyle \u201cHer y\u00fcz bir \u015fiir yaz\u0131yor.\u201d                                                                             Haydar Erg\u00fclen \u25a0 Akbay\u0131r, ba\u015far\u0131l\u0131 portre kitaplar\u0131n\u0131n yazar\u0131&#8230;                                                           <\/p>\n","protected":false},"excerpt":{"rendered":"<p>K\u0131sa, yan de\u011finilerin, \u00e7arp\u0131c\u0131 g\u00f6r\u00fcnt\u00fclerin, \u00f6zetleyen inceliklerin ve sorgulayan ayr\u0131nt\u0131lar\u0131n \u00f6zeti say\u0131labilecek Edebiyat Kar\u0131n Doyurmaz \u00c7ay \u0130\u00e7irir ba\u015fl\u0131\u011f\u0131, zamanla gen\u00e7 ve efk\u00e2rl\u0131 edebiyat\u00e7\u0131 mottolar\u0131ndan birine d\u00f6n\u00fc\u015ft\u00fc.<span class=\"excerpt-hellip\"> [\u2026]<\/span><\/p>\n","protected":false},"featured_media":0,"template":"","meta":{"_monsterinsights_skip_tracking":false,"_monsterinsights_sitenote_active":false,"_monsterinsights_sitenote_note":"","_monsterinsights_sitenote_category":0},"product_brand":[],"product_cat":[27157,12291],"product_tag":[],"class_list":{"0":"post-762219","1":"product","2":"type-product","3":"status-publish","5":"product_cat-derleme","6":"product_cat-edebiyat","7":"pa_cilt-ciltsiz","8":"pa_tur-kitap","9":"pa_yayinevi-eflatun-kitaplar","10":"pa_yazar-siddik-akbayir","12":"first","13":"instock","14":"sale","15":"shipping-taxable","16":"purchasable","17":"product-type-simple"},"_links":{"self":[{"href":"https:\/\/roveyayinevi.com.tr\/index.php\/wp-json\/wp\/v2\/product\/762219","targetHints":{"allow":["GET"]}}],"collection":[{"href":"https:\/\/roveyayinevi.com.tr\/index.php\/wp-json\/wp\/v2\/product"}],"about":[{"href":"https:\/\/roveyayinevi.com.tr\/index.php\/wp-json\/wp\/v2\/types\/product"}],"wp:attachment":[{"href":"https:\/\/roveyayinevi.com.tr\/index.php\/wp-json\/wp\/v2\/media?parent=762219"}],"wp:term":[{"taxonomy":"product_brand","embeddable":true,"href":"https:\/\/roveyayinevi.com.tr\/index.php\/wp-json\/wp\/v2\/product_brand?post=762219"},{"taxonomy":"product_cat","embeddable":true,"href":"https:\/\/roveyayinevi.com.tr\/index.php\/wp-json\/wp\/v2\/product_cat?post=762219"},{"taxonomy":"product_tag","embeddable":true,"href":"https:\/\/roveyayinevi.com.tr\/index.php\/wp-json\/wp\/v2\/product_tag?post=762219"}],"curies":[{"name":"wp","href":"https:\/\/api.w.org\/{rel}","templated":true}]}}