{"id":762218,"date":"2025-08-28T10:01:29","date_gmt":"2025-08-28T07:01:29","guid":{"rendered":"https:\/\/roveyayinevi.com.tr\/index.php\/urun\/degerler-pazari\/"},"modified":"2026-03-12T03:24:49","modified_gmt":"2026-03-12T00:24:49","slug":"degerler-pazari","status":"publish","type":"product","link":"https:\/\/roveyayinevi.com.tr\/index.php\/urun\/degerler-pazari\/","title":{"rendered":"De\u011ferler Pazar\u0131"},"content":{"rendered":"<p>Bu kitapta d\u00fc\u015f\u00fcnd\u00fcklerimi, \u015fiirlerimi, yaz\u0131lar\u0131m\u0131, s\u00f6zlerimi yani de\u011ferlerimi bulacaks\u0131n\u0131z. De\u011ferlerimi yaz\u0131ya d\u00f6kmeye gayret ettim. \u0130nsani, ahlaki, dini, milli de\u011ferlerimizi oyun-piyes olarak da yans\u0131tmaya \u00e7al\u0131\u015ft\u0131m. \u00d6zellikle DKAB \u00f6\u011fretmenleri ile de\u011ferlerimizi yans\u0131tmaya \u00e7al\u0131\u015fanlara bir kaynak te\u015fkil edebilir. Bu piyes ve oyunlar\u0131 bizzat okul salonunda icra ettim ve g\u00fczel d\u00f6n\u00fc\u015fler ald\u0131m. Ak\u0131l ve g\u00f6n\u00fcl d\u00fcnyam\u0131z\u0131 ayd\u0131nlatabilir\u2026   Derdi, Tasas\u0131, Sevdas\u0131 olan hayal kurar. Hayal kuranlar, \u00e7al\u0131\u015f\u0131rlar ve ba\u015far\u0131rlar. T\u00fcm enerjisini \u00fclk\u00fcs\u00fcne verenler yol al\u0131rlar.                                                         \u0130smail \u0130lyaso\u011flu<\/p>\n","protected":false},"excerpt":{"rendered":"<p>Bu kitapta d\u00fc\u015f\u00fcnd\u00fcklerimi, \u015fiirlerimi, yaz\u0131lar\u0131m\u0131, s\u00f6zlerimi yani de\u011ferlerimi bulacaks\u0131n\u0131z. De\u011ferlerimi yaz\u0131ya d\u00f6kmeye gayret ettim. \u0130nsani, ahlaki, dini, milli de\u011ferlerimizi oyun-piyes olarak da yans\u0131tmaya \u00e7al\u0131\u015ft\u0131m. \u00d6zellikle DKAB<span class=\"excerpt-hellip\"> [\u2026]<\/span><\/p>\n","protected":false},"featured_media":0,"template":"","meta":{"_monsterinsights_skip_tracking":false,"_monsterinsights_sitenote_active":false,"_monsterinsights_sitenote_note":"","_monsterinsights_sitenote_category":0},"product_brand":[],"product_cat":[27157,12291],"product_tag":[],"class_list":{"0":"post-762218","1":"product","2":"type-product","3":"status-publish","5":"product_cat-derleme","6":"product_cat-edebiyat","7":"pa_cilt-ciltsiz","8":"pa_tur-kitap","9":"pa_yayinevi-kirmizi-cati-yayinlari","10":"pa_yazar-ismail-ilyasoglu","12":"first","13":"instock","14":"sale","15":"shipping-taxable","16":"purchasable","17":"product-type-simple"},"_links":{"self":[{"href":"https:\/\/roveyayinevi.com.tr\/index.php\/wp-json\/wp\/v2\/product\/762218","targetHints":{"allow":["GET"]}}],"collection":[{"href":"https:\/\/roveyayinevi.com.tr\/index.php\/wp-json\/wp\/v2\/product"}],"about":[{"href":"https:\/\/roveyayinevi.com.tr\/index.php\/wp-json\/wp\/v2\/types\/product"}],"wp:attachment":[{"href":"https:\/\/roveyayinevi.com.tr\/index.php\/wp-json\/wp\/v2\/media?parent=762218"}],"wp:term":[{"taxonomy":"product_brand","embeddable":true,"href":"https:\/\/roveyayinevi.com.tr\/index.php\/wp-json\/wp\/v2\/product_brand?post=762218"},{"taxonomy":"product_cat","embeddable":true,"href":"https:\/\/roveyayinevi.com.tr\/index.php\/wp-json\/wp\/v2\/product_cat?post=762218"},{"taxonomy":"product_tag","embeddable":true,"href":"https:\/\/roveyayinevi.com.tr\/index.php\/wp-json\/wp\/v2\/product_tag?post=762218"}],"curies":[{"name":"wp","href":"https:\/\/api.w.org\/{rel}","templated":true}]}}