{"id":762217,"date":"2025-08-28T10:01:28","date_gmt":"2025-08-28T07:01:28","guid":{"rendered":"https:\/\/roveyayinevi.com.tr\/index.php\/urun\/dunyanin-en-guzel-yemekleri\/"},"modified":"2026-04-15T03:27:13","modified_gmt":"2026-04-15T00:27:13","slug":"dunyanin-en-guzel-yemekleri","status":"publish","type":"product","link":"https:\/\/roveyayinevi.com.tr\/index.php\/urun\/dunyanin-en-guzel-yemekleri\/","title":{"rendered":"D\u00fcnyan\u0131n En G\u00fczel Yemekleri"},"content":{"rendered":"<p>Tabaklar\u0131m\u0131z\u0131n bize ya\u015fad\u0131\u011f\u0131m\u0131z d\u00fcnya hakk\u0131nda \u00f6\u011fretecek bir \u015feyleri var. Bill Fran\u00e7ois, kendine \u00f6zg\u00fc mizahi \u00fcslubuyla g\u00fcnl\u00fck yemeklerimizi olu\u015fturan beklenmedik t\u00fcrleri masam\u0131za getiriyor. Sebzelerimizi renklendiren isperme\u00e7et balinalar\u0131ndan insanlara uyum sa\u011flayan bu\u011fdaya ve elmal\u0131 turtan\u0131n ard\u0131ndaki Kazakistan\u2019dan gelen ay\u0131lara kadar bizi salatan\u0131n botanik bir bah\u00e7eye d\u00f6n\u00fc\u015ft\u00fc\u011f\u00fc ve limonlu tart\u0131n d\u00fcnyadaki ya\u015fam\u0131n k\u00f6kenini ortaya \u00e7\u0131kard\u0131\u011f\u0131 do\u011fal bir tad\u0131m turuna \u00e7\u0131kar\u0131yor. Bir men\u00fc gibi sunulan ve her yeme\u011fin \u015fa\u015f\u0131rt\u0131c\u0131 k\u00f6kenlerini ortaya koyan bu hik\u00e2yede do\u011fan\u0131n gizli y\u00f6nlerini ke\u015ffedecek ve bitki ile hayvan \u00e2lemleri aras\u0131nda bir yolculu\u011fa \u00e7\u0131kacaks\u0131n\u0131z. D\u00fcnyan\u0131n En G\u00fczel Yemekleri bilim, gastronomi ve tarihin bulu\u015ftu\u011fu e\u015fsiz bir eser. <\/p>\n","protected":false},"excerpt":{"rendered":"<p>Tabaklar\u0131m\u0131z\u0131n bize ya\u015fad\u0131\u011f\u0131m\u0131z d\u00fcnya hakk\u0131nda \u00f6\u011fretecek bir \u015feyleri var. Bill Fran\u00e7ois, kendine \u00f6zg\u00fc mizahi \u00fcslubuyla g\u00fcnl\u00fck yemeklerimizi olu\u015fturan beklenmedik t\u00fcrleri masam\u0131za getiriyor. Sebzelerimizi renklendiren isperme\u00e7et balinalar\u0131ndan<span class=\"excerpt-hellip\"> [\u2026]<\/span><\/p>\n","protected":false},"featured_media":0,"template":"","meta":{"_monsterinsights_skip_tracking":false,"_monsterinsights_sitenote_active":false,"_monsterinsights_sitenote_note":"","_monsterinsights_sitenote_category":0},"product_brand":[],"product_cat":[22706,12457],"product_tag":[],"class_list":{"0":"post-762217","1":"product","2":"type-product","3":"status-publish","5":"product_cat-dunya-mutfagi","6":"product_cat-yemek-kitaplari","7":"pa_cilt-ciltsiz","8":"pa_tur-kitap","9":"pa_yayinevi-say-yayinlari","10":"pa_yazar-bill-francois","12":"first","13":"instock","14":"sale","15":"shipping-taxable","16":"purchasable","17":"product-type-simple"},"_links":{"self":[{"href":"https:\/\/roveyayinevi.com.tr\/index.php\/wp-json\/wp\/v2\/product\/762217","targetHints":{"allow":["GET"]}}],"collection":[{"href":"https:\/\/roveyayinevi.com.tr\/index.php\/wp-json\/wp\/v2\/product"}],"about":[{"href":"https:\/\/roveyayinevi.com.tr\/index.php\/wp-json\/wp\/v2\/types\/product"}],"wp:attachment":[{"href":"https:\/\/roveyayinevi.com.tr\/index.php\/wp-json\/wp\/v2\/media?parent=762217"}],"wp:term":[{"taxonomy":"product_brand","embeddable":true,"href":"https:\/\/roveyayinevi.com.tr\/index.php\/wp-json\/wp\/v2\/product_brand?post=762217"},{"taxonomy":"product_cat","embeddable":true,"href":"https:\/\/roveyayinevi.com.tr\/index.php\/wp-json\/wp\/v2\/product_cat?post=762217"},{"taxonomy":"product_tag","embeddable":true,"href":"https:\/\/roveyayinevi.com.tr\/index.php\/wp-json\/wp\/v2\/product_tag?post=762217"}],"curies":[{"name":"wp","href":"https:\/\/api.w.org\/{rel}","templated":true}]}}