{"id":762215,"date":"2025-08-28T10:01:25","date_gmt":"2025-08-28T07:01:25","guid":{"rendered":"https:\/\/roveyayinevi.com.tr\/index.php\/urun\/dans-etmeyi-seven-aslan\/"},"modified":"2026-04-15T03:27:13","modified_gmt":"2026-04-15T00:27:13","slug":"dans-etmeyi-seven-aslan","status":"publish","type":"product","link":"https:\/\/roveyayinevi.com.tr\/index.php\/urun\/dans-etmeyi-seven-aslan\/","title":{"rendered":"Dans Etmeyi Seven Aslan"},"content":{"rendered":"<p>Kendisiyle bar\u0131\u015f\u0131k olmay\u0131 \u00f6\u011freten kitap   Aslan Leo dans etmeyi \u00e7ok sever, ancak aslanlar\u0131n CESUR, G\u00dc\u00c7L\u00dc ve SERT olmalar\u0131 gerekir. Kimse dans eden bir aslan\u0131n cesur, g\u00fc\u00e7l\u00fc ya da sert oldu\u011funu d\u00fc\u015f\u00fcnemez. Ama Leo, b\u00fcy\u00fck bir dans yar\u0131\u015fmas\u0131 oldu\u011funu \u00f6\u011frenince, herkesin yan\u0131ld\u0131\u011f\u0131n\u0131 kan\u0131tlama zaman\u0131 geldi\u011fine karar verir! Bu kitap, kendine inanman\u0131n, arkada\u015flara g\u00fcvenmenin, kendini oldu\u011fu gibi kabul etmenin ve her f\u0131rsatta \u00f6zg\u00fcrce dans edebilmenin \u00f6nemini anlat\u0131yor. <\/p>\n","protected":false},"excerpt":{"rendered":"<p>Kendisiyle bar\u0131\u015f\u0131k olmay\u0131 \u00f6\u011freten kitap Aslan Leo dans etmeyi \u00e7ok sever, ancak aslanlar\u0131n CESUR, G\u00dc\u00c7L\u00dc ve SERT olmalar\u0131 gerekir. Kimse dans eden bir aslan\u0131n cesur, g\u00fc\u00e7l\u00fc<span class=\"excerpt-hellip\"> [\u2026]<\/span><\/p>\n","protected":false},"featured_media":0,"template":"","meta":{"_monsterinsights_skip_tracking":false,"_monsterinsights_sitenote_active":false,"_monsterinsights_sitenote_note":"","_monsterinsights_sitenote_category":0},"product_brand":[],"product_cat":[12274,12284],"product_tag":[],"class_list":{"0":"post-762215","1":"product","2":"type-product","3":"status-publish","5":"product_cat-cocuk-ve-genclik-kitaplari","6":"product_cat-hikayeler","7":"pa_cilt-ciltsiz","8":"pa_tur-kitap","9":"pa_yayinevi-1001-cicek-kitaplar","10":"pa_yazar-tom-tinn-disbury","12":"first","13":"instock","14":"sale","15":"shipping-taxable","16":"purchasable","17":"product-type-simple"},"_links":{"self":[{"href":"https:\/\/roveyayinevi.com.tr\/index.php\/wp-json\/wp\/v2\/product\/762215","targetHints":{"allow":["GET"]}}],"collection":[{"href":"https:\/\/roveyayinevi.com.tr\/index.php\/wp-json\/wp\/v2\/product"}],"about":[{"href":"https:\/\/roveyayinevi.com.tr\/index.php\/wp-json\/wp\/v2\/types\/product"}],"wp:attachment":[{"href":"https:\/\/roveyayinevi.com.tr\/index.php\/wp-json\/wp\/v2\/media?parent=762215"}],"wp:term":[{"taxonomy":"product_brand","embeddable":true,"href":"https:\/\/roveyayinevi.com.tr\/index.php\/wp-json\/wp\/v2\/product_brand?post=762215"},{"taxonomy":"product_cat","embeddable":true,"href":"https:\/\/roveyayinevi.com.tr\/index.php\/wp-json\/wp\/v2\/product_cat?post=762215"},{"taxonomy":"product_tag","embeddable":true,"href":"https:\/\/roveyayinevi.com.tr\/index.php\/wp-json\/wp\/v2\/product_tag?post=762215"}],"curies":[{"name":"wp","href":"https:\/\/api.w.org\/{rel}","templated":true}]}}