{"id":762210,"date":"2025-08-28T10:01:18","date_gmt":"2025-08-28T07:01:18","guid":{"rendered":"https:\/\/roveyayinevi.com.tr\/index.php\/urun\/kitap-lik-234\/"},"modified":"2026-04-15T03:27:13","modified_gmt":"2026-04-15T00:27:13","slug":"kitap-lik-234","status":"publish","type":"product","link":"https:\/\/roveyayinevi.com.tr\/index.php\/urun\/kitap-lik-234\/","title":{"rendered":"Kitap-l\u0131k 234"},"content":{"rendered":"<p>Ezra Pound ve Kantolar   Yap\u0131 Kredi Yay\u0131nlar\u0131\u2019n\u0131n edebiyat dergisi kitap-l\u0131k\u2019\u0131n yeni say\u0131s\u0131 \u00e7\u0131kt\u0131. 234. say\u0131n\u0131n kapak konusu \u201cEzra Pound ve Kantolar\u201d. Kantolar \u00e7evirmeni Efe Murad ile Gonca \u00d6zmen\u2019in yapt\u0131\u011f\u0131 kapsaml\u0131 g\u00f6r\u00fc\u015fmede Ezra Pound\u2019u \u00e7evreleyen k\u00fclt\u00fcrel, ideolojik ve estetik alan ve onun T\u00fcrkiye\u2019de al\u0131mlanma bi\u00e7imi \u00fcst\u00fcne duruluyor.   Mavi Yol kitab\u0131yla bilinen \u0130sko\u00e7 yazar Kenneth White\u2019\u0131n \u201cGeopoetika\u201ds\u0131n\u0131, entelekt\u00fcel g\u00f6\u00e7ebeli\u011fin \u00e7er\u00e7evesini ve bi\u00e7imlerini \u00e7evirmen \u00d6mer Bozkurt yazd\u0131. Eyl\u00fcl yazar\u0131 Mehmet Rauf\u2019un Hal\u00e2s adl\u0131 roman\u0131 ve Gelincik mecmuas\u0131ndaki yay\u0131nlar\u0131ndan dolay\u0131 ba\u015f\u0131na gelenleri, Cumhurba\u015fkan\u0131 Gazi Mustafa Kemal\u2019in kararnamesiyle kurtulu\u015funu belgelerle ortaya koyan Hulusi \u00d6zbay\u2019\u0131n yaz\u0131s\u0131 da derginin dikkat \u00e7eken sayfalar\u0131ndan.   Haydar Erg\u00fclen, Max Bense, \u0130zzet G\u00f6ldeli, Metin Cel\u00e2l, G\u00fcrgen\u00e7 Korkmazel, Ali \u00d6zg\u00fcr \u00d6zkarc\u0131, Serhat Uyurkulak, Ay\u015fe G\u00f6rkem Kozano\u011flu \u015fiirleri; Necati Mert, Kaya Gen\u00e7, \u015eebnem Balevi, G\u00f6khan Y\u0131lmaz, Ay\u00e7a Erkol, Ne\u015fe Ko\u00e7ak, Orhan \u00c7atma \u00f6yk\u00fcleri; Mehmet Erg\u00fcven, G\u00fcrsel Korat, Erendiz Atas\u00fc yaz\u0131lar\u0131n\u0131n yan\u0131 s\u0131ra Necmettin Turinay ve S\u00fcreyyya Evren ile s\u00f6yle\u015filer kitap-l\u0131k dergisinin 234. say\u0131s\u0131nda.   kitap-l\u0131k 31 y\u0131ld\u0131r iyi edebiyat\u0131n adresi. <\/p>\n","protected":false},"excerpt":{"rendered":"<p>Ezra Pound ve Kantolar Yap\u0131 Kredi Yay\u0131nlar\u0131\u2019n\u0131n edebiyat dergisi kitap-l\u0131k\u2019\u0131n yeni say\u0131s\u0131 \u00e7\u0131kt\u0131. 234. say\u0131n\u0131n kapak konusu \u201cEzra Pound ve Kantolar\u201d. Kantolar \u00e7evirmeni Efe Murad ile<span class=\"excerpt-hellip\"> [\u2026]<\/span><\/p>\n","protected":false},"featured_media":0,"template":"","meta":{"_monsterinsights_skip_tracking":false,"_monsterinsights_sitenote_active":false,"_monsterinsights_sitenote_note":"","_monsterinsights_sitenote_category":0},"product_brand":[],"product_cat":[13527],"product_tag":[],"class_list":{"0":"post-762210","1":"product","2":"type-product","3":"status-publish","5":"product_cat-sureli-yayinlar","6":"pa_cilt-ciltsiz","7":"pa_tur-dergi","8":"pa_yayinevi-yapi-kredi-yayinlari-dergi","9":"pa_yazar-kolektif","11":"first","12":"instock","13":"sale","14":"shipping-taxable","15":"purchasable","16":"product-type-simple"},"_links":{"self":[{"href":"https:\/\/roveyayinevi.com.tr\/index.php\/wp-json\/wp\/v2\/product\/762210","targetHints":{"allow":["GET"]}}],"collection":[{"href":"https:\/\/roveyayinevi.com.tr\/index.php\/wp-json\/wp\/v2\/product"}],"about":[{"href":"https:\/\/roveyayinevi.com.tr\/index.php\/wp-json\/wp\/v2\/types\/product"}],"wp:attachment":[{"href":"https:\/\/roveyayinevi.com.tr\/index.php\/wp-json\/wp\/v2\/media?parent=762210"}],"wp:term":[{"taxonomy":"product_brand","embeddable":true,"href":"https:\/\/roveyayinevi.com.tr\/index.php\/wp-json\/wp\/v2\/product_brand?post=762210"},{"taxonomy":"product_cat","embeddable":true,"href":"https:\/\/roveyayinevi.com.tr\/index.php\/wp-json\/wp\/v2\/product_cat?post=762210"},{"taxonomy":"product_tag","embeddable":true,"href":"https:\/\/roveyayinevi.com.tr\/index.php\/wp-json\/wp\/v2\/product_tag?post=762210"}],"curies":[{"name":"wp","href":"https:\/\/api.w.org\/{rel}","templated":true}]}}