{"id":762209,"date":"2025-08-28T10:01:17","date_gmt":"2025-08-28T07:01:17","guid":{"rendered":"https:\/\/roveyayinevi.com.tr\/index.php\/urun\/turk-koylu-danslari\/"},"modified":"2026-04-15T03:27:13","modified_gmt":"2026-04-15T00:27:13","slug":"turk-koylu-danslari","status":"publish","type":"product","link":"https:\/\/roveyayinevi.com.tr\/index.php\/urun\/turk-koylu-danslari\/","title":{"rendered":"T\u00fcrk K\u00f6yl\u00fc Danslar\u0131"},"content":{"rendered":"<p>18. y\u00fczy\u0131l sonlar\u0131yla 19. y\u00fczy\u0131l ba\u015flar\u0131na ait halay \u00e7ekenleri betimleyen A. I. Melling, halk danslar\u0131m\u0131z i\u00e7in en eski ve ger\u00e7e\u011fine \u00e7ok yak\u0131n g\u00f6rsellere imza atm\u0131\u015f: S\u0131ra ba\u015f\u0131nda mendil sallayan, davul, zurna ve saz e\u015fli\u011finde oynayanlar, seyredenler&#8230; Bu oyunlar, T\u00fcrkl\u00fc\u011f\u00fcn ge\u00e7mi\u015fi, yolculuklar\u0131, durak yerleri, yay\u0131lma ve etkileme-etkilenme alanlar\u0131 kadar eski ve k\u00f6kl\u00fcd\u00fcr. Dinsel boyutundan, g\u00f6sterim boyutuna T\u00fcrk halk oyunlar\u0131n\u0131n yozla\u015fmadan ya\u015famaya, ya\u015fat\u0131lmaya ihtiyac\u0131 var. Metin And 1962\u2019de Dionisos ve Anadolu K\u00f6yl\u00fcs\u00fc ile 1964\u2019te T\u00fcrk K\u00f6yl\u00fc Danslar\u0131\u2019n\u0131 yay\u0131mlayarak \u201cihtiya\u00e7lara cevap aramak amac\u0131yla\u201d bu alanda da cesur ad\u0131mlar att\u0131. Ge\u00e7mi\u015f ve g\u00fcnceli, g\u00f6sterim sanatlar\u0131, mitolologya, halkbilimi ve \u201cdans\u201d tarihi a\u00e7\u0131s\u0131ndan g\u00fcn\u00fcne ve bug\u00fcne g\u00f6re yeni g\u00f6r\u00fc\u015flerle inceledi. Bu iki kitap, ayn\u0131 kalemden \u00e7\u0131km\u0131\u015f ve birbirinin karde\u015fi olarak g\u00f6r\u00fclmeye de\u011fer \u00f6rnek \u00e7al\u0131\u015fmalard\u0131r. Her bilginin \u00f6n\u00fcnde, yenileri ortaya \u00e7\u0131kt\u0131k\u00e7a eskimeye y\u00fcz tutma e\u011filimi vard\u0131r. Ancak do\u011fru yol ve do\u011fru y\u00f6ntemlerle ba\u015flat\u0131lm\u0131\u015f eski ara\u015ft\u0131rmalar, \u00f6neriler, dikkat \u00e7ekmeler her zaman de\u011ferlerini korumu\u015ftur. T\u00fcrk K\u00f6yl\u00fc Danslar\u0131 da evrensel bak\u0131\u015f a\u00e7\u0131s\u0131yla yerli olana y\u00f6nelmenin g\u00fczel \u00f6rnekleriyle doludur. Yeni \u00f6nermeler i\u00e7in g\u00f6rsellerle zenginle\u015ftirilmi\u015f olarak okuyucuyla bir kez daha bulu\u015fuyor. <\/p>\n","protected":false},"excerpt":{"rendered":"<p>18. y\u00fczy\u0131l sonlar\u0131yla 19. y\u00fczy\u0131l ba\u015flar\u0131na ait halay \u00e7ekenleri betimleyen A. I. Melling, halk danslar\u0131m\u0131z i\u00e7in en eski ve ger\u00e7e\u011fine \u00e7ok yak\u0131n g\u00f6rsellere imza atm\u0131\u015f: S\u0131ra<span class=\"excerpt-hellip\"> [\u2026]<\/span><\/p>\n","protected":false},"featured_media":0,"template":"","meta":{"_monsterinsights_skip_tracking":false,"_monsterinsights_sitenote_active":false,"_monsterinsights_sitenote_note":"","_monsterinsights_sitenote_category":0},"product_brand":[],"product_cat":[12408],"product_tag":[],"class_list":{"0":"post-762209","1":"product","2":"type-product","3":"status-publish","5":"product_cat-sanat","6":"pa_cilt-ciltsiz","7":"pa_tur-kitap","8":"pa_yayinevi-yapi-kredi-yayinlari-sanat","9":"pa_yazar-metin-and","11":"first","12":"instock","13":"sale","14":"shipping-taxable","15":"purchasable","16":"product-type-simple"},"_links":{"self":[{"href":"https:\/\/roveyayinevi.com.tr\/index.php\/wp-json\/wp\/v2\/product\/762209","targetHints":{"allow":["GET"]}}],"collection":[{"href":"https:\/\/roveyayinevi.com.tr\/index.php\/wp-json\/wp\/v2\/product"}],"about":[{"href":"https:\/\/roveyayinevi.com.tr\/index.php\/wp-json\/wp\/v2\/types\/product"}],"wp:attachment":[{"href":"https:\/\/roveyayinevi.com.tr\/index.php\/wp-json\/wp\/v2\/media?parent=762209"}],"wp:term":[{"taxonomy":"product_brand","embeddable":true,"href":"https:\/\/roveyayinevi.com.tr\/index.php\/wp-json\/wp\/v2\/product_brand?post=762209"},{"taxonomy":"product_cat","embeddable":true,"href":"https:\/\/roveyayinevi.com.tr\/index.php\/wp-json\/wp\/v2\/product_cat?post=762209"},{"taxonomy":"product_tag","embeddable":true,"href":"https:\/\/roveyayinevi.com.tr\/index.php\/wp-json\/wp\/v2\/product_tag?post=762209"}],"curies":[{"name":"wp","href":"https:\/\/api.w.org\/{rel}","templated":true}]}}