{"id":762206,"date":"2025-08-28T10:01:12","date_gmt":"2025-08-28T07:01:12","guid":{"rendered":"https:\/\/roveyayinevi.com.tr\/index.php\/urun\/dun-gece-yar-hanesinde\/"},"modified":"2025-11-21T10:37:09","modified_gmt":"2025-11-21T07:37:09","slug":"dun-gece-yar-hanesinde","status":"publish","type":"product","link":"https:\/\/roveyayinevi.com.tr\/index.php\/urun\/dun-gece-yar-hanesinde\/","title":{"rendered":"D\u00fcn Gece Yar Hanesinde"},"content":{"rendered":"<p>\u201cOnurland\u0131rmak, dikkat etmek, korumak ve nihayetinde sevmek. Bu, do\u011fan\u0131n ve \u00e7evrenin de\u011ferini anlaman\u0131n ba\u015flang\u0131\u00e7 noktas\u0131d\u0131r.\u201d   Sadettin \u00d6kten ve Kemal Sayar\u2019\u0131n G\u00f6n\u00fcl Sadas\u0131 sohbetleri devam ediyor. Bu yeni sohbetlerinde \u00d6kten ve Sayar, insan\u0131n varolu\u015fsal derinliklerine y\u00f6nelik bir ke\u015fif sunuyor. Ba\u015flang\u0131\u00e7 noktas\u0131 basit g\u00f6r\u00fcnse de \u201cBen neden bu d\u00fcnyaya geldim?\u201d sorusu, insan\u0131n en temel ve evrensel sorular\u0131ndan biri olarak kar\u015f\u0131m\u0131za \u00e7\u0131k\u0131yor.   D\u00fcn Gece Y\u00e2r Hanesinde, do\u011fan\u0131n ve \u00e7evrenin bize emanet edildi\u011fi ger\u00e7e\u011finin fark\u0131na varman\u0131n \u00f6nemi ve bu emaneti nas\u0131l de\u011ferlendirmemiz gerekti\u011fine dair ahl\u00e2ki sorumlulu\u011fun hangi yollarla kavranaca\u011f\u0131na dair ipu\u00e7lar\u0131 veriyor. Mazlum Gazzelilerin i\u00e7inde bulunduklar\u0131 duruma g\u00f6sterdikleri muazzam direnci masaya yat\u0131r\u0131yor. Yazarlar\u0131n kendi ya\u015fam deneyimlerinden ilham alarak, okuyucular\u0131 i\u00e7sel bir yolculu\u011fa \u00e7\u0131kar\u0131yor. <\/p>\n","protected":false},"excerpt":{"rendered":"<p>\u201cOnurland\u0131rmak, dikkat etmek, korumak ve nihayetinde sevmek. Bu, do\u011fan\u0131n ve \u00e7evrenin de\u011ferini anlaman\u0131n ba\u015flang\u0131\u00e7 noktas\u0131d\u0131r.\u201d Sadettin \u00d6kten ve Kemal Sayar\u2019\u0131n G\u00f6n\u00fcl Sadas\u0131 sohbetleri devam ediyor. Bu<span class=\"excerpt-hellip\"> [\u2026]<\/span><\/p>\n","protected":false},"featured_media":0,"template":"","meta":{"_monsterinsights_skip_tracking":false,"_monsterinsights_sitenote_active":false,"_monsterinsights_sitenote_note":"","_monsterinsights_sitenote_category":0},"product_brand":[],"product_cat":[12291,30969],"product_tag":[],"class_list":{"0":"post-762206","1":"product","2":"type-product","3":"status-publish","5":"product_cat-edebiyat","6":"product_cat-soylesi-edebiyat","7":"pa_cilt-ciltsiz","8":"pa_tur-kitap","9":"pa_yayinevi-tk-yayinlari","10":"pa_yazar-sadettin-okten-kemal-sayar","12":"first","13":"instock","14":"sale","15":"shipping-taxable","16":"purchasable","17":"product-type-simple"},"_links":{"self":[{"href":"https:\/\/roveyayinevi.com.tr\/index.php\/wp-json\/wp\/v2\/product\/762206","targetHints":{"allow":["GET"]}}],"collection":[{"href":"https:\/\/roveyayinevi.com.tr\/index.php\/wp-json\/wp\/v2\/product"}],"about":[{"href":"https:\/\/roveyayinevi.com.tr\/index.php\/wp-json\/wp\/v2\/types\/product"}],"wp:attachment":[{"href":"https:\/\/roveyayinevi.com.tr\/index.php\/wp-json\/wp\/v2\/media?parent=762206"}],"wp:term":[{"taxonomy":"product_brand","embeddable":true,"href":"https:\/\/roveyayinevi.com.tr\/index.php\/wp-json\/wp\/v2\/product_brand?post=762206"},{"taxonomy":"product_cat","embeddable":true,"href":"https:\/\/roveyayinevi.com.tr\/index.php\/wp-json\/wp\/v2\/product_cat?post=762206"},{"taxonomy":"product_tag","embeddable":true,"href":"https:\/\/roveyayinevi.com.tr\/index.php\/wp-json\/wp\/v2\/product_tag?post=762206"}],"curies":[{"name":"wp","href":"https:\/\/api.w.org\/{rel}","templated":true}]}}