{"id":762205,"date":"2025-08-28T10:01:10","date_gmt":"2025-08-28T07:01:10","guid":{"rendered":"https:\/\/roveyayinevi.com.tr\/index.php\/urun\/makbule\/"},"modified":"2026-04-15T03:27:13","modified_gmt":"2026-04-15T00:27:13","slug":"makbule","status":"publish","type":"product","link":"https:\/\/roveyayinevi.com.tr\/index.php\/urun\/makbule\/","title":{"rendered":"Makbule"},"content":{"rendered":"<p>Ali R\u0131za Efendi ile Z\u00fcbeyde Han\u0131m\u2019\u0131n alt\u0131 \u00e7ocuklar\u0131 oldu: 1870\u2019lerin ba\u015f\u0131nda Fatma, 1874\u2019te Ahmet, 1875\u2019te \u00d6mer, sonra Mustafa, 1885\u2019te Makbule ve 1889\u2019da da Naciye&#8230; Bu \u00e7ocuklardan d\u00f6rd\u00fc k\u00fc\u00e7\u00fck ya\u015flarda vefat ettiler ve sadece ikisi, Mustafa ile Makbule hayatta kalabildi&#8230; Mustafa\u2019n\u0131n ismine ileriki senelerde Kemal ad\u0131 da il\u00e2ve edilecek ve tarihe Mustafa Kemal diye ge\u00e7ecekti&#8230; Makbule hi\u00e7 okula gitmedi, okuma-yazmay\u0131 bile \u00e7ok sonralar\u0131 \u00f6\u011frendi ve hayat\u0131n\u0131 a\u011fabeyinin g\u00f6lgesinde, onun sa\u011flad\u0131\u011f\u0131 madd\u00ee imk\u00e2nlar ile s\u00fcrd\u00fcrd\u00fc. A\u011fabeyinin vefat\u0131n\u0131n ard\u0131ndan 18 sene daha ya\u015fad\u0131 ama madd\u00ee s\u0131k\u0131nt\u0131ya d\u00fc\u015ft\u00fc, son y\u0131llar\u0131nda devletin ba\u011flad\u0131\u011f\u0131 1000 lira vatan\u00ee hizmet maa\u015f\u0131 ile ge\u00e7inmeye \u00e7al\u0131\u015ft\u0131 ve do\u011fdu\u011fu g\u00fcnden itibaren \u00e7ilelerle dolu hayat\u0131 18 Ocak 1956\u2019da Ankara\u2019da, G\u00fclhane Asker\u00ee Hastahanesi\u2019nin bir odas\u0131nda noktaland\u0131. Bu kitap hep arka pl\u00e2nda kal\u0131p g\u00f6steri\u015fsiz bir hayat ya\u015fayan Makbule Han\u0131m ile kocas\u0131n\u0131n, yani Atat\u00fcrk\u2019\u00fcn eni\u015ftesi Mustafa Mecdi Boysan\u2019\u0131n belgelere dayal\u0131 h\u00fcz\u00fcnl\u00fc hik\u00e2yesidir&#8230; <\/p>\n","protected":false},"excerpt":{"rendered":"<p>Ali R\u0131za Efendi ile Z\u00fcbeyde Han\u0131m\u2019\u0131n alt\u0131 \u00e7ocuklar\u0131 oldu: 1870\u2019lerin ba\u015f\u0131nda Fatma, 1874\u2019te Ahmet, 1875\u2019te \u00d6mer, sonra Mustafa, 1885\u2019te Makbule ve 1889\u2019da da Naciye&#8230; Bu \u00e7ocuklardan<span class=\"excerpt-hellip\"> [\u2026]<\/span><\/p>\n","protected":false},"featured_media":0,"template":"","meta":{"_monsterinsights_skip_tracking":false,"_monsterinsights_sitenote_active":false,"_monsterinsights_sitenote_note":"","_monsterinsights_sitenote_category":0},"product_brand":[],"product_cat":[12304],"product_tag":[],"class_list":{"0":"post-762205","1":"product","2":"type-product","3":"status-publish","5":"product_cat-tarih","6":"pa_cilt-ciltsiz","7":"pa_tur-kitap","8":"pa_yayinevi-turkuvaz-kitap","9":"pa_yazar-murat-bardakci","11":"first","12":"instock","13":"sale","14":"shipping-taxable","15":"purchasable","16":"product-type-simple"},"_links":{"self":[{"href":"https:\/\/roveyayinevi.com.tr\/index.php\/wp-json\/wp\/v2\/product\/762205","targetHints":{"allow":["GET"]}}],"collection":[{"href":"https:\/\/roveyayinevi.com.tr\/index.php\/wp-json\/wp\/v2\/product"}],"about":[{"href":"https:\/\/roveyayinevi.com.tr\/index.php\/wp-json\/wp\/v2\/types\/product"}],"wp:attachment":[{"href":"https:\/\/roveyayinevi.com.tr\/index.php\/wp-json\/wp\/v2\/media?parent=762205"}],"wp:term":[{"taxonomy":"product_brand","embeddable":true,"href":"https:\/\/roveyayinevi.com.tr\/index.php\/wp-json\/wp\/v2\/product_brand?post=762205"},{"taxonomy":"product_cat","embeddable":true,"href":"https:\/\/roveyayinevi.com.tr\/index.php\/wp-json\/wp\/v2\/product_cat?post=762205"},{"taxonomy":"product_tag","embeddable":true,"href":"https:\/\/roveyayinevi.com.tr\/index.php\/wp-json\/wp\/v2\/product_tag?post=762205"}],"curies":[{"name":"wp","href":"https:\/\/api.w.org\/{rel}","templated":true}]}}