{"id":762204,"date":"2025-08-28T10:01:09","date_gmt":"2025-08-28T07:01:09","guid":{"rendered":"https:\/\/roveyayinevi.com.tr\/index.php\/urun\/dunya-disi-yasam-mumkun-mu\/"},"modified":"2026-04-15T03:27:13","modified_gmt":"2026-04-15T00:27:13","slug":"dunya-disi-yasam-mumkun-mu","status":"publish","type":"product","link":"https:\/\/roveyayinevi.com.tr\/index.php\/urun\/dunya-disi-yasam-mumkun-mu\/","title":{"rendered":"D\u00fcnya D\u0131\u015f\u0131 Ya\u015fam M\u00fcmk\u00fcn m\u00fc?"},"content":{"rendered":"<p>Harvard\u2019\u0131n \u00f6nde gelen g\u00f6kbilimcisi Avi Loeb\u2019in, g\u00fcne\u015f sistemimizin yak\u0131n zamanda uzak bir y\u0131ld\u0131zdan gelen geli\u015fmi\u015f uzayl\u0131 teknolojisi taraf\u0131ndan ziyaret edildi\u011fi y\u00f6n\u00fcndeki tart\u0131\u015fmal\u0131 teorisine kulak verin. 2017\u2019nin sonlar\u0131nda, Hawaii\u2019deki bir g\u00f6zlemevindeki bilim insanlar\u0131, i\u00e7 g\u00fcne\u015f sistemimizde s\u00fcz\u00fclen, \u00e7ok h\u0131zl\u0131 hareket eden, ancak ba\u015fka bir y\u0131ld\u0131zdan gelmi\u015f olabilecek bir nesne g\u00f6rd\u00fcler. Avi Loeb bunun bir asteroit olmad\u0131\u011f\u0131n\u0131 g\u00f6sterdi; tuhaf bir y\u00f6r\u00fcngede \u00e7ok h\u0131zl\u0131 hareket ediyordu ve arkas\u0131nda hi\u00e7bir gaz ya da enkaz izi b\u0131rakm\u0131yordu. Akla gelebilecek tek bir a\u00e7\u0131klama vard\u0131: Nesne, uzak bir uzayl\u0131 uygarl\u0131\u011f\u0131n\u0131n yaratt\u0131\u011f\u0131 ileri teknolojinin bir par\u00e7as\u0131yd\u0131. Loeb, D\u00fcnya D\u0131\u015f\u0131 Ya\u015fam M\u00fcmk\u00fcn m\u00fc? kitab\u0131nda okurlar\u0131 g\u00fcne\u015f sistemimizde tespit edilen ilk y\u0131ld\u0131zlararas\u0131 ziyaret\u00e7inin heyecan verici hik\u00e2yesine g\u00f6t\u00fcr\u00fcyor. Tart\u0131\u015fmal\u0131 teorisini ve onun etkili sonu\u00e7lar\u0131n\u0131 bilim, din ve t\u00fcr\u00fcm\u00fcz ile gezegenimizin gelece\u011fi i\u00e7in \u00f6zetliyor. Bilimin, uzay-zaman\u0131n ve insan\u0131n hayal g\u00fcc\u00fcn\u00fcn en uzak noktalar\u0131na uzanan ak\u0131l almaz bir yolculuk olan D\u00fcnya D\u0131\u015f\u0131 Ya\u015fam M\u00fcmk\u00fcn m\u00fc?, okurlar\u0131 y\u0131ld\u0131zlar\u0131 hedeflemeye ve ne kadar tuhaf g\u00f6r\u00fcn\u00fcrse g\u00f6r\u00fcns\u00fcn orada neler oldu\u011fu hakk\u0131nda ele\u015ftirel d\u00fc\u015f\u00fcnmeye davet ediyor. <\/p>\n","protected":false},"excerpt":{"rendered":"<p>Harvard\u2019\u0131n \u00f6nde gelen g\u00f6kbilimcisi Avi Loeb\u2019in, g\u00fcne\u015f sistemimizin yak\u0131n zamanda uzak bir y\u0131ld\u0131zdan gelen geli\u015fmi\u015f uzayl\u0131 teknolojisi taraf\u0131ndan ziyaret edildi\u011fi y\u00f6n\u00fcndeki tart\u0131\u015fmal\u0131 teorisine kulak verin. 2017\u2019nin<span class=\"excerpt-hellip\"> [\u2026]<\/span><\/p>\n","protected":false},"featured_media":0,"template":"","meta":{"_monsterinsights_skip_tracking":false,"_monsterinsights_sitenote_active":false,"_monsterinsights_sitenote_note":"","_monsterinsights_sitenote_category":0},"product_brand":[],"product_cat":[13005],"product_tag":[],"class_list":{"0":"post-762204","1":"product","2":"type-product","3":"status-publish","5":"product_cat-bilim-muhendislik","6":"pa_cilt-ciltsiz","7":"pa_tur-kitap","8":"pa_yayinevi-sahi-kitap","9":"pa_yazar-avi-loeb","11":"first","12":"instock","13":"sale","14":"shipping-taxable","15":"purchasable","16":"product-type-simple"},"_links":{"self":[{"href":"https:\/\/roveyayinevi.com.tr\/index.php\/wp-json\/wp\/v2\/product\/762204","targetHints":{"allow":["GET"]}}],"collection":[{"href":"https:\/\/roveyayinevi.com.tr\/index.php\/wp-json\/wp\/v2\/product"}],"about":[{"href":"https:\/\/roveyayinevi.com.tr\/index.php\/wp-json\/wp\/v2\/types\/product"}],"wp:attachment":[{"href":"https:\/\/roveyayinevi.com.tr\/index.php\/wp-json\/wp\/v2\/media?parent=762204"}],"wp:term":[{"taxonomy":"product_brand","embeddable":true,"href":"https:\/\/roveyayinevi.com.tr\/index.php\/wp-json\/wp\/v2\/product_brand?post=762204"},{"taxonomy":"product_cat","embeddable":true,"href":"https:\/\/roveyayinevi.com.tr\/index.php\/wp-json\/wp\/v2\/product_cat?post=762204"},{"taxonomy":"product_tag","embeddable":true,"href":"https:\/\/roveyayinevi.com.tr\/index.php\/wp-json\/wp\/v2\/product_tag?post=762204"}],"curies":[{"name":"wp","href":"https:\/\/api.w.org\/{rel}","templated":true}]}}