{"id":762202,"date":"2025-08-28T10:01:07","date_gmt":"2025-08-28T07:01:07","guid":{"rendered":"https:\/\/roveyayinevi.com.tr\/index.php\/urun\/islam\/"},"modified":"2026-04-15T03:27:13","modified_gmt":"2026-04-15T00:27:13","slug":"islam","status":"publish","type":"product","link":"https:\/\/roveyayinevi.com.tr\/index.php\/urun\/islam\/","title":{"rendered":"\u0130slam"},"content":{"rendered":"<p>T\u00fcrkiye\u2019de farkl\u0131 ekollere mensup bir\u00e7ok ara\u015ft\u0131rmac\u0131n\u0131n \u00fczerinde uzla\u015ft\u0131\u011f\u0131 nadir isimlerden biri olan Claude Cahen\u2019in bu kitab\u0131 sosyal ve k\u00fclt\u00fcrel tarih \u00fczerine yaz\u0131lm\u0131\u015f klasik eserlerin ba\u015f\u0131nda gelir. Cahen, ilkin \u0130sl\u00e2m toplumlar\u0131n\u0131n geli\u015fim ivmesini harfiyen takip ederek \u0130sl\u00e2m \u00f6ncesi ve sonras\u0131 toplumlar\u0131n ya\u015fay\u0131\u015f ve geleneklerini \u00e7\u00f6z\u00fcmlemektedir. Kitap boyunca s\u0131k\u0131 bir neden ve sonu\u00e7 zincirinden yazar\u0131n kopmad\u0131\u011f\u0131n\u0131 g\u00f6r\u00fcr\u00fcz. Tarihsel ger\u00e7ekler, dil ve terimler konusunda fazlas\u0131yla hassas bir yakla\u015f\u0131m vard\u0131r. Birbirinden farkl\u0131 \u0130sl\u00e2m toplumlar\u0131nda en k\u00fc\u00e7\u00fck ili\u015fki a\u011flar\u0131n\u0131n daha karma\u015f\u0131k, g\u00fc\u00e7 ve rekabete dayal\u0131 b\u00fcy\u00fck yap\u0131lara hangi ko\u015fullarda evrildi\u011fini g\u00f6stermek tarih\u00e7ilik mesle\u011finin ustal\u0131klar\u0131 aras\u0131ndad\u0131r. Cahen\u2019in temel yakla\u015f\u0131m\u0131 da sabit ve dogmatik tezlerden hareket etmek kesinlikle de\u011fildir. Bunun yerine kurum ve yap\u0131lar\u0131 ara\u015ft\u0131rmak, g\u00fcndelik hayat\u0131n ta kendisine e\u011filmek, ekol ve mezhepleri \u00e7\u0131k\u0131\u015f ko\u015fullar\u0131 i\u00e7inde de\u011ferlendirmek, o d\u00f6nemdeki toplumlar\u0131n ay\u0131rt edici \u00f6zelliklerinin alt\u0131n\u0131 \u00e7izmek ve ihtiya\u00e7lara g\u00f6re uygarl\u0131\u011f\u0131n i\u00e7sel dinamiklerini tespit etmek daha kayda de\u011ferdir. B\u00f6ylelikle t\u0131pk\u0131 g\u00fcn\u00fcm\u00fczdeki gibi, y\u00fczy\u0131llar \u00f6ncesinde de son derece somut ve canl\u0131 bir etkile\u015fimin var oldu\u011funu kavrayabiliyoruz. Esasen bu \u00e7al\u0131\u015fmada Claude Cahen\u2019in bir tez olarak okura sundu\u011fu \u015fey, nas\u0131l ki modern zamanlarda Bat\u0131 t\u00fcm d\u00fcnyay\u0131 etkisi alt\u0131na alan geli\u015fmelerden ge\u00e7mi\u015fse, Do\u011fu toplumlar\u0131 da k\u0131smi \u00f6l\u00e7\u00fclerde benzer bir s\u00fcreci deneyimlemi\u015ftir. Bu y\u00f6n\u00fcyle kitapta filizlenen ve modern d\u00f6neme zemin haz\u0131rlayan bir\u00e7ok parlak geli\u015fmeyle art arda kar\u015f\u0131lar\u0131z: \u015eehirle\u015fme, mimari, tar\u0131m, ticaret, hukuk, vergi sistemi, Bat\u0131\u2019ya aktar\u0131lan \u00e7eviriler ve felsefedeki canl\u0131 tart\u0131\u015fmalar akla gelen ilk \u00f6rneklerdir. <\/p>\n","protected":false},"excerpt":{"rendered":"<p>T\u00fcrkiye\u2019de farkl\u0131 ekollere mensup bir\u00e7ok ara\u015ft\u0131rmac\u0131n\u0131n \u00fczerinde uzla\u015ft\u0131\u011f\u0131 nadir isimlerden biri olan Claude Cahen\u2019in bu kitab\u0131 sosyal ve k\u00fclt\u00fcrel tarih \u00fczerine yaz\u0131lm\u0131\u015f klasik eserlerin ba\u015f\u0131nda gelir.<span class=\"excerpt-hellip\"> [\u2026]<\/span><\/p>\n","protected":false},"featured_media":0,"template":"","meta":{"_monsterinsights_skip_tracking":false,"_monsterinsights_sitenote_active":false,"_monsterinsights_sitenote_note":"","_monsterinsights_sitenote_category":0},"product_brand":[],"product_cat":[12304],"product_tag":[],"class_list":{"0":"post-762202","1":"product","2":"type-product","3":"status-publish","5":"product_cat-tarih","6":"pa_cilt-ciltsiz","7":"pa_tur-kitap","8":"pa_yayinevi-dogu-bati-yayinlari","9":"pa_yazar-claude-cahen","11":"first","12":"instock","13":"sale","14":"shipping-taxable","15":"purchasable","16":"product-type-simple"},"_links":{"self":[{"href":"https:\/\/roveyayinevi.com.tr\/index.php\/wp-json\/wp\/v2\/product\/762202","targetHints":{"allow":["GET"]}}],"collection":[{"href":"https:\/\/roveyayinevi.com.tr\/index.php\/wp-json\/wp\/v2\/product"}],"about":[{"href":"https:\/\/roveyayinevi.com.tr\/index.php\/wp-json\/wp\/v2\/types\/product"}],"wp:attachment":[{"href":"https:\/\/roveyayinevi.com.tr\/index.php\/wp-json\/wp\/v2\/media?parent=762202"}],"wp:term":[{"taxonomy":"product_brand","embeddable":true,"href":"https:\/\/roveyayinevi.com.tr\/index.php\/wp-json\/wp\/v2\/product_brand?post=762202"},{"taxonomy":"product_cat","embeddable":true,"href":"https:\/\/roveyayinevi.com.tr\/index.php\/wp-json\/wp\/v2\/product_cat?post=762202"},{"taxonomy":"product_tag","embeddable":true,"href":"https:\/\/roveyayinevi.com.tr\/index.php\/wp-json\/wp\/v2\/product_tag?post=762202"}],"curies":[{"name":"wp","href":"https:\/\/api.w.org\/{rel}","templated":true}]}}