{"id":762201,"date":"2025-08-28T10:01:05","date_gmt":"2025-08-28T07:01:05","guid":{"rendered":"https:\/\/roveyayinevi.com.tr\/index.php\/urun\/lazimlik-kahramanlari-super-ikili-isbasinda\/"},"modified":"2026-04-15T03:27:13","modified_gmt":"2026-04-15T00:27:13","slug":"lazimlik-kahramanlari-super-ikili-isbasinda","status":"publish","type":"product","link":"https:\/\/roveyayinevi.com.tr\/index.php\/urun\/lazimlik-kahramanlari-super-ikili-isbasinda\/","title":{"rendered":"Laz\u0131ml\u0131k Kahramanlar\u0131 S\u00fcper \u0130kili \u0130\u015fba\u015f\u0131nda"},"content":{"rendered":"<p>S\u00dcPER KAHRAMANLAR B\u0130LE LAZIMLIK KULLANIR Muhte\u015fem Melis&#8217;le M\u00fcthi\u015f Mete&#8217;yi \u00e7ok acil bir g\u00f6rev bekliyor. \u00c7ocu\u011funuzla birlikte onlara kat\u0131l\u0131n ve minik s\u00fcper kahraman\u0131n\u0131z\u0131n tuvalet e\u011fitimi s\u0131ras\u0131nda, kazalar\u0131 \u00f6nlemekten elleri mis gibi y\u0131kamaya kadar en temel becerileri edinmesine yard\u0131mc\u0131 olun. <\/p>\n","protected":false},"excerpt":{"rendered":"<p>S\u00dcPER KAHRAMANLAR B\u0130LE LAZIMLIK KULLANIR Muhte\u015fem Melis&#8217;le M\u00fcthi\u015f Mete&#8217;yi \u00e7ok acil bir g\u00f6rev bekliyor. \u00c7ocu\u011funuzla birlikte onlara kat\u0131l\u0131n ve minik s\u00fcper kahraman\u0131n\u0131z\u0131n tuvalet e\u011fitimi s\u0131ras\u0131nda, kazalar\u0131<span class=\"excerpt-hellip\"> [\u2026]<\/span><\/p>\n","protected":false},"featured_media":0,"template":"","meta":{"_monsterinsights_skip_tracking":false,"_monsterinsights_sitenote_active":false,"_monsterinsights_sitenote_note":"","_monsterinsights_sitenote_category":0},"product_brand":[],"product_cat":[12274,12518],"product_tag":[],"class_list":{"0":"post-762201","1":"product","2":"type-product","3":"status-publish","5":"product_cat-cocuk-ve-genclik-kitaplari","6":"product_cat-okul-oncesi-kitaplar","7":"pa_cilt-ciltsiz","8":"pa_tur-kitap","9":"pa_yayinevi-koc-universitesi-yayinlari","10":"pa_yazar-wednesday-jones","12":"first","13":"instock","14":"sale","15":"shipping-taxable","16":"purchasable","17":"product-type-simple"},"_links":{"self":[{"href":"https:\/\/roveyayinevi.com.tr\/index.php\/wp-json\/wp\/v2\/product\/762201","targetHints":{"allow":["GET"]}}],"collection":[{"href":"https:\/\/roveyayinevi.com.tr\/index.php\/wp-json\/wp\/v2\/product"}],"about":[{"href":"https:\/\/roveyayinevi.com.tr\/index.php\/wp-json\/wp\/v2\/types\/product"}],"wp:attachment":[{"href":"https:\/\/roveyayinevi.com.tr\/index.php\/wp-json\/wp\/v2\/media?parent=762201"}],"wp:term":[{"taxonomy":"product_brand","embeddable":true,"href":"https:\/\/roveyayinevi.com.tr\/index.php\/wp-json\/wp\/v2\/product_brand?post=762201"},{"taxonomy":"product_cat","embeddable":true,"href":"https:\/\/roveyayinevi.com.tr\/index.php\/wp-json\/wp\/v2\/product_cat?post=762201"},{"taxonomy":"product_tag","embeddable":true,"href":"https:\/\/roveyayinevi.com.tr\/index.php\/wp-json\/wp\/v2\/product_tag?post=762201"}],"curies":[{"name":"wp","href":"https:\/\/api.w.org\/{rel}","templated":true}]}}