{"id":762200,"date":"2025-08-28T10:01:03","date_gmt":"2025-08-28T07:01:03","guid":{"rendered":"https:\/\/roveyayinevi.com.tr\/index.php\/urun\/okulda-ilk-gunum\/"},"modified":"2026-04-15T03:27:13","modified_gmt":"2026-04-15T00:27:13","slug":"okulda-ilk-gunum","status":"publish","type":"product","link":"https:\/\/roveyayinevi.com.tr\/index.php\/urun\/okulda-ilk-gunum\/","title":{"rendered":"Okulda \u0130lk G\u00fcn\u00fcm"},"content":{"rendered":"<p>Bug\u00fcn okulun ilk g\u00fcn\u00fc!Ama Maya\u2019n\u0131n i\u00e7i p\u0131r p\u0131r ediyor\u2026 Okula ba\u015flaman\u0131n hi\u00e7 de \u00f6yle korkulacak bir yan\u0131 olmad\u0131\u011f\u0131n\u0131 ke\u015ffeden Maya\u2019ya ve en yak\u0131n arkada\u015f\u0131 Dino\u2019ya sen de kat\u0131lmak ister misin?Okula ba\u015flamak, b\u00fcy\u00fcklerinden ilk kez ayr\u0131lan k\u00fc\u00e7\u00fck \u00e7ocuklar i\u00e7in \u00e7ok korkutucu olabilir. Bu kitab\u0131, ya\u015fam\u0131n\u0131n bu \u00f6nemli g\u00fcn\u00fcnde akl\u0131na tak\u0131lan sorulara yan\u0131t arayan \u00e7ocu\u011funuzun kendini g\u00fcvende hissetmesini sa\u011flayacak bir rehber olarak kullanabilirsiniz. <\/p>\n","protected":false},"excerpt":{"rendered":"<p>Bug\u00fcn okulun ilk g\u00fcn\u00fc!Ama Maya\u2019n\u0131n i\u00e7i p\u0131r p\u0131r ediyor\u2026 Okula ba\u015flaman\u0131n hi\u00e7 de \u00f6yle korkulacak bir yan\u0131 olmad\u0131\u011f\u0131n\u0131 ke\u015ffeden Maya\u2019ya ve en yak\u0131n arkada\u015f\u0131 Dino\u2019ya sen<span class=\"excerpt-hellip\"> [\u2026]<\/span><\/p>\n","protected":false},"featured_media":0,"template":"","meta":{"_monsterinsights_skip_tracking":false,"_monsterinsights_sitenote_active":false,"_monsterinsights_sitenote_note":"","_monsterinsights_sitenote_category":0},"product_brand":[],"product_cat":[12274,12518],"product_tag":[],"class_list":{"0":"post-762200","1":"product","2":"type-product","3":"status-publish","5":"product_cat-cocuk-ve-genclik-kitaplari","6":"product_cat-okul-oncesi-kitaplar","7":"pa_cilt-ciltsiz","8":"pa_tur-kitap","9":"pa_yayinevi-koc-universitesi-yayinlari","10":"pa_yazar-willow-green","12":"first","13":"instock","14":"sale","15":"shipping-taxable","16":"purchasable","17":"product-type-simple"},"_links":{"self":[{"href":"https:\/\/roveyayinevi.com.tr\/index.php\/wp-json\/wp\/v2\/product\/762200","targetHints":{"allow":["GET"]}}],"collection":[{"href":"https:\/\/roveyayinevi.com.tr\/index.php\/wp-json\/wp\/v2\/product"}],"about":[{"href":"https:\/\/roveyayinevi.com.tr\/index.php\/wp-json\/wp\/v2\/types\/product"}],"wp:attachment":[{"href":"https:\/\/roveyayinevi.com.tr\/index.php\/wp-json\/wp\/v2\/media?parent=762200"}],"wp:term":[{"taxonomy":"product_brand","embeddable":true,"href":"https:\/\/roveyayinevi.com.tr\/index.php\/wp-json\/wp\/v2\/product_brand?post=762200"},{"taxonomy":"product_cat","embeddable":true,"href":"https:\/\/roveyayinevi.com.tr\/index.php\/wp-json\/wp\/v2\/product_cat?post=762200"},{"taxonomy":"product_tag","embeddable":true,"href":"https:\/\/roveyayinevi.com.tr\/index.php\/wp-json\/wp\/v2\/product_tag?post=762200"}],"curies":[{"name":"wp","href":"https:\/\/api.w.org\/{rel}","templated":true}]}}