{"id":762198,"date":"2025-08-28T10:01:00","date_gmt":"2025-08-28T07:01:00","guid":{"rendered":"https:\/\/roveyayinevi.com.tr\/index.php\/urun\/kendime-ait-bir-yer\/"},"modified":"2026-04-15T03:27:13","modified_gmt":"2026-04-15T00:27:13","slug":"kendime-ait-bir-yer","status":"publish","type":"product","link":"https:\/\/roveyayinevi.com.tr\/index.php\/urun\/kendime-ait-bir-yer\/","title":{"rendered":"Kendime Ait Bir Yer"},"content":{"rendered":"<p>G\u00fcm\u00fc\u015f, kalabal\u0131k ve g\u00fcr\u00fclt\u00fcc\u00fc bir fare ailesinin en k\u00fc\u00e7\u00fck faresiydi. Yaln\u0131z kalabilece\u011fi ve hi\u00e7bir \u015fey yapmadan durabilece\u011fi sakin bir k\u00f6\u015fe istiyordu. Ancak b\u00fcy\u00fck a\u011fac\u0131n alt\u0131ndaki yuvalar\u0131nda \u00f6yle \u00f6zel bir yer yoktu. G\u00fcr\u00fclt\u00fcc\u00fc karde\u015fleri her yerdeydi. G\u00fcm\u00fc\u015f d\u00fcnyay\u0131 dola\u015f\u0131p, kendine uygun bir yer aramaya karar verdi. Ama \u00f6yle bir yer bulmak, hazine bulmaktan daha zordu&#8230; <\/p>\n","protected":false},"excerpt":{"rendered":"<p>G\u00fcm\u00fc\u015f, kalabal\u0131k ve g\u00fcr\u00fclt\u00fcc\u00fc bir fare ailesinin en k\u00fc\u00e7\u00fck faresiydi. Yaln\u0131z kalabilece\u011fi ve hi\u00e7bir \u015fey yapmadan durabilece\u011fi sakin bir k\u00f6\u015fe istiyordu. Ancak b\u00fcy\u00fck a\u011fac\u0131n alt\u0131ndaki yuvalar\u0131nda<span class=\"excerpt-hellip\"> [\u2026]<\/span><\/p>\n","protected":false},"featured_media":0,"template":"","meta":{"_monsterinsights_skip_tracking":false,"_monsterinsights_sitenote_active":false,"_monsterinsights_sitenote_note":"","_monsterinsights_sitenote_category":0},"product_brand":[],"product_cat":[12274,12518],"product_tag":[],"class_list":{"0":"post-762198","1":"product","2":"type-product","3":"status-publish","5":"product_cat-cocuk-ve-genclik-kitaplari","6":"product_cat-okul-oncesi-kitaplar","7":"pa_cilt-ciltsiz","8":"pa_tur-kitap","9":"pa_yayinevi-koc-universitesi-yayinlari","10":"pa_yazar-loredana-baldinucci","12":"first","13":"instock","14":"sale","15":"shipping-taxable","16":"purchasable","17":"product-type-simple"},"_links":{"self":[{"href":"https:\/\/roveyayinevi.com.tr\/index.php\/wp-json\/wp\/v2\/product\/762198","targetHints":{"allow":["GET"]}}],"collection":[{"href":"https:\/\/roveyayinevi.com.tr\/index.php\/wp-json\/wp\/v2\/product"}],"about":[{"href":"https:\/\/roveyayinevi.com.tr\/index.php\/wp-json\/wp\/v2\/types\/product"}],"wp:attachment":[{"href":"https:\/\/roveyayinevi.com.tr\/index.php\/wp-json\/wp\/v2\/media?parent=762198"}],"wp:term":[{"taxonomy":"product_brand","embeddable":true,"href":"https:\/\/roveyayinevi.com.tr\/index.php\/wp-json\/wp\/v2\/product_brand?post=762198"},{"taxonomy":"product_cat","embeddable":true,"href":"https:\/\/roveyayinevi.com.tr\/index.php\/wp-json\/wp\/v2\/product_cat?post=762198"},{"taxonomy":"product_tag","embeddable":true,"href":"https:\/\/roveyayinevi.com.tr\/index.php\/wp-json\/wp\/v2\/product_tag?post=762198"}],"curies":[{"name":"wp","href":"https:\/\/api.w.org\/{rel}","templated":true}]}}