{"id":762197,"date":"2025-08-28T10:00:58","date_gmt":"2025-08-28T07:00:58","guid":{"rendered":"https:\/\/roveyayinevi.com.tr\/index.php\/urun\/eglenceli-sorular-ilginc-cevaplar-inanilmaz-seyahatler\/"},"modified":"2026-04-15T03:27:13","modified_gmt":"2026-04-15T00:27:13","slug":"eglenceli-sorular-ilginc-cevaplar-inanilmaz-seyahatler","status":"publish","type":"product","link":"https:\/\/roveyayinevi.com.tr\/index.php\/urun\/eglenceli-sorular-ilginc-cevaplar-inanilmaz-seyahatler\/","title":{"rendered":"E\u011flenceli Sorular \u0130lgin\u00e7 Cevaplar &#8211; \u0130nan\u0131lmaz Seyahatler"},"content":{"rendered":"<p>Ne kadar Y\u00dcKSEKTEN u\u00e7abilirsin? Pedal \u00e7evirerek bir U\u00c7A\u011eI u\u00e7urabilir misin? Antarktika\u2019dan kim kurtuldu? Senin de akl\u0131nda bir s\u00fcr\u00fc \u0130LG\u0130N\u00c7 soru var m\u0131? \u0130lham verici cevaplarla dolu bir kitap! Z\u0131p\u0131r maceralar\u0131n ard\u0131ndaki hik\u00e2yeleri e\u011flenceli \u00e7izimler ve inan\u0131lmaz bilgiler e\u015fli\u011finde \u00f6\u011fren.   <\/p>\n","protected":false},"excerpt":{"rendered":"<p>Ne kadar Y\u00dcKSEKTEN u\u00e7abilirsin? Pedal \u00e7evirerek bir U\u00c7A\u011eI u\u00e7urabilir misin? Antarktika\u2019dan kim kurtuldu? Senin de akl\u0131nda bir s\u00fcr\u00fc \u0130LG\u0130N\u00c7 soru var m\u0131? \u0130lham verici cevaplarla dolu<span class=\"excerpt-hellip\"> [\u2026]<\/span><\/p>\n","protected":false},"featured_media":0,"template":"","meta":{"_monsterinsights_skip_tracking":false,"_monsterinsights_sitenote_active":false,"_monsterinsights_sitenote_note":"","_monsterinsights_sitenote_category":0},"product_brand":[],"product_cat":[13829,12274],"product_tag":[],"class_list":{"0":"post-762197","1":"product","2":"type-product","3":"status-publish","5":"product_cat-bilimsel-kitaplar","6":"product_cat-cocuk-ve-genclik-kitaplari","7":"pa_cilt-ciltsiz","8":"pa_tur-kitap","9":"pa_yayinevi-koc-universitesi-yayinlari","10":"pa_yazar-anna-claybourne","12":"first","13":"instock","14":"sale","15":"shipping-taxable","16":"purchasable","17":"product-type-simple"},"_links":{"self":[{"href":"https:\/\/roveyayinevi.com.tr\/index.php\/wp-json\/wp\/v2\/product\/762197","targetHints":{"allow":["GET"]}}],"collection":[{"href":"https:\/\/roveyayinevi.com.tr\/index.php\/wp-json\/wp\/v2\/product"}],"about":[{"href":"https:\/\/roveyayinevi.com.tr\/index.php\/wp-json\/wp\/v2\/types\/product"}],"wp:attachment":[{"href":"https:\/\/roveyayinevi.com.tr\/index.php\/wp-json\/wp\/v2\/media?parent=762197"}],"wp:term":[{"taxonomy":"product_brand","embeddable":true,"href":"https:\/\/roveyayinevi.com.tr\/index.php\/wp-json\/wp\/v2\/product_brand?post=762197"},{"taxonomy":"product_cat","embeddable":true,"href":"https:\/\/roveyayinevi.com.tr\/index.php\/wp-json\/wp\/v2\/product_cat?post=762197"},{"taxonomy":"product_tag","embeddable":true,"href":"https:\/\/roveyayinevi.com.tr\/index.php\/wp-json\/wp\/v2\/product_tag?post=762197"}],"curies":[{"name":"wp","href":"https:\/\/api.w.org\/{rel}","templated":true}]}}