{"id":762196,"date":"2025-08-28T10:00:56","date_gmt":"2025-08-28T07:00:56","guid":{"rendered":"https:\/\/roveyayinevi.com.tr\/index.php\/urun\/eglenceli-sorular-ilginc-cevaplar-buyuk-kasifler\/"},"modified":"2026-04-15T03:27:13","modified_gmt":"2026-04-15T00:27:13","slug":"eglenceli-sorular-ilginc-cevaplar-buyuk-kasifler","status":"publish","type":"product","link":"https:\/\/roveyayinevi.com.tr\/index.php\/urun\/eglenceli-sorular-ilginc-cevaplar-buyuk-kasifler\/","title":{"rendered":"E\u011flenceli Sorular \u0130lgin\u00e7 Cevaplar &#8211; B\u00fcy\u00fck Ka\u015fifler"},"content":{"rendered":"<p>R\u00dcYA gibi bir seyahate kim \u00e7\u0131kt\u0131? \u0130nsanlar KE\u015eFETMEYE ne zaman ba\u015flad\u0131? Dondurma \u0130TALYA\u2019YA nas\u0131l geldi? Senin de akl\u0131nda bir s\u00fcr\u00fc ilgin\u00e7 soru var m\u0131? \u0130lham verici cevaplarla dolu bir kitap! Bu d\u00fcnyadaki ve \u00f6tesindeki ke\u015fiflerin hik\u00e2yelerini e\u011flenceli \u00e7izimler ve inan\u0131lmaz bilgiler e\u015fli\u011finde \u00f6\u011fren. <\/p>\n","protected":false},"excerpt":{"rendered":"<p>R\u00dcYA gibi bir seyahate kim \u00e7\u0131kt\u0131? \u0130nsanlar KE\u015eFETMEYE ne zaman ba\u015flad\u0131? Dondurma \u0130TALYA\u2019YA nas\u0131l geldi? Senin de akl\u0131nda bir s\u00fcr\u00fc ilgin\u00e7 soru var m\u0131? \u0130lham verici<span class=\"excerpt-hellip\"> [\u2026]<\/span><\/p>\n","protected":false},"featured_media":0,"template":"","meta":{"_monsterinsights_skip_tracking":false,"_monsterinsights_sitenote_active":false,"_monsterinsights_sitenote_note":"","_monsterinsights_sitenote_category":0},"product_brand":[],"product_cat":[13829,12274],"product_tag":[],"class_list":{"0":"post-762196","1":"product","2":"type-product","3":"status-publish","5":"product_cat-bilimsel-kitaplar","6":"product_cat-cocuk-ve-genclik-kitaplari","7":"pa_cilt-ciltsiz","8":"pa_tur-kitap","9":"pa_yayinevi-koc-universitesi-yayinlari","10":"pa_yazar-simon-adams","12":"first","13":"instock","14":"sale","15":"shipping-taxable","16":"purchasable","17":"product-type-simple"},"_links":{"self":[{"href":"https:\/\/roveyayinevi.com.tr\/index.php\/wp-json\/wp\/v2\/product\/762196","targetHints":{"allow":["GET"]}}],"collection":[{"href":"https:\/\/roveyayinevi.com.tr\/index.php\/wp-json\/wp\/v2\/product"}],"about":[{"href":"https:\/\/roveyayinevi.com.tr\/index.php\/wp-json\/wp\/v2\/types\/product"}],"wp:attachment":[{"href":"https:\/\/roveyayinevi.com.tr\/index.php\/wp-json\/wp\/v2\/media?parent=762196"}],"wp:term":[{"taxonomy":"product_brand","embeddable":true,"href":"https:\/\/roveyayinevi.com.tr\/index.php\/wp-json\/wp\/v2\/product_brand?post=762196"},{"taxonomy":"product_cat","embeddable":true,"href":"https:\/\/roveyayinevi.com.tr\/index.php\/wp-json\/wp\/v2\/product_cat?post=762196"},{"taxonomy":"product_tag","embeddable":true,"href":"https:\/\/roveyayinevi.com.tr\/index.php\/wp-json\/wp\/v2\/product_tag?post=762196"}],"curies":[{"name":"wp","href":"https:\/\/api.w.org\/{rel}","templated":true}]}}