{"id":762195,"date":"2025-08-28T10:00:55","date_gmt":"2025-08-28T07:00:55","guid":{"rendered":"https:\/\/roveyayinevi.com.tr\/index.php\/urun\/yasam-kayit-kilavuzu\/"},"modified":"2026-04-15T03:27:13","modified_gmt":"2026-04-15T00:27:13","slug":"yasam-kayit-kilavuzu","status":"publish","type":"product","link":"https:\/\/roveyayinevi.com.tr\/index.php\/urun\/yasam-kayit-kilavuzu\/","title":{"rendered":"Ya\u015fam Kay\u0131t K\u0131lavuzu"},"content":{"rendered":"<p>Att\u0131\u011f\u0131n her ad\u0131mla kayda de\u011fersin! Boyutlardan birine tak\u0131l\u0131p kald\u0131\u011f\u0131m\u0131z ve d\u00f6rt boyutta ayn\u0131 anda var olamad\u0131\u011f\u0131m\u0131z her an kay\u0131ts\u0131z ya\u015f\u0131yoruz. Ya\u015fam Kay\u0131t K\u0131lavuzu her \u00e2n\u0131n b\u00fct\u00fcnsel bir \u015fekilde ya\u015fanabilir oldu\u011funu ve her deneyimin \u201ckayda de\u011fer\u201d oldu\u011funu kan\u0131tlamak i\u00e7in tasarland\u0131. G\u00fcnl\u00fck sistemiyle her g\u00fcn size rehberlik etmeyi vadeden bu k\u0131lavuz, sizi asla t\u00fckenmeyecek bir kaynakla tan\u0131\u015ft\u0131rmay\u0131 hedefliyor: \u0130htiyac\u0131n\u0131z olan cevaplar\u0131 ortaya \u00e7\u0131karacak do\u011fru sorular\u0131 sorma becerisi. Kendine \u00f6z h\u00fcnerleriyle ko\u00e7luk yapmak isteyen herkesi, bu sayfalar\u0131n i\u00e7inde etkili \u00e7al\u0131\u015fmalar bekliyor. D\u00f6rt boyutta \u00e7\u00f6z\u00fcm yaratmay\u0131 \u00f6\u011frenmek i\u00e7in \u00f6ze ko\u00e7luk aday\u0131 olmaya haz\u0131r m\u0131s\u0131n\u0131z? K\u00f6kte anlam vard\u0131r ve o anlam, her \u015feyin ba\u015flang\u0131\u00e7 noktas\u0131d\u0131r. Yapmaya \u00e7al\u0131\u015ft\u0131\u011f\u0131m\u0131z \u015fey, k\u00f6klerde gizlenen anlam\u0131 sorularla ortaya \u00e7\u0131karmakt\u0131r.<\/p>\n","protected":false},"excerpt":{"rendered":"<p>Att\u0131\u011f\u0131n her ad\u0131mla kayda de\u011fersin! Boyutlardan birine tak\u0131l\u0131p kald\u0131\u011f\u0131m\u0131z ve d\u00f6rt boyutta ayn\u0131 anda var olamad\u0131\u011f\u0131m\u0131z her an kay\u0131ts\u0131z ya\u015f\u0131yoruz. Ya\u015fam Kay\u0131t K\u0131lavuzu her \u00e2n\u0131n b\u00fct\u00fcnsel<span class=\"excerpt-hellip\"> [\u2026]<\/span><\/p>\n","protected":false},"featured_media":0,"template":"","meta":{"_monsterinsights_skip_tracking":false,"_monsterinsights_sitenote_active":false,"_monsterinsights_sitenote_note":"","_monsterinsights_sitenote_category":0},"product_brand":[],"product_cat":[12364,12376],"product_tag":[],"class_list":{"0":"post-762195","1":"product","2":"type-product","3":"status-publish","5":"product_cat-genel-konular","6":"product_cat-kisisel-gelisim","7":"pa_cilt-ciltsiz","8":"pa_tur-kitap","9":"pa_yayinevi-muptela-yayinevi","10":"pa_yazar-burcu-topcu-ekelik","12":"first","13":"instock","14":"sale","15":"shipping-taxable","16":"purchasable","17":"product-type-simple"},"_links":{"self":[{"href":"https:\/\/roveyayinevi.com.tr\/index.php\/wp-json\/wp\/v2\/product\/762195","targetHints":{"allow":["GET"]}}],"collection":[{"href":"https:\/\/roveyayinevi.com.tr\/index.php\/wp-json\/wp\/v2\/product"}],"about":[{"href":"https:\/\/roveyayinevi.com.tr\/index.php\/wp-json\/wp\/v2\/types\/product"}],"wp:attachment":[{"href":"https:\/\/roveyayinevi.com.tr\/index.php\/wp-json\/wp\/v2\/media?parent=762195"}],"wp:term":[{"taxonomy":"product_brand","embeddable":true,"href":"https:\/\/roveyayinevi.com.tr\/index.php\/wp-json\/wp\/v2\/product_brand?post=762195"},{"taxonomy":"product_cat","embeddable":true,"href":"https:\/\/roveyayinevi.com.tr\/index.php\/wp-json\/wp\/v2\/product_cat?post=762195"},{"taxonomy":"product_tag","embeddable":true,"href":"https:\/\/roveyayinevi.com.tr\/index.php\/wp-json\/wp\/v2\/product_tag?post=762195"}],"curies":[{"name":"wp","href":"https:\/\/api.w.org\/{rel}","templated":true}]}}