{"id":762194,"date":"2025-08-28T10:00:53","date_gmt":"2025-08-28T07:00:53","guid":{"rendered":"https:\/\/roveyayinevi.com.tr\/index.php\/urun\/bizim-kasabanin-ejderhasi\/"},"modified":"2026-04-03T03:19:15","modified_gmt":"2026-04-03T00:19:15","slug":"bizim-kasabanin-ejderhasi","status":"publish","type":"product","link":"https:\/\/roveyayinevi.com.tr\/index.php\/urun\/bizim-kasabanin-ejderhasi\/","title":{"rendered":"Bizim Kasaban\u0131n Ejderhas\u0131"},"content":{"rendered":"<p>K\u00fc\u00e7\u00fck bir kasabada ya\u015fayan Demir\u2019in en b\u00fcy\u00fck hayali bir ejderhas\u0131n\u0131n olmas\u0131yd\u0131. Ancak arkada\u015flar\u0131 Duru, Roro, Lili ve Talu\u2019nun ona s\u0131k s\u0131k hat\u0131rlatt\u0131\u011f\u0131 gibi ejderhalar ger\u00e7ek de\u011fildi. Yoksa \u00f6yle miydi? Kasabalar\u0131nda her y\u0131l geleneksel olarak d\u00fczenlenen festival g\u00fcn\u00fc gelip \u00e7atm\u0131\u015ft\u0131. Horoz \u015fekerler ve at\u0131\u015ft\u0131rmal\u0131klar yeniyor, \u00e7e\u015fitli etkinliklerde b\u00fcy\u00fck-k\u00fc\u00e7\u00fck herkes e\u011fleniyordu. Ta ki pamuk \u015feker arabas\u0131nda \u00e7al\u0131\u015fan Demir\u2019in paras\u0131 tuhaf bir r\u00fczg\u00e2ra kap\u0131l\u0131p u\u00e7ana ve bir maceran\u0131n ortas\u0131na d\u00fc\u015fene dek. B\u00f6ylece be\u015f arkada\u015f kendilerini, kay\u0131p par\u015f\u00f6menlerin pe\u015finde, b\u00fcy\u00fcl\u00fc bir yolculukta buldular. Demir, Duru, Roro, Lili ve Talu; birlik olup kar\u015f\u0131lar\u0131na \u00e7\u0131kan zorluklar\u0131n \u00fcstesinden gelmeli ve kendilerine verilen \u00f6nemli g\u00f6revi ba\u015far\u0131yla tamamlamal\u0131yd\u0131lar. Tamamlayamazlarsa bu kitap da dahil b\u00fct\u00fcn kitaplar\u0131n ba\u015f\u0131 dertte demektir!<\/p>\n","protected":false},"excerpt":{"rendered":"<p>K\u00fc\u00e7\u00fck bir kasabada ya\u015fayan Demir\u2019in en b\u00fcy\u00fck hayali bir ejderhas\u0131n\u0131n olmas\u0131yd\u0131. Ancak arkada\u015flar\u0131 Duru, Roro, Lili ve Talu\u2019nun ona s\u0131k s\u0131k hat\u0131rlatt\u0131\u011f\u0131 gibi ejderhalar ger\u00e7ek de\u011fildi.<span class=\"excerpt-hellip\"> [\u2026]<\/span><\/p>\n","protected":false},"featured_media":0,"template":"","meta":{"_monsterinsights_skip_tracking":false,"_monsterinsights_sitenote_active":false,"_monsterinsights_sitenote_note":"","_monsterinsights_sitenote_category":0},"product_brand":[],"product_cat":[12274,12284],"product_tag":[],"class_list":{"0":"post-762194","1":"product","2":"type-product","3":"status-publish","5":"product_cat-cocuk-ve-genclik-kitaplari","6":"product_cat-hikayeler","7":"pa_cilt-ciltsiz","8":"pa_tur-kitap","9":"pa_yayinevi-ithaki-yayinlari","10":"pa_yazar-serpil-caliskan","12":"first","13":"instock","14":"sale","15":"shipping-taxable","16":"purchasable","17":"product-type-simple"},"_links":{"self":[{"href":"https:\/\/roveyayinevi.com.tr\/index.php\/wp-json\/wp\/v2\/product\/762194","targetHints":{"allow":["GET"]}}],"collection":[{"href":"https:\/\/roveyayinevi.com.tr\/index.php\/wp-json\/wp\/v2\/product"}],"about":[{"href":"https:\/\/roveyayinevi.com.tr\/index.php\/wp-json\/wp\/v2\/types\/product"}],"wp:attachment":[{"href":"https:\/\/roveyayinevi.com.tr\/index.php\/wp-json\/wp\/v2\/media?parent=762194"}],"wp:term":[{"taxonomy":"product_brand","embeddable":true,"href":"https:\/\/roveyayinevi.com.tr\/index.php\/wp-json\/wp\/v2\/product_brand?post=762194"},{"taxonomy":"product_cat","embeddable":true,"href":"https:\/\/roveyayinevi.com.tr\/index.php\/wp-json\/wp\/v2\/product_cat?post=762194"},{"taxonomy":"product_tag","embeddable":true,"href":"https:\/\/roveyayinevi.com.tr\/index.php\/wp-json\/wp\/v2\/product_tag?post=762194"}],"curies":[{"name":"wp","href":"https:\/\/api.w.org\/{rel}","templated":true}]}}