{"id":762192,"date":"2025-08-28T10:00:50","date_gmt":"2025-08-28T07:00:50","guid":{"rendered":"https:\/\/roveyayinevi.com.tr\/index.php\/urun\/duygusal-cehalet\/"},"modified":"2026-04-15T03:27:13","modified_gmt":"2026-04-15T00:27:13","slug":"duygusal-cehalet","status":"publish","type":"product","link":"https:\/\/roveyayinevi.com.tr\/index.php\/urun\/duygusal-cehalet\/","title":{"rendered":"Duygusal Cehalet"},"content":{"rendered":"<p>\u201cS\u00f6ylemeliyim ki, insanlarla \u00e7al\u0131\u015fmay\u0131 hi\u00e7 sevmemi\u015fimdir. Onlar\u0131n mant\u0131ks\u0131z ve ahmak\u00e7a duygular\u0131 beni rahats\u0131z ediyor.\u201d \u2014Mr. Spock, (Star Trek, S3B7)Duygular&#8230; Tam bir ba\u015f belas\u0131, de\u011fil mi? Ke\u015fke hepimiz daha az duygusal ve \u00e7ok daha mant\u0131kl\u0131 olsayd\u0131k, belki ba\u015f\u0131m\u0131za gelenlerin yar\u0131s\u0131na bile katlanmak zorunda kalmazd\u0131k.Ama duygular\u0131 ba\u015f belas\u0131 olarak tan\u0131mlamak ger\u00e7ekten adil mi? Duygular ger\u00e7ekten de onsuz daha iyi olaca\u011f\u0131m\u0131z bir t\u00fcr bili\u015fsel ek mi? Yoksa daha derin bir amaca m\u0131 hizmet ediyorlar? Beynimizin de\u011ferli kaynaklar\u0131n\u0131 bu kadar fazla kulland\u0131klar\u0131na g\u00f6re, duygular\u0131n evrimle\u015fmesinin bir nedeni olmal\u0131. Peki nedir bu sebep? Ve beyinde nas\u0131l i\u015fliyorlar? Bir bebe\u011fin anne karn\u0131ndan \u00e7\u0131kt\u0131ktan sadece birka\u00e7 saniye sonra b\u00fcy\u00fck bir s\u0131k\u0131nt\u0131yla a\u011flamas\u0131n\u0131 d\u00fc\u015f\u00fcn\u00fcrsek e\u011fer, do\u011fu\u015ftan m\u0131 geliyorlar? Yoksa zaman i\u00e7inde ve \u00e7evremizle edindi\u011fimiz deneyimlerle mi \u00f6\u011freniliyorlar?Psiko-Lojik ve Mutlu Beyin kitaplar\u0131n\u0131n yazar\u0131 Dean Burnett, Duygusal Cehalet\u2019te t\u00fcm bu sorular\u0131 ve daha fazlas\u0131n\u0131 ara\u015ft\u0131r\u0131yor. Burnett, kapsaml\u0131 ara\u015ft\u0131rmalar\u0131 uzman analizleriyle birle\u015ftirerek, duygusal ya\u015famlar\u0131m\u0131z\u0131n alt\u0131nda yatan bilimin b\u00fcy\u00fcleyici, samimi ve e\u011flenceli bir anlat\u0131m\u0131n\u0131 ortaya koyuyor.<\/p>\n","protected":false},"excerpt":{"rendered":"<p>\u201cS\u00f6ylemeliyim ki, insanlarla \u00e7al\u0131\u015fmay\u0131 hi\u00e7 sevmemi\u015fimdir. Onlar\u0131n mant\u0131ks\u0131z ve ahmak\u00e7a duygular\u0131 beni rahats\u0131z ediyor.\u201d \u2014Mr. Spock, (Star Trek, S3B7)Duygular&#8230; Tam bir ba\u015f belas\u0131, de\u011fil mi? Ke\u015fke<span class=\"excerpt-hellip\"> [\u2026]<\/span><\/p>\n","protected":false},"featured_media":0,"template":"","meta":{"_monsterinsights_skip_tracking":false,"_monsterinsights_sitenote_active":false,"_monsterinsights_sitenote_note":"","_monsterinsights_sitenote_category":0},"product_brand":[],"product_cat":[12358,12357],"product_tag":[],"class_list":{"0":"post-762192","1":"product","2":"type-product","3":"status-publish","5":"product_cat-genel-psikoloji","6":"product_cat-psikoloji","7":"pa_cilt-ciltsiz","8":"pa_tur-kitap","9":"pa_yayinevi-nova-kitap","10":"pa_yazar-dean-burnett","12":"first","13":"instock","14":"sale","15":"shipping-taxable","16":"purchasable","17":"product-type-simple"},"_links":{"self":[{"href":"https:\/\/roveyayinevi.com.tr\/index.php\/wp-json\/wp\/v2\/product\/762192","targetHints":{"allow":["GET"]}}],"collection":[{"href":"https:\/\/roveyayinevi.com.tr\/index.php\/wp-json\/wp\/v2\/product"}],"about":[{"href":"https:\/\/roveyayinevi.com.tr\/index.php\/wp-json\/wp\/v2\/types\/product"}],"wp:attachment":[{"href":"https:\/\/roveyayinevi.com.tr\/index.php\/wp-json\/wp\/v2\/media?parent=762192"}],"wp:term":[{"taxonomy":"product_brand","embeddable":true,"href":"https:\/\/roveyayinevi.com.tr\/index.php\/wp-json\/wp\/v2\/product_brand?post=762192"},{"taxonomy":"product_cat","embeddable":true,"href":"https:\/\/roveyayinevi.com.tr\/index.php\/wp-json\/wp\/v2\/product_cat?post=762192"},{"taxonomy":"product_tag","embeddable":true,"href":"https:\/\/roveyayinevi.com.tr\/index.php\/wp-json\/wp\/v2\/product_tag?post=762192"}],"curies":[{"name":"wp","href":"https:\/\/api.w.org\/{rel}","templated":true}]}}