{"id":762191,"date":"2025-08-28T10:00:48","date_gmt":"2025-08-28T07:00:48","guid":{"rendered":"https:\/\/roveyayinevi.com.tr\/index.php\/urun\/daisy-darker\/"},"modified":"2026-04-15T03:27:13","modified_gmt":"2026-04-15T00:27:13","slug":"daisy-darker","status":"publish","type":"product","link":"https:\/\/roveyayinevi.com.tr\/index.php\/urun\/daisy-darker\/","title":{"rendered":"Daisy Darker"},"content":{"rendered":"<p>BAZI SIRLAR G\u0130ZLEND\u0130\u011e\u0130 G\u00d6LGELERDEN DAHA KARANLIKTIR.Darker ailesi, birbirlerinden uzak ge\u00e7irdikleri on y\u0131l\u0131n ard\u0131ndan bir araya gelmi\u015f ve ninelerinin 80. ya\u015f g\u00fcn\u00fc i\u00e7in bir gelgit adas\u0131ndaki Deniz Cam\u0131 ad\u0131n\u0131 verdikleri evlerinde bulu\u015fmu\u015ftu. Ancak her gece oldu\u011fu gibi, o gece de gelgit ba\u015flad\u0131\u011f\u0131nda, sekiz saat boyunca d\u00fcnyan\u0131n geri kalan\u0131yla ba\u011flant\u0131lar\u0131 kesildi. Deniz Cam\u0131\u2019n\u0131n duvarlar\u0131ndaki saatler on ikiyi g\u00f6sterdi\u011finde art\u0131k hi\u00e7bir \u015fey eskisi gibi olmayacakt\u0131.Gece yar\u0131s\u0131 f\u0131rt\u0131na \u015fiddetlenirken nineleri \u00f6l\u00fc bulundu. Bir saat sonra ise aralar\u0131ndan bir ba\u015fkas\u0131&#8230;Ailenin her \u00fcyesinin kendine ait s\u0131rlar\u0131 vard\u0131; ancak baz\u0131 s\u0131rlar di\u011ferlerinden \u00e7ok daha karanl\u0131kt\u0131.Birinin onlar\u0131 teker teker \u00f6ld\u00fcrd\u00fc\u011f\u00fc bu adada mahsur kalan Darkerlar, sular \u00e7ekilip her \u015fey g\u00fcn y\u00fcz\u00fcne \u00e7\u0131kmadan \u00f6nce hem bu gizemle hem de ge\u00e7mi\u015fteki s\u0131rlar\u0131yla hesapla\u015fmak zorundayd\u0131.\u015eeytan asl\u0131nda g\u00f6rmemi\u015f gibi yapan g\u00f6zlerdi ve duymam\u0131\u015f gibi yapan kulaklard\u0131.\u015eeytan asl\u0131nda sendin, bendim ve hepimizdik.\u201cBir\u00e7ok enfes s\u00fcrprizle ve s\u0131rla dolu bir roman&#8230; Alice Feeney mutlaka g\u00f6z atman\u0131z gereken bir yazar.\u201d \u2014Harlan Coben\u201cBa\u015f\u0131ndan sonuna kadar heyecandan yerimde duramad\u0131m.\u201d \u2014Taylor Jenkins Reid\u201cVay can\u0131na! Agatha Christie\u2019nin On Ki\u015fiydiler roman\u0131n\u0131n yank\u0131lar\u0131 hissediliyor, ancak harika derecede orijinal bir \u015feye d\u00f6n\u00fc\u015ft\u00fcr\u00fclm\u00fc\u015f ve ger\u00e7ekten \u00fcrpertici, i\u015flevsiz bir aile roman\u0131 olarak kurgulanm\u0131\u015f. Bu roman Feeney\u2019i bir sonraki seviyeye ta\u015f\u0131yor. BAYILDIM!\u201d \u2014Sarah Pinborough\u201cEtkileyici bir eser, tamamen ger\u00e7ek\u00e7i karakterler ve samimi bir birinci \u015fah\u0131s anlat\u0131m\u0131. Ge\u00e7mi\u015fi an\u0131msamalar, \u015f\u00fcpheli listesini geni\u015fletirken hik\u00e2yeye derinlik kat\u0131yor ve okuru olduk\u00e7a \u015fa\u015f\u0131rt\u0131yor. Sarah Pinborough hayranlar\u0131, not al\u0131n.\u201d \u2014Publishers Weekly\u201cBir ailenin birbirini par\u00e7alamas\u0131n\u0131 izlemekten daha e\u011flenceli ne olabilir? A\u011fustosta Noel\u2019i ya\u015famak gibi.\u201d \u2014CrimeReads\u201cDaisy Darker, son derece e\u011flenceli bu t\u00fcre de\u011ferli bir katk\u0131 niteli\u011finde&#8230; Okurlar, yazar\u0131n bizi hik\u00e2yeye \u00f6zenle ba\u011flamas\u0131na ve ard\u0131ndan \u015foke edici bir d\u00f6n\u00fc\u015fle hik\u00e2yeyi farkl\u0131 bir y\u00f6ne \u00e7evirmesine hayran kalacak.\u201d \u2014New York Times Book Review\u201cFeeney, Christie\u2019nin On Ki\u015fiydiler\u2019i \u00fczerinde u\u011fursuz denilebilecek kadar tatmin edici bir oyun oynam\u0131\u015f sanki&#8230; Atmosfer, olay \u00f6rg\u00fcs\u00fc ve Daisy\u2019ye g\u00fcvenip g\u00fcvenemeyecekleri sorusu okurlar\u0131n ilgisini \u00e7ekecek.\u201d \u2014Booklist\u201cDaisy Darker zekice, ilgi \u00e7ekici, \u015fa\u015f\u0131rt\u0131c\u0131 ve kesinlikle nefis.\u201d \u2014Lisa Jewell\u201cBu kitap fazlas\u0131yla dolamba\u00e7l\u0131 ve \u00c7OK e\u011flenceli.\u201d \u2014Cosmopolitan<\/p>\n","protected":false},"excerpt":{"rendered":"<p>BAZI SIRLAR G\u0130ZLEND\u0130\u011e\u0130 G\u00d6LGELERDEN DAHA KARANLIKTIR.Darker ailesi, birbirlerinden uzak ge\u00e7irdikleri on y\u0131l\u0131n ard\u0131ndan bir araya gelmi\u015f ve ninelerinin 80. ya\u015f g\u00fcn\u00fc i\u00e7in bir gelgit adas\u0131ndaki Deniz<span class=\"excerpt-hellip\"> [\u2026]<\/span><\/p>\n","protected":false},"featured_media":0,"template":"","meta":{"_monsterinsights_skip_tracking":false,"_monsterinsights_sitenote_active":false,"_monsterinsights_sitenote_note":"","_monsterinsights_sitenote_category":0},"product_brand":[],"product_cat":[12291,15445],"product_tag":[],"class_list":{"0":"post-762191","1":"product","2":"type-product","3":"status-publish","5":"product_cat-edebiyat","6":"product_cat-polisiye","7":"pa_cilt-ciltsiz","8":"pa_tur-kitap","9":"pa_yayinevi-yabanci-yayinevi","10":"pa_yazar-alice-feeney","12":"first","13":"instock","14":"sale","15":"shipping-taxable","16":"purchasable","17":"product-type-simple"},"_links":{"self":[{"href":"https:\/\/roveyayinevi.com.tr\/index.php\/wp-json\/wp\/v2\/product\/762191","targetHints":{"allow":["GET"]}}],"collection":[{"href":"https:\/\/roveyayinevi.com.tr\/index.php\/wp-json\/wp\/v2\/product"}],"about":[{"href":"https:\/\/roveyayinevi.com.tr\/index.php\/wp-json\/wp\/v2\/types\/product"}],"wp:attachment":[{"href":"https:\/\/roveyayinevi.com.tr\/index.php\/wp-json\/wp\/v2\/media?parent=762191"}],"wp:term":[{"taxonomy":"product_brand","embeddable":true,"href":"https:\/\/roveyayinevi.com.tr\/index.php\/wp-json\/wp\/v2\/product_brand?post=762191"},{"taxonomy":"product_cat","embeddable":true,"href":"https:\/\/roveyayinevi.com.tr\/index.php\/wp-json\/wp\/v2\/product_cat?post=762191"},{"taxonomy":"product_tag","embeddable":true,"href":"https:\/\/roveyayinevi.com.tr\/index.php\/wp-json\/wp\/v2\/product_tag?post=762191"}],"curies":[{"name":"wp","href":"https:\/\/api.w.org\/{rel}","templated":true}]}}