{"id":762188,"date":"2025-08-28T10:00:42","date_gmt":"2025-08-28T07:00:42","guid":{"rendered":"https:\/\/roveyayinevi.com.tr\/index.php\/urun\/kiyametin-koz-kartlari-amber-yilliklari-6\/"},"modified":"2026-04-15T03:27:13","modified_gmt":"2026-04-15T00:27:13","slug":"kiyametin-koz-kartlari-amber-yilliklari-6","status":"publish","type":"product","link":"https:\/\/roveyayinevi.com.tr\/index.php\/urun\/kiyametin-koz-kartlari-amber-yilliklari-6\/","title":{"rendered":"K\u0131yametin Koz Kartlar\u0131 &#8211; Amber Y\u0131ll\u0131klar\u0131 6"},"content":{"rendered":"<p>\u201cT\u00dcM YOLLAR AMBER\u2019E \u00c7IKAR&#8230;\u201d Merle Corey, San Francisco\u2019da ya\u015fayan gen\u00e7 ve parlak bir bilgisayar tasar\u0131mc\u0131s\u0131d\u0131r. Fakat ayn\u0131 zamanda Amber\u2019in kay\u0131p prensi Corwin\u2019in o\u011flu ve babas\u0131n\u0131n harikulade g\u00fc\u00e7lerinin miras\u00e7\u0131s\u0131 Merlin\u2019dir. Pe\u015findeyse onu \u00f6ld\u00fcrmeye kararl\u0131 birisi vard\u0131r. Eski k\u0131z arkada\u015f\u0131 Julia\u2019n\u0131n gizemli \u00f6l\u00fcm\u00fc ise her \u015feyi daha da karma\u015f\u0131kla\u015ft\u0131racakt\u0131r. Merlin, kime g\u00fcvenece\u011fini bilemese de, art\u0131k Amber kral\u0131 olan Random ve gizemli Fiona ile g\u00fc\u00e7lerini birle\u015ftirmek zorunda kalacakt\u0131r. \u00c7\u00fcnk\u00fc G\u00f6lge\u2019de, sadece hayat\u0131n\u0131 tehdit eden gizemli g\u00fc\u00e7ten ka\u00e7mak i\u00e7in de\u011fil, her iki d\u00fcnyas\u0131n\u0131 yok edebilecek \u00f6l\u00fcmc\u00fcl bir s\u0131rr\u0131 korumak i\u00e7in de amans\u0131z bir m\u00fccadeleye ba\u015flamas\u0131 gerekmektedir. Merlin\u2019in ge\u00e7mi\u015fine ait s\u0131rlar\u0131 ortaya \u00e7\u0131kar\u0131p zor se\u00e7imler yapaca\u011f\u0131 yolculu\u011fu, Amber Y\u0131ll\u0131klar\u0131\u2019n\u0131n alt\u0131nc\u0131 kitab\u0131 K\u0131yametin Koz Kartlar\u0131 ile ba\u015fl\u0131yor!\u201cO bir \u015fairdi, her \u015feyden \u00f6nce, her \u015feyden sonra, her zaman. S\u00f6zleri \u015fak\u0131rd\u0131.\u201d \u2014George R. R. Martin<\/p>\n","protected":false},"excerpt":{"rendered":"<p>\u201cT\u00dcM YOLLAR AMBER\u2019E \u00c7IKAR&#8230;\u201d Merle Corey, San Francisco\u2019da ya\u015fayan gen\u00e7 ve parlak bir bilgisayar tasar\u0131mc\u0131s\u0131d\u0131r. Fakat ayn\u0131 zamanda Amber\u2019in kay\u0131p prensi Corwin\u2019in o\u011flu ve babas\u0131n\u0131n harikulade<span class=\"excerpt-hellip\"> [\u2026]<\/span><\/p>\n","protected":false},"featured_media":0,"template":"","meta":{"_monsterinsights_skip_tracking":false,"_monsterinsights_sitenote_active":false,"_monsterinsights_sitenote_note":"","_monsterinsights_sitenote_category":0},"product_brand":[],"product_cat":[12291,14777],"product_tag":[],"class_list":{"0":"post-762188","1":"product","2":"type-product","3":"status-publish","5":"product_cat-edebiyat","6":"product_cat-fantastik","7":"pa_cilt-ciltsiz","8":"pa_tur-kitap","9":"pa_yayinevi-ithaki-yayinlari","10":"pa_yazar-roger-zelazny","12":"first","13":"instock","14":"sale","15":"shipping-taxable","16":"purchasable","17":"product-type-simple"},"_links":{"self":[{"href":"https:\/\/roveyayinevi.com.tr\/index.php\/wp-json\/wp\/v2\/product\/762188","targetHints":{"allow":["GET"]}}],"collection":[{"href":"https:\/\/roveyayinevi.com.tr\/index.php\/wp-json\/wp\/v2\/product"}],"about":[{"href":"https:\/\/roveyayinevi.com.tr\/index.php\/wp-json\/wp\/v2\/types\/product"}],"wp:attachment":[{"href":"https:\/\/roveyayinevi.com.tr\/index.php\/wp-json\/wp\/v2\/media?parent=762188"}],"wp:term":[{"taxonomy":"product_brand","embeddable":true,"href":"https:\/\/roveyayinevi.com.tr\/index.php\/wp-json\/wp\/v2\/product_brand?post=762188"},{"taxonomy":"product_cat","embeddable":true,"href":"https:\/\/roveyayinevi.com.tr\/index.php\/wp-json\/wp\/v2\/product_cat?post=762188"},{"taxonomy":"product_tag","embeddable":true,"href":"https:\/\/roveyayinevi.com.tr\/index.php\/wp-json\/wp\/v2\/product_tag?post=762188"}],"curies":[{"name":"wp","href":"https:\/\/api.w.org\/{rel}","templated":true}]}}