{"id":762187,"date":"2025-08-28T10:00:40","date_gmt":"2025-08-28T07:00:40","guid":{"rendered":"https:\/\/roveyayinevi.com.tr\/index.php\/urun\/simsek-kalkani-troya-2-kitap\/"},"modified":"2026-04-15T03:27:13","modified_gmt":"2026-04-15T00:27:13","slug":"simsek-kalkani-troya-2-kitap","status":"publish","type":"product","link":"https:\/\/roveyayinevi.com.tr\/index.php\/urun\/simsek-kalkani-troya-2-kitap\/","title":{"rendered":"\u015eim\u015fek Kalkan\u0131 &#8211; Troya 2. Kitap"},"content":{"rendered":"<p>FANTAST\u0130K EDEB\u0130YATIN EN B\u00dcY\u00dcK \u0130S\u0130MLER\u0130NDEN DAVID GEMMELL, TROYA \u00dc\u00c7LEMES\u0130N\u0130N \u0130K\u0130NC\u0130 K\u0130TABI \u015e\u0130M\u015eEK KALKANI \u0130LE M\u0130T VE TAR\u0130H\u0130N \u0130\u00c7 \u0130\u00c7E GE\u00c7T\u0130\u011e\u0130 EP\u0130K YOLCULU\u011eUNA DEVAM ED\u0130YOR.Troya\u2019da sava\u015f yakla\u015f\u0131rken Engin Ye\u015fil\u2019in t\u00fcm krallar\u0131, dost ya da d\u00fc\u015fman, gizledikleri karanl\u0131k fetih ve ya\u011fma planlar\u0131yla toplan\u0131yordu. \u0130hanet ve aldatma girdab\u0131 i\u00e7inde ge\u00e7ecek olan Hektor ve Andromakhe\u2019nin d\u00fc\u011f\u00fcn kutlamalar\u0131na ise beklenmedik \u00fc\u00e7 gezgin geliyordu: korkun\u00e7 bir s\u0131rr\u0131 saklayan ka\u00e7ak rahibe Piria, efsanevi bir k\u0131l\u0131ca sahip sava\u015f\u00e7\u0131 Kalliades ve sava\u015flarda kendi efsanesini yazacak olan Banokles. \u015eim\u015fek Kalkan\u0131, Tun\u00e7 \u00c7a\u011f\u0131 Yunanistan\u2019\u0131n\u0131n ihti\u015fam\u0131 ve trajedilerine okuru geri g\u00f6t\u00fcr\u00fcrken G\u00fcm\u00fc\u015f Yay\u0131n Tanr\u0131s\u0131 karakterlerini de yeniden bir araya getiriyor \u2013 korkun\u00e7 Helikaon ve b\u00fcy\u00fck a\u015fk\u0131, ba\u015f\u0131na buyruk Andromakhe, g\u00fc\u00e7l\u00fc Hektor ve efsanevi hik\u00e2ye anlat\u0131c\u0131s\u0131 Odysseus. \u201c\u0130\u015fte, eski hik\u00e2yeler b\u00f6yle okunmal\u0131 ve bilinmeli. Gemmell, olay \u00f6rg\u00fcs\u00fcnde bir usta ama as\u0131l ba\u015far\u0131s\u0131 yaratt\u0131\u011f\u0131 kad\u0131n ve erkek karakterlerin ger\u00e7ekli\u011finde yatar, onlar\u0131n s\u0131navlar\u0131 \u0131st\u0131rapt\u0131r ve zaferleri muhte\u015femdir.\u201d \u2013Conn Iggulden<\/p>\n","protected":false},"excerpt":{"rendered":"<p>FANTAST\u0130K EDEB\u0130YATIN EN B\u00dcY\u00dcK \u0130S\u0130MLER\u0130NDEN DAVID GEMMELL, TROYA \u00dc\u00c7LEMES\u0130N\u0130N \u0130K\u0130NC\u0130 K\u0130TABI \u015e\u0130M\u015eEK KALKANI \u0130LE M\u0130T VE TAR\u0130H\u0130N \u0130\u00c7 \u0130\u00c7E GE\u00c7T\u0130\u011e\u0130 EP\u0130K YOLCULU\u011eUNA DEVAM ED\u0130YOR.Troya\u2019da sava\u015f yakla\u015f\u0131rken<span class=\"excerpt-hellip\"> [\u2026]<\/span><\/p>\n","protected":false},"featured_media":0,"template":"","meta":{"_monsterinsights_skip_tracking":false,"_monsterinsights_sitenote_active":false,"_monsterinsights_sitenote_note":"","_monsterinsights_sitenote_category":0},"product_brand":[],"product_cat":[12291,14777],"product_tag":[],"class_list":{"0":"post-762187","1":"product","2":"type-product","3":"status-publish","5":"product_cat-edebiyat","6":"product_cat-fantastik","7":"pa_cilt-ciltsiz","8":"pa_tur-kitap","9":"pa_yayinevi-ithaki-yayinlari","10":"pa_yazar-david-gemmell","12":"first","13":"instock","14":"sale","15":"shipping-taxable","16":"purchasable","17":"product-type-simple"},"_links":{"self":[{"href":"https:\/\/roveyayinevi.com.tr\/index.php\/wp-json\/wp\/v2\/product\/762187","targetHints":{"allow":["GET"]}}],"collection":[{"href":"https:\/\/roveyayinevi.com.tr\/index.php\/wp-json\/wp\/v2\/product"}],"about":[{"href":"https:\/\/roveyayinevi.com.tr\/index.php\/wp-json\/wp\/v2\/types\/product"}],"wp:attachment":[{"href":"https:\/\/roveyayinevi.com.tr\/index.php\/wp-json\/wp\/v2\/media?parent=762187"}],"wp:term":[{"taxonomy":"product_brand","embeddable":true,"href":"https:\/\/roveyayinevi.com.tr\/index.php\/wp-json\/wp\/v2\/product_brand?post=762187"},{"taxonomy":"product_cat","embeddable":true,"href":"https:\/\/roveyayinevi.com.tr\/index.php\/wp-json\/wp\/v2\/product_cat?post=762187"},{"taxonomy":"product_tag","embeddable":true,"href":"https:\/\/roveyayinevi.com.tr\/index.php\/wp-json\/wp\/v2\/product_tag?post=762187"}],"curies":[{"name":"wp","href":"https:\/\/api.w.org\/{rel}","templated":true}]}}