{"id":762186,"date":"2025-08-28T10:00:38","date_gmt":"2025-08-28T07:00:38","guid":{"rendered":"https:\/\/roveyayinevi.com.tr\/index.php\/urun\/disarida-kalanlar\/"},"modified":"2026-04-11T03:25:47","modified_gmt":"2026-04-11T00:25:47","slug":"disarida-kalanlar","status":"publish","type":"product","link":"https:\/\/roveyayinevi.com.tr\/index.php\/urun\/disarida-kalanlar\/","title":{"rendered":"D\u0131\u015far\u0131da Kalanlar"},"content":{"rendered":"<p>Avusturya edebiyat\u0131n\u0131n modern seslerinden, 2004 Nobel \u00d6d\u00fcl\u00fc\u2019ne lay\u0131k g\u00f6r\u00fclm\u00fc\u015f Elfriede Jelinek, sava\u015f sonras\u0131 toplumunda ne kendilerine g\u00f6sterilen yeni de\u011ferleri ne de ge\u00e7mi\u015fte pe\u015fine d\u00fc\u015f\u00fclen hedefleri kabul eden, ge\u00e7i\u015f yaparken kendilerini bulamayan ve d\u00fcnyay\u0131 anlamland\u0131ramayan gen\u00e7leri anlat\u0131yor.  Otomatik Portakal\u2019dan \u00e7\u0131km\u0131\u015f gibi bir \u015fiddet sahnesiyle a\u00e7\u0131lan romanda failler alelade lise \u00f6\u011frencileri: Eski Nazi ama yeni d\u00fczende \u00f6fkesini ailesine y\u00f6nelten bir baban\u0131n \u00e7ocuklar\u0131 entelekt\u00fcel pozlar\u0131nda Rainer ve onca m\u00fczikal yetene\u011fine kar\u015f\u0131n s\u0131k s\u0131k dilini yitiren ikiz k\u0131z karde\u015fi Anna&#8230; Geldi\u011fi zengin ailenin imk\u00e2nlar\u0131 ve sportif sar\u0131\u015f\u0131nl\u0131\u011f\u0131yla Rainer\u2019in hayranl\u0131k duydu\u011fu Sophie ile i\u015f\u00e7i s\u0131n\u0131f\u0131ndan babas\u0131n\u0131 kamplarda kaybetmi\u015f, zinde bedenlere ve Sophie\u2019ye \u00e2\u015f\u0131k yak\u0131\u015f\u0131kl\u0131 Hans&#8230; Her biri geldi\u011fi ve temsil ettikleri kesimlerin \u00e7\u0131k\u0131\u015fs\u0131zl\u0131\u011f\u0131ndan usanm\u0131\u015f, zaman\u0131n d\u0131\u015f\u0131nda kalm\u0131\u015f bu gen\u00e7ler ailelerinin yan\u0131nda uslu \u00e7ocuklar, bir araya geldiklerinde h\u0131nz\u0131r anar\u015fistler: 1960\u2019lara yakla\u015f\u0131rken ikiy\u00fczl\u00fc toplumda kendilerini birbirlerinde ararken, tarihin, toplumun, ekonominin, ailenin, ahlak\u0131n t\u00fcm s\u0131n\u0131rlar\u0131n\u0131 zorlay\u0131p ortal\u0131\u011f\u0131 birbirine katmak i\u00e7in bile isteye k\u00f6t\u00fcl\u00fck yapmaya niyetliler.  Jelinek\u2019in Piyanist roman\u0131n\u0131 da uyarlam\u0131\u015f \u00fcnl\u00fc y\u00f6netmen Haneke\u2019nin filmlerinin s\u00fcrprizli karanl\u0131k yap\u0131s\u0131n\u0131 and\u0131ran D\u0131\u015far\u0131da Kalanlar, Avusturya usul\u00fc kara mizahla yo\u011frulmu\u015f \u00e7ok sesli bir deh\u015fet sonat\u0131. Bir bak\u0131ma varolamay\u0131\u015f roman\u0131. \u201cSava\u015f sonras\u0131 Avusturya\u2019s\u0131na amans\u0131z ve deh\u015fet verici bir ke\u015fif yolculu\u011fu.\u201d \u2013PUBLISHERS WEEKLY  \u201cYaz\u0131m o kadar g\u00fc\u00e7l\u00fc ki, sanki yaz\u0131lm\u0131\u015f gibi de\u011fil de, korkun\u00e7 ger\u00e7e\u011fini dile getirebilmek i\u00e7in yazar\u0131n \u015feytani ruhu \u00f6nce bir o\u011flana, sonra bir k\u0131za, bir yap\u0131ya, bir \u015feye, bir toplama b\u00fcr\u00fcn\u00fcyormu\u015f gibi.\u201d \u2013THE SCOTSMAN<\/p>\n","protected":false},"excerpt":{"rendered":"<p>Avusturya edebiyat\u0131n\u0131n modern seslerinden, 2004 Nobel \u00d6d\u00fcl\u00fc\u2019ne lay\u0131k g\u00f6r\u00fclm\u00fc\u015f Elfriede Jelinek, sava\u015f sonras\u0131 toplumunda ne kendilerine g\u00f6sterilen yeni de\u011ferleri ne de ge\u00e7mi\u015fte pe\u015fine d\u00fc\u015f\u00fclen hedefleri kabul<span class=\"excerpt-hellip\"> [\u2026]<\/span><\/p>\n","protected":false},"featured_media":0,"template":"","meta":{"_monsterinsights_skip_tracking":false,"_monsterinsights_sitenote_active":false,"_monsterinsights_sitenote_note":"","_monsterinsights_sitenote_category":0},"product_brand":[],"product_cat":[12291,12711],"product_tag":[],"class_list":{"0":"post-762186","1":"product","2":"type-product","3":"status-publish","5":"product_cat-edebiyat","6":"product_cat-roman-oyku","7":"pa_cilt-ciltsiz","8":"pa_tur-kitap","9":"pa_yayinevi-ithaki-yayinlari","10":"pa_yazar-elfriede-jelinek","12":"first","13":"instock","14":"sale","15":"shipping-taxable","16":"purchasable","17":"product-type-simple"},"_links":{"self":[{"href":"https:\/\/roveyayinevi.com.tr\/index.php\/wp-json\/wp\/v2\/product\/762186","targetHints":{"allow":["GET"]}}],"collection":[{"href":"https:\/\/roveyayinevi.com.tr\/index.php\/wp-json\/wp\/v2\/product"}],"about":[{"href":"https:\/\/roveyayinevi.com.tr\/index.php\/wp-json\/wp\/v2\/types\/product"}],"wp:attachment":[{"href":"https:\/\/roveyayinevi.com.tr\/index.php\/wp-json\/wp\/v2\/media?parent=762186"}],"wp:term":[{"taxonomy":"product_brand","embeddable":true,"href":"https:\/\/roveyayinevi.com.tr\/index.php\/wp-json\/wp\/v2\/product_brand?post=762186"},{"taxonomy":"product_cat","embeddable":true,"href":"https:\/\/roveyayinevi.com.tr\/index.php\/wp-json\/wp\/v2\/product_cat?post=762186"},{"taxonomy":"product_tag","embeddable":true,"href":"https:\/\/roveyayinevi.com.tr\/index.php\/wp-json\/wp\/v2\/product_tag?post=762186"}],"curies":[{"name":"wp","href":"https:\/\/api.w.org\/{rel}","templated":true}]}}