{"id":762185,"date":"2025-08-28T10:00:36","date_gmt":"2025-08-28T07:00:36","guid":{"rendered":"https:\/\/roveyayinevi.com.tr\/index.php\/urun\/zaman-icinde-bir-yer\/"},"modified":"2026-04-15T03:27:13","modified_gmt":"2026-04-15T00:27:13","slug":"zaman-icinde-bir-yer","status":"publish","type":"product","link":"https:\/\/roveyayinevi.com.tr\/index.php\/urun\/zaman-icinde-bir-yer\/","title":{"rendered":"Zaman \u0130\u00e7inde Bir Yer"},"content":{"rendered":"<p>1976 D\u00dcNYA FANTAZ\u0130 \u00d6D\u00dcL\u00dc \u201cHaval\u0131 ve heyecan verici. Matheson\u2019\u0131n eserleri g\u00fczel zaman ge\u00e7irmenizi sa\u011flamakla kalm\u0131yor, ayn\u0131 zamanda zihninize ve kalbinize de dokunuyor.\u201d \u2014Dean Koontz\u201cTUTARLI OLMAYA, YOLUNU KAYBETM\u0130\u015e B\u0130R GEZEGEN G\u0130B\u0130 SALINIP BOCALAMAMAYA GAYRET EDECE\u011e\u0130M. \u00c7\u00dcNK\u00dc EN SONUNDA, G\u00dcNE\u015e\u0130M\u0130 BULDUM BEN.\u201dRichard Matheson korku, gerilim, fantastik ve bilimkurgu t\u00fcrlerinin en \u00fcretken ve en yarat\u0131c\u0131 isimlerinden, yaln\u0131zca edebiyatta de\u011fil sinemada da ard\u0131l\u0131 sanat\u00e7\u0131lar\u0131 hat\u0131r\u0131 say\u0131l\u0131r derecede etkilemi\u015f bir usta. Zaman \u0130\u00e7inde Bir Yer ise bilimkurgu ile romantizmi harmanlayan, zamans\u0131z bir zaman yolculu\u011fu hik\u00e2yesi. 80\u2019li y\u0131llar&#8230; Richard Collier, beyin t\u00fcm\u00f6r\u00fc te\u015fhisi konmu\u015f, son g\u00fcnlerini Hotel del Coronado\u2019da ge\u00e7irmeye karar veren 36 ya\u015f\u0131nda bir senaryo yazar\u0131d\u0131r. Richard 1890\u2019larda ayn\u0131 otelde sahne alan \u00fcnl\u00fc tiyatro oyuncusu Elise McKenna\u2019n\u0131n foto\u011fraf\u0131n\u0131 g\u00f6rd\u00fckten sonra kad\u0131n\u0131 tak\u0131nt\u0131 h\u00e2line getirir ve otelde kal\u0131rken gizemli bir adamla k\u0131sa bir ili\u015fki ya\u015fad\u0131\u011f\u0131n\u0131 \u00f6\u011frenir. Zamanda geriye giderek o gizemli adam olman\u0131n kaderi oldu\u011funa inanan Richard zaman yolculu\u011fu yapman\u0131n yollar\u0131n\u0131 arayacakt\u0131r. Matheson\u2019\u0131n \u201cMuhtemelen yazd\u0131\u011f\u0131m en iyi roman,\u201d dedi\u011fi, 1980\u2019de beyaz perdeye de uyarlanan Zaman \u0130\u00e7inde Bir Yer, yazar\u0131n en \u00f6zel kitaplar\u0131ndan biri. Zaman\u0131n amans\u0131z ak\u0131\u015f\u0131na kar\u015f\u0131 durmaya \u00e7al\u0131\u015fan iki insan\u0131n heyecan dolu hik\u00e2yesi. Bir gelecek yerine ge\u00e7mi\u015fin hayali kurulabilir mi? Farkl\u0131 bir zamanda ayn\u0131 insan olmak m\u00fcmk\u00fcn m\u00fc? Zaman \u0130\u00e7inde Bir Yer, a\u015fk\u0131n paradoks h\u00e2li.<\/p>\n","protected":false},"excerpt":{"rendered":"<p>1976 D\u00dcNYA FANTAZ\u0130 \u00d6D\u00dcL\u00dc \u201cHaval\u0131 ve heyecan verici. Matheson\u2019\u0131n eserleri g\u00fczel zaman ge\u00e7irmenizi sa\u011flamakla kalm\u0131yor, ayn\u0131 zamanda zihninize ve kalbinize de dokunuyor.\u201d \u2014Dean Koontz\u201cTUTARLI OLMAYA, YOLUNU<span class=\"excerpt-hellip\"> [\u2026]<\/span><\/p>\n","protected":false},"featured_media":0,"template":"","meta":{"_monsterinsights_skip_tracking":false,"_monsterinsights_sitenote_active":false,"_monsterinsights_sitenote_note":"","_monsterinsights_sitenote_category":0},"product_brand":[],"product_cat":[12540,12291],"product_tag":[],"class_list":{"0":"post-762185","1":"product","2":"type-product","3":"status-publish","5":"product_cat-bilim-kurgu","6":"product_cat-edebiyat","7":"pa_cilt-ciltsiz","8":"pa_tur-kitap","9":"pa_yayinevi-ithaki-yayinlari","10":"pa_yazar-richard-matheson","12":"first","13":"instock","14":"sale","15":"shipping-taxable","16":"purchasable","17":"product-type-simple"},"_links":{"self":[{"href":"https:\/\/roveyayinevi.com.tr\/index.php\/wp-json\/wp\/v2\/product\/762185","targetHints":{"allow":["GET"]}}],"collection":[{"href":"https:\/\/roveyayinevi.com.tr\/index.php\/wp-json\/wp\/v2\/product"}],"about":[{"href":"https:\/\/roveyayinevi.com.tr\/index.php\/wp-json\/wp\/v2\/types\/product"}],"wp:attachment":[{"href":"https:\/\/roveyayinevi.com.tr\/index.php\/wp-json\/wp\/v2\/media?parent=762185"}],"wp:term":[{"taxonomy":"product_brand","embeddable":true,"href":"https:\/\/roveyayinevi.com.tr\/index.php\/wp-json\/wp\/v2\/product_brand?post=762185"},{"taxonomy":"product_cat","embeddable":true,"href":"https:\/\/roveyayinevi.com.tr\/index.php\/wp-json\/wp\/v2\/product_cat?post=762185"},{"taxonomy":"product_tag","embeddable":true,"href":"https:\/\/roveyayinevi.com.tr\/index.php\/wp-json\/wp\/v2\/product_tag?post=762185"}],"curies":[{"name":"wp","href":"https:\/\/api.w.org\/{rel}","templated":true}]}}