{"id":762184,"date":"2025-08-28T10:00:34","date_gmt":"2025-08-28T07:00:34","guid":{"rendered":"https:\/\/roveyayinevi.com.tr\/index.php\/urun\/emanet-dolabi-bebekleri\/"},"modified":"2026-04-15T03:27:13","modified_gmt":"2026-04-15T00:27:13","slug":"emanet-dolabi-bebekleri","status":"publish","type":"product","link":"https:\/\/roveyayinevi.com.tr\/index.php\/urun\/emanet-dolabi-bebekleri\/","title":{"rendered":"Emanet Dolab\u0131 Bebekleri"},"content":{"rendered":"<p>Ryu Murakami, neon \u0131\u015f\u0131kl\u0131 caddelerin karanl\u0131k ara so\u00ackaklar\u0131nda ge\u00e7en ba\u011f\u0131ml\u0131\u00acl\u0131k, \u00f6l\u00fcm ve hayal k\u0131r\u0131kl\u0131k\u00aclar\u0131yla dolu sert eserleriyle, modern Japon edebiyat\u0131n\u0131n en \u00f6nemli isimlerinden. Yazar\u0131n magnum opus\u2019u kabul edilen Emanet Dolab\u0131 Bebekleri terk edilmi\u015f iki \u00e7o\u00accu\u011fun \u00e7\u0131kt\u0131klar\u0131 intikam yolculu\u011fu\u00acnun kendini aray\u0131\u015fa d\u00f6n\u00fc\u015fmesinin hik\u00e2yesi. Tokyo\u2019daki bir tren istasyonun\u00acda, biti\u015fik emanet dolaplar\u0131na terk edilen iki \u00e7ocuk: Ha\u015fi ve Kiku. Yokohama\u2019daki bir yetimhaneden birlikte evlat edinilen \u00e7ocuklar 16 ya\u015f\u0131na bast\u0131klar\u0131nda koruyucu aile\u00aclerinin yan\u0131ndan ayr\u0131l\u0131rlar. \u0130kisi de kendilerini Tokyo\u2019da, Zehir Adas\u0131 ad\u0131ndaki, uyu\u015fturucu ba\u011f\u0131m-l\u0131lar\u0131, hastalar ve su\u00e7lularla dolu terk edilmi\u015f b\u00f6lgede bulurlar. Ha\u015fi, D. ad\u0131nda garip bir yap\u0131mc\u0131yla tan\u0131\u015fa\u00acrak bu metruk b\u00f6lgenin rock y\u0131ld\u0131zl\u0131\u011f\u0131 merdivenlerini birer birer \u00e7\u0131kar. Kiku ise s\u0131r\u0131kla atlamac\u0131 olur ve evini timsah\u0131 i\u00e7in bir batakl\u0131\u00ac\u011fa d\u00f6n\u00fc\u015ft\u00fcren model k\u0131z arkada\u015f\u0131 Anemone\u2019yle birlikte Tokyo\u2019yu yok etmek i\u00e7in DATURA adl\u0131 bir mad\u00acdeyi arar. Hayatlar\u0131 bir h\u0131z treni yol\u00acculu\u011fu gibi ge\u00e7en Ha\u015fi ve Kiku\u2019nun ak\u0131llar\u0131ndan asla \u00e7\u0131karamad\u0131klar\u0131 iki kelime vard\u0131r: anne ve intikam.Sert ve \u00e7arp\u0131c\u0131 Emanet Dolab\u0131 Be\u00acbekleri, bir neslin kendini aray\u0131\u015f\u0131na ayna tutan, ger\u00e7ek\u00fcst\u00fc bir b\u00fcy\u00fcme hik\u00e2yesi.\u201cBazen nefes almakta zorlanaca\u011f\u0131n\u0131z, bazen nefes nefese okuyaca\u011f\u0131n\u0131z \u00fcrpertici bir roman. Her kitab\u0131na ayr\u0131 hayranl\u0131k duydu\u011fum Ryu Murakami\u2019nin kendine has bir korku tonu, vah\u015fi bir hayal g\u00fcc\u00fc, ac\u0131mas\u0131z bir \u00fcslubu var. G\u00f6zlerinizi ka\u00e7\u0131rmak isteyeceksiniz, ka\u00e7\u0131ramayacaks\u0131n\u0131z.\u201d \u2014HAKAN BI\u00c7AKCI\u201cModern Japonya\u2019n\u0131n tuhaf yan\u0131na \u015fahane bir yolculuk.\u201d \u2014OLIVER STONE<\/p>\n","protected":false},"excerpt":{"rendered":"<p>Ryu Murakami, neon \u0131\u015f\u0131kl\u0131 caddelerin karanl\u0131k ara so\u00ackaklar\u0131nda ge\u00e7en ba\u011f\u0131ml\u0131\u00acl\u0131k, \u00f6l\u00fcm ve hayal k\u0131r\u0131kl\u0131k\u00aclar\u0131yla dolu sert eserleriyle, modern Japon edebiyat\u0131n\u0131n en \u00f6nemli isimlerinden. Yazar\u0131n magnum opus\u2019u<span class=\"excerpt-hellip\"> [\u2026]<\/span><\/p>\n","protected":false},"featured_media":0,"template":"","meta":{"_monsterinsights_skip_tracking":false,"_monsterinsights_sitenote_active":false,"_monsterinsights_sitenote_note":"","_monsterinsights_sitenote_category":0},"product_brand":[],"product_cat":[12291,12711],"product_tag":[],"class_list":{"0":"post-762184","1":"product","2":"type-product","3":"status-publish","5":"product_cat-edebiyat","6":"product_cat-roman-oyku","7":"pa_cilt-ciltsiz","8":"pa_tur-kitap","9":"pa_yayinevi-ithaki-yayinlari","10":"pa_yazar-ryu-murakami","12":"first","13":"instock","14":"sale","15":"shipping-taxable","16":"purchasable","17":"product-type-simple"},"_links":{"self":[{"href":"https:\/\/roveyayinevi.com.tr\/index.php\/wp-json\/wp\/v2\/product\/762184","targetHints":{"allow":["GET"]}}],"collection":[{"href":"https:\/\/roveyayinevi.com.tr\/index.php\/wp-json\/wp\/v2\/product"}],"about":[{"href":"https:\/\/roveyayinevi.com.tr\/index.php\/wp-json\/wp\/v2\/types\/product"}],"wp:attachment":[{"href":"https:\/\/roveyayinevi.com.tr\/index.php\/wp-json\/wp\/v2\/media?parent=762184"}],"wp:term":[{"taxonomy":"product_brand","embeddable":true,"href":"https:\/\/roveyayinevi.com.tr\/index.php\/wp-json\/wp\/v2\/product_brand?post=762184"},{"taxonomy":"product_cat","embeddable":true,"href":"https:\/\/roveyayinevi.com.tr\/index.php\/wp-json\/wp\/v2\/product_cat?post=762184"},{"taxonomy":"product_tag","embeddable":true,"href":"https:\/\/roveyayinevi.com.tr\/index.php\/wp-json\/wp\/v2\/product_tag?post=762184"}],"curies":[{"name":"wp","href":"https:\/\/api.w.org\/{rel}","templated":true}]}}