{"id":762181,"date":"2025-08-28T10:00:28","date_gmt":"2025-08-28T07:00:28","guid":{"rendered":"https:\/\/roveyayinevi.com.tr\/index.php\/urun\/erisemeyenler\/"},"modified":"2026-04-15T03:27:13","modified_gmt":"2026-04-15T00:27:13","slug":"erisemeyenler","status":"publish","type":"product","link":"https:\/\/roveyayinevi.com.tr\/index.php\/urun\/erisemeyenler\/","title":{"rendered":"Eri\u015femeyenler"},"content":{"rendered":"<p>\u0130nsan onu mahveden bir olguyu kabullenemezdi.Sava\u015f\u0131\u2026Kore Sava\u015f\u0131&#8217;na kat\u0131lan T\u00fcrk askerleri ac\u0131y\u0131, a\u015fk\u0131, yaln\u0131zl\u0131\u011f\u0131 ve \u00f6tesini payla\u015ft\u0131lar.\u00d6ld\u00fcrmek ya da birilerinin hayat\u0131n\u0131 kurtarmak aras\u0131ndaki ince \u00e7izgide kald\u0131lar.Yoksunluklar\u0131n\u0131 ve Kore&#8217;ye g\u00f6m\u00fclen an\u0131lar\u0131 mezar ta\u015f\u0131 olmadan i\u00e7lerine g\u00f6md\u00fcler.G\u00f6revden geri d\u00f6nenler, ruhlar\u0131n\u0131n ve bedenlerinin y\u0131k\u0131nt\u0131lar\u0131 aras\u0131ndan ya\u015fam kitab\u0131n\u0131n bir sonraki sayfas\u0131na ge\u00e7ebilecekler miydi?<\/p>\n","protected":false},"excerpt":{"rendered":"<p>\u0130nsan onu mahveden bir olguyu kabullenemezdi.Sava\u015f\u0131\u2026Kore Sava\u015f\u0131&#8217;na kat\u0131lan T\u00fcrk askerleri ac\u0131y\u0131, a\u015fk\u0131, yaln\u0131zl\u0131\u011f\u0131 ve \u00f6tesini payla\u015ft\u0131lar.\u00d6ld\u00fcrmek ya da birilerinin hayat\u0131n\u0131 kurtarmak aras\u0131ndaki ince \u00e7izgide kald\u0131lar.Yoksunluklar\u0131n\u0131 ve<span class=\"excerpt-hellip\"> [\u2026]<\/span><\/p>\n","protected":false},"featured_media":0,"template":"","meta":{"_monsterinsights_skip_tracking":false,"_monsterinsights_sitenote_active":false,"_monsterinsights_sitenote_note":"","_monsterinsights_sitenote_category":0},"product_brand":[],"product_cat":[12291,12711],"product_tag":[],"class_list":{"0":"post-762181","1":"product","2":"type-product","3":"status-publish","5":"product_cat-edebiyat","6":"product_cat-roman-oyku","7":"pa_cilt-ciltsiz","8":"pa_tur-kitap","9":"pa_yayinevi-perseus","10":"pa_yazar-pinar-maliki","12":"first","13":"instock","14":"sale","15":"shipping-taxable","16":"purchasable","17":"product-type-simple"},"_links":{"self":[{"href":"https:\/\/roveyayinevi.com.tr\/index.php\/wp-json\/wp\/v2\/product\/762181","targetHints":{"allow":["GET"]}}],"collection":[{"href":"https:\/\/roveyayinevi.com.tr\/index.php\/wp-json\/wp\/v2\/product"}],"about":[{"href":"https:\/\/roveyayinevi.com.tr\/index.php\/wp-json\/wp\/v2\/types\/product"}],"wp:attachment":[{"href":"https:\/\/roveyayinevi.com.tr\/index.php\/wp-json\/wp\/v2\/media?parent=762181"}],"wp:term":[{"taxonomy":"product_brand","embeddable":true,"href":"https:\/\/roveyayinevi.com.tr\/index.php\/wp-json\/wp\/v2\/product_brand?post=762181"},{"taxonomy":"product_cat","embeddable":true,"href":"https:\/\/roveyayinevi.com.tr\/index.php\/wp-json\/wp\/v2\/product_cat?post=762181"},{"taxonomy":"product_tag","embeddable":true,"href":"https:\/\/roveyayinevi.com.tr\/index.php\/wp-json\/wp\/v2\/product_tag?post=762181"}],"curies":[{"name":"wp","href":"https:\/\/api.w.org\/{rel}","templated":true}]}}