{"id":762179,"date":"2025-08-28T10:00:24","date_gmt":"2025-08-28T07:00:24","guid":{"rendered":"https:\/\/roveyayinevi.com.tr\/index.php\/urun\/kalbin-gorunmez-ofkeleri\/"},"modified":"2026-04-15T03:27:12","modified_gmt":"2026-04-15T00:27:12","slug":"kalbin-gorunmez-ofkeleri","status":"publish","type":"product","link":"https:\/\/roveyayinevi.com.tr\/index.php\/urun\/kalbin-gorunmez-ofkeleri\/","title":{"rendered":"Kalbin G\u00f6r\u00fcnmez \u00d6fkeleri"},"content":{"rendered":"<p>Kalbin g\u00f6r\u00fcnmez \u00f6fkelerine ra\u011fmen ya\u015famak!  \u00c7izgili Pijamal\u0131 \u00c7ocuk&#8217;un yazar\u0131 John Boyne&#8217;un yirmi dilde yay\u0131mlanan ba\u015fyap\u0131t\u0131 Kalbin G\u00f6r\u00fcnmez \u00d6fkeleri, d\u00fcnyadaki yerini bulmaya \u00e7al\u0131\u015fan s\u0131radan bir adam\u0131n s\u0131rad\u0131\u015f\u0131 hik\u00e2yesi. Dublin-Amsterdam-New York \u00fc\u00e7geninde ge\u00e7en bir k\u00f6klere d\u00f6n\u00fc\u015f ve kendini aray\u0131\u015f yolculu\u011funu merkezine alan kitap, toplumsal normlara direnen ayk\u0131r\u0131 ruhlar\u0131n yetmi\u015f y\u0131ll\u0131k m\u00fccadelesini g\u00f6r\u00fcn\u00fcr k\u0131l\u0131yor.  Dini bask\u0131 ve k\u0131s\u0131tlamalar\u0131n, bireyin \u00f6zg\u00fcrl\u00fc\u011f\u00fcne nas\u0131l ket vurdu\u011funun alt\u0131n\u0131 \u00e7izen bu epik eser; kimlik, ait olamama ve d\u0131\u015flanma sarmal\u0131nda \u00f6nlenemeyen \u015fiddet vakalar\u0131na dikkat \u00e7ekiyor.  Kendi hayat\u0131n\u0131z\u0131n ne olursa olsun devam etmesi gerekti\u011fini anlad\u0131\u011f\u0131n\u0131z bir noktaya var\u0131yorsunuz. Ya\u015famay\u0131 veya \u00f6lmeyi se\u00e7iyorsunuz.  Yirminci y\u00fczy\u0131l\u0131n ikinci yar\u0131s\u0131nda \u0130rlanda&#8217;da gayrime\u015fru bir ili\u015fki sonucu d\u00fcnyaya gelen Cyril Avery kendini hi\u00e7bir zaman ger\u00e7ek bir &#8221;Avery&#8221; gibi hissetmedi. Ne biyolojik annesi ne de evlatl\u0131k verildi\u011fi zengin \u00e7ift sar\u0131p sarmalayabildi kay\u0131p \u00e7ocuklu\u011funu.    Y\u0131llar boyunca \u00e7evresinde y\u00fckselen muhafazak\u00e2r ve bask\u0131c\u0131 sesler y\u00fcz\u00fcnden i\u00e7 sesini hep susturmak zorunda kald\u0131.  Bo\u011fuluyordu. De\u011ferlerinin, ilgilerinin ve tercihlerinin kabul g\u00f6rmedi\u011fi bir toplumda daha fazla ya\u015fayamazd\u0131. Ka\u00e7mal\u0131yd\u0131! Kim oldu\u011funu ve nereye ait oldu\u011funu bir an \u00f6nce bulmal\u0131yd\u0131. Mutlulu\u011fu aramaktan korkmamal\u0131yd\u0131 ve bunun i\u00e7in bedel \u00f6demeye haz\u0131rd\u0131.  Azap i\u00e7indeki ruhu \u00f6zg\u00fcrl\u00fc\u011f\u00fcne kavu\u015fmal\u0131yd\u0131&#8230;   Dublin&#8217;den Amsterdam&#8217;a ve oradan da New York&#8217;a uzanarak ini\u015f \u00e7\u0131k\u0131\u015flarla, kalp k\u0131r\u0131kl\u0131klar\u0131yla ve cinselli\u011fini ke\u015ffedi\u015fiyle dolu dolu ya\u015fad\u0131 kaderini.  Hikmet \u00e7a\u011f\u0131nda k\u00f6kleri onu geri \u00e7a\u011f\u0131racakt\u0131 \u0130rlanda&#8217;ya.  Ge\u00e7mi\u015fiyle y\u00fczle\u015fmesi, ard\u0131nda b\u0131rakt\u0131\u011f\u0131 k\u0131r\u0131k d\u00f6k\u00fck ili\u015fkileri onarmas\u0131 gerekiyordu&#8230; Cyril Avery&#8217;nin bir \u00f6m\u00fcr kalbinde biriktirdi\u011fi \u00f6fkenin co\u015fkun bir d\u0131\u015favurumu olan bu etkileyici roman, kendine kar\u015f\u0131 d\u00fcr\u00fcst olman\u0131n getirdi\u011fi manevi huzur ve mutlulu\u011fa \u00f6vg\u00fc yap\u0131yor.  Ba\u015fta \u0130rlanda olmak \u00fczere d\u00fcnyan\u0131n yetmi\u015f y\u0131ll\u0131k d\u00f6n\u00fc\u015f\u00fcm\u00fcne k\u0131r\u0131k bir aynan\u0131n da\u011f\u0131lan par\u00e7alar\u0131ndan bakmam\u0131z\u0131 sa\u011flayan Kalbin G\u00f6r\u00fcnmez \u00d6fkeleri, toplumsal de\u011fi\u015fimin bireysel \u00f6zg\u00fcrl\u00fcklere yans\u0131mas\u0131 hakk\u0131nda okuru derin d\u00fc\u015f\u00fcncelere itiyor. <\/p>\n","protected":false},"excerpt":{"rendered":"<p>Kalbin g\u00f6r\u00fcnmez \u00f6fkelerine ra\u011fmen ya\u015famak! \u00c7izgili Pijamal\u0131 \u00c7ocuk&#8217;un yazar\u0131 John Boyne&#8217;un yirmi dilde yay\u0131mlanan ba\u015fyap\u0131t\u0131 Kalbin G\u00f6r\u00fcnmez \u00d6fkeleri, d\u00fcnyadaki yerini bulmaya \u00e7al\u0131\u015fan s\u0131radan bir adam\u0131n s\u0131rad\u0131\u015f\u0131<span class=\"excerpt-hellip\"> [\u2026]<\/span><\/p>\n","protected":false},"featured_media":0,"template":"","meta":{"_monsterinsights_skip_tracking":false,"_monsterinsights_sitenote_active":false,"_monsterinsights_sitenote_note":"","_monsterinsights_sitenote_category":0},"product_brand":[],"product_cat":[12291,12711],"product_tag":[],"class_list":{"0":"post-762179","1":"product","2":"type-product","3":"status-publish","5":"product_cat-edebiyat","6":"product_cat-roman-oyku","7":"pa_cilt-ciltsiz","8":"pa_tur-kitap","9":"pa_yayinevi-delidolu","10":"pa_yazar-john-boyne","12":"first","13":"instock","14":"sale","15":"shipping-taxable","16":"purchasable","17":"product-type-simple"},"_links":{"self":[{"href":"https:\/\/roveyayinevi.com.tr\/index.php\/wp-json\/wp\/v2\/product\/762179","targetHints":{"allow":["GET"]}}],"collection":[{"href":"https:\/\/roveyayinevi.com.tr\/index.php\/wp-json\/wp\/v2\/product"}],"about":[{"href":"https:\/\/roveyayinevi.com.tr\/index.php\/wp-json\/wp\/v2\/types\/product"}],"wp:attachment":[{"href":"https:\/\/roveyayinevi.com.tr\/index.php\/wp-json\/wp\/v2\/media?parent=762179"}],"wp:term":[{"taxonomy":"product_brand","embeddable":true,"href":"https:\/\/roveyayinevi.com.tr\/index.php\/wp-json\/wp\/v2\/product_brand?post=762179"},{"taxonomy":"product_cat","embeddable":true,"href":"https:\/\/roveyayinevi.com.tr\/index.php\/wp-json\/wp\/v2\/product_cat?post=762179"},{"taxonomy":"product_tag","embeddable":true,"href":"https:\/\/roveyayinevi.com.tr\/index.php\/wp-json\/wp\/v2\/product_tag?post=762179"}],"curies":[{"name":"wp","href":"https:\/\/api.w.org\/{rel}","templated":true}]}}