{"id":762177,"date":"2025-08-28T10:00:20","date_gmt":"2025-08-28T07:00:20","guid":{"rendered":"https:\/\/roveyayinevi.com.tr\/index.php\/urun\/kuslar-gibi-hur\/"},"modified":"2026-04-15T03:27:12","modified_gmt":"2026-04-15T00:27:12","slug":"kuslar-gibi-hur","status":"publish","type":"product","link":"https:\/\/roveyayinevi.com.tr\/index.php\/urun\/kuslar-gibi-hur\/","title":{"rendered":"Ku\u015flar Gibi H\u00fcr"},"content":{"rendered":"<p>Ben her zaman \u00f6zg\u00fcrce u\u00e7aca\u011f\u0131m g\u00f6klerde, Vicdan\u0131 h\u00fcr, kanatlar\u0131m\u0131 \u00e7\u0131rparak u\u00e7aca\u011f\u0131m. G\u00f6k kubbenin mavili\u011finden ilham alaca\u011f\u0131m. Bir yemek par\u00e7as\u0131n\u0131 yuvama ta\u015f\u0131yaca\u011f\u0131m asilce, Aya\u011f\u0131mda yuvam\u0131n par\u00e7as\u0131yla s\u00fcz\u00fclece\u011fim g\u00f6ky\u00fcz\u00fcnde. Ba\u015fkas\u0131n\u0131n yuvas\u0131n\u0131 talan etmeyece\u011fim, Ba\u015fkas\u0131n\u0131n yeme\u011fine g\u00f6z dikmeyece\u011fim. Ben \u00f6zg\u00fcrce u\u00e7aca\u011f\u0131m g\u00f6klerde, Vicdan\u0131 h\u00fcr, asil bir \u015fekilde.   Berkant Acar, \u2018Ku\u015flar Gibi H\u00fcr\u2019, eseriyle derin \u015fekilde hissetti\u011fi a\u015fk duygusuyla kaleminin \u00f6zg\u00fcnl\u00fc\u011f\u00fcn\u00fc harmanlayarak okuyucular\u0131n\u0131 hissel bir yolculu\u011fa davet ediyor. <\/p>\n","protected":false},"excerpt":{"rendered":"<p>Ben her zaman \u00f6zg\u00fcrce u\u00e7aca\u011f\u0131m g\u00f6klerde, Vicdan\u0131 h\u00fcr, kanatlar\u0131m\u0131 \u00e7\u0131rparak u\u00e7aca\u011f\u0131m. G\u00f6k kubbenin mavili\u011finden ilham alaca\u011f\u0131m. Bir yemek par\u00e7as\u0131n\u0131 yuvama ta\u015f\u0131yaca\u011f\u0131m asilce, Aya\u011f\u0131mda yuvam\u0131n par\u00e7as\u0131yla s\u00fcz\u00fclece\u011fim<span class=\"excerpt-hellip\"> [\u2026]<\/span><\/p>\n","protected":false},"featured_media":0,"template":"","meta":{"_monsterinsights_skip_tracking":false,"_monsterinsights_sitenote_active":false,"_monsterinsights_sitenote_note":"","_monsterinsights_sitenote_category":0},"product_brand":[],"product_cat":[12291,12509],"product_tag":[],"class_list":{"0":"post-762177","1":"product","2":"type-product","3":"status-publish","5":"product_cat-edebiyat","6":"product_cat-siir","7":"pa_cilt-ciltsiz","8":"pa_tur-kitap","9":"pa_yayinevi-elpis-yayinlari","10":"pa_yazar-berkant-acar","12":"first","13":"instock","14":"sale","15":"shipping-taxable","16":"purchasable","17":"product-type-simple"},"_links":{"self":[{"href":"https:\/\/roveyayinevi.com.tr\/index.php\/wp-json\/wp\/v2\/product\/762177","targetHints":{"allow":["GET"]}}],"collection":[{"href":"https:\/\/roveyayinevi.com.tr\/index.php\/wp-json\/wp\/v2\/product"}],"about":[{"href":"https:\/\/roveyayinevi.com.tr\/index.php\/wp-json\/wp\/v2\/types\/product"}],"wp:attachment":[{"href":"https:\/\/roveyayinevi.com.tr\/index.php\/wp-json\/wp\/v2\/media?parent=762177"}],"wp:term":[{"taxonomy":"product_brand","embeddable":true,"href":"https:\/\/roveyayinevi.com.tr\/index.php\/wp-json\/wp\/v2\/product_brand?post=762177"},{"taxonomy":"product_cat","embeddable":true,"href":"https:\/\/roveyayinevi.com.tr\/index.php\/wp-json\/wp\/v2\/product_cat?post=762177"},{"taxonomy":"product_tag","embeddable":true,"href":"https:\/\/roveyayinevi.com.tr\/index.php\/wp-json\/wp\/v2\/product_tag?post=762177"}],"curies":[{"name":"wp","href":"https:\/\/api.w.org\/{rel}","templated":true}]}}