{"id":762175,"date":"2025-08-28T10:00:17","date_gmt":"2025-08-28T07:00:17","guid":{"rendered":"https:\/\/roveyayinevi.com.tr\/index.php\/urun\/devlerin-omuzlarindan-isiga-bakmak\/"},"modified":"2026-04-15T03:27:12","modified_gmt":"2026-04-15T00:27:12","slug":"devlerin-omuzlarindan-isiga-bakmak","status":"publish","type":"product","link":"https:\/\/roveyayinevi.com.tr\/index.php\/urun\/devlerin-omuzlarindan-isiga-bakmak\/","title":{"rendered":"Devlerin Omuzlar\u0131ndan I\u015f\u0131\u011fa Bakmak"},"content":{"rendered":"<p>Elinizdeki kitap, ya\u015fad\u0131\u011f\u0131m\u0131z evren ve varolu\u015fla ilgili sorulara, ak\u0131l ve bilim g\u00f6z\u00fc ile cevap aramak isteyen gen\u00e7ler ve bu konularda akl\u0131 kar\u0131\u015f\u0131k olan herkes i\u00e7in yaz\u0131lm\u0131\u015ft\u0131r.   Devlerin Omuzlar\u0131ndan I\u015f\u0131\u011fa Bakmak \u201czor\u201d sorulara filozoflar\u0131n ve bilimin cevaplar\u0131n\u0131 \u201cesas alan bir derlemedir.\u201d<\/p>\n","protected":false},"excerpt":{"rendered":"<p>Elinizdeki kitap, ya\u015fad\u0131\u011f\u0131m\u0131z evren ve varolu\u015fla ilgili sorulara, ak\u0131l ve bilim g\u00f6z\u00fc ile cevap aramak isteyen gen\u00e7ler ve bu konularda akl\u0131 kar\u0131\u015f\u0131k olan herkes i\u00e7in yaz\u0131lm\u0131\u015ft\u0131r.<span class=\"excerpt-hellip\"> [\u2026]<\/span><\/p>\n","protected":false},"featured_media":0,"template":"","meta":{"_monsterinsights_skip_tracking":false,"_monsterinsights_sitenote_active":false,"_monsterinsights_sitenote_note":"","_monsterinsights_sitenote_category":0},"product_brand":[],"product_cat":[12388],"product_tag":[],"class_list":{"0":"post-762175","1":"product","2":"type-product","3":"status-publish","5":"product_cat-felsefe","6":"pa_cilt-ciltsiz","7":"pa_tur-kitap","8":"pa_yayinevi-elpis-yayinlari","9":"pa_yazar-zafer-budak","11":"first","12":"instock","13":"sale","14":"shipping-taxable","15":"purchasable","16":"product-type-simple"},"_links":{"self":[{"href":"https:\/\/roveyayinevi.com.tr\/index.php\/wp-json\/wp\/v2\/product\/762175","targetHints":{"allow":["GET"]}}],"collection":[{"href":"https:\/\/roveyayinevi.com.tr\/index.php\/wp-json\/wp\/v2\/product"}],"about":[{"href":"https:\/\/roveyayinevi.com.tr\/index.php\/wp-json\/wp\/v2\/types\/product"}],"wp:attachment":[{"href":"https:\/\/roveyayinevi.com.tr\/index.php\/wp-json\/wp\/v2\/media?parent=762175"}],"wp:term":[{"taxonomy":"product_brand","embeddable":true,"href":"https:\/\/roveyayinevi.com.tr\/index.php\/wp-json\/wp\/v2\/product_brand?post=762175"},{"taxonomy":"product_cat","embeddable":true,"href":"https:\/\/roveyayinevi.com.tr\/index.php\/wp-json\/wp\/v2\/product_cat?post=762175"},{"taxonomy":"product_tag","embeddable":true,"href":"https:\/\/roveyayinevi.com.tr\/index.php\/wp-json\/wp\/v2\/product_tag?post=762175"}],"curies":[{"name":"wp","href":"https:\/\/api.w.org\/{rel}","templated":true}]}}