{"id":762172,"date":"2025-08-28T10:00:11","date_gmt":"2025-08-28T07:00:11","guid":{"rendered":"https:\/\/roveyayinevi.com.tr\/index.php\/urun\/tas-ve-kus\/"},"modified":"2026-04-15T03:27:12","modified_gmt":"2026-04-15T00:27:12","slug":"tas-ve-kus","status":"publish","type":"product","link":"https:\/\/roveyayinevi.com.tr\/index.php\/urun\/tas-ve-kus\/","title":{"rendered":"Ta\u015f ve Ku\u015f"},"content":{"rendered":"<p>Anam\u0131n karn\u0131nda yedim ilkin ikizimi B\u00f6yle ba\u015flad\u0131 yaln\u0131zl\u0131\u011f\u0131m Ben kesip at\u0131nca g\u00f6bek ba\u011f\u0131n\u0131 di\u015flerimle Uzad\u0131 kanatlar\u0131 karde\u015fimin. Hafif hafif tarazland\u0131 evvelce t\u00fcyleri, Karard\u0131, sivrildi, \u00e7\u0131kard\u0131 t\u0131rnaklar\u0131n\u0131 Gagas\u0131yla temizledikten sonra son kez kursa\u011f\u0131n\u0131 Emanet bir ta\u015f \u00e7\u0131kard\u0131 g\u00f6z\u00fcm\u00fcn i\u00e7inden A\u011fz\u0131na ald\u0131 sonra, \u00e7\u0131kt\u0131 anam\u0131z\u0131n rahminden. <\/p>\n","protected":false},"excerpt":{"rendered":"<p>Anam\u0131n karn\u0131nda yedim ilkin ikizimi B\u00f6yle ba\u015flad\u0131 yaln\u0131zl\u0131\u011f\u0131m Ben kesip at\u0131nca g\u00f6bek ba\u011f\u0131n\u0131 di\u015flerimle Uzad\u0131 kanatlar\u0131 karde\u015fimin. Hafif hafif tarazland\u0131 evvelce t\u00fcyleri, Karard\u0131, sivrildi, \u00e7\u0131kard\u0131 t\u0131rnaklar\u0131n\u0131<span class=\"excerpt-hellip\"> [\u2026]<\/span><\/p>\n","protected":false},"featured_media":0,"template":"","meta":{"_monsterinsights_skip_tracking":false,"_monsterinsights_sitenote_active":false,"_monsterinsights_sitenote_note":"","_monsterinsights_sitenote_category":0},"product_brand":[],"product_cat":[12291,12509],"product_tag":[],"class_list":{"0":"post-762172","1":"product","2":"type-product","3":"status-publish","5":"product_cat-edebiyat","6":"product_cat-siir","7":"pa_cilt-ciltsiz","8":"pa_tur-kitap","9":"pa_yayinevi-everest-yayinlari","10":"pa_yazar-erkan-irmak","12":"first","13":"instock","14":"sale","15":"shipping-taxable","16":"purchasable","17":"product-type-simple"},"_links":{"self":[{"href":"https:\/\/roveyayinevi.com.tr\/index.php\/wp-json\/wp\/v2\/product\/762172","targetHints":{"allow":["GET"]}}],"collection":[{"href":"https:\/\/roveyayinevi.com.tr\/index.php\/wp-json\/wp\/v2\/product"}],"about":[{"href":"https:\/\/roveyayinevi.com.tr\/index.php\/wp-json\/wp\/v2\/types\/product"}],"wp:attachment":[{"href":"https:\/\/roveyayinevi.com.tr\/index.php\/wp-json\/wp\/v2\/media?parent=762172"}],"wp:term":[{"taxonomy":"product_brand","embeddable":true,"href":"https:\/\/roveyayinevi.com.tr\/index.php\/wp-json\/wp\/v2\/product_brand?post=762172"},{"taxonomy":"product_cat","embeddable":true,"href":"https:\/\/roveyayinevi.com.tr\/index.php\/wp-json\/wp\/v2\/product_cat?post=762172"},{"taxonomy":"product_tag","embeddable":true,"href":"https:\/\/roveyayinevi.com.tr\/index.php\/wp-json\/wp\/v2\/product_tag?post=762172"}],"curies":[{"name":"wp","href":"https:\/\/api.w.org\/{rel}","templated":true}]}}