{"id":762170,"date":"2025-08-28T10:00:07","date_gmt":"2025-08-28T07:00:07","guid":{"rendered":"https:\/\/roveyayinevi.com.tr\/index.php\/urun\/bir-turk-kizinin-amerika-yolculugu\/"},"modified":"2026-04-15T03:27:12","modified_gmt":"2026-04-15T00:27:12","slug":"bir-turk-kizinin-amerika-yolculugu","status":"publish","type":"product","link":"https:\/\/roveyayinevi.com.tr\/index.php\/urun\/bir-turk-kizinin-amerika-yolculugu\/","title":{"rendered":"Bir T\u00fcrk K\u0131z\u0131n\u0131n Amerika Yolculu\u011fu"},"content":{"rendered":"<p>\u201cNew York, insan eme\u011finin bug\u00fcn varabildi\u011fi en y\u00fcksek g\u00fcc\u00fc g\u00f6steriyor. Kudret ve \u0131\u015f\u0131k onun belli ba\u015fl\u0131 markas\u0131 ve g\u00f6klere t\u0131rmanan binalar bu kudretin en canl\u0131 timsali&#8230; \u0130\u015fte d\u00fcnyan\u0131n en y\u00fcksek binas\u0131 olan Empire State Building\u2019in tepesindeki kulede d\u00fc\u015f\u00fcnebildiklerim! 300 metre kadar y\u00fcksekte ve 85\u2019inci kattay\u0131m. Etraf\u0131m\u0131zda sisler u\u00e7u\u015fuyor, \u015farkta Long Island b\u00fcy\u00fck bir harita gibi yere serilmi\u015f.\u201d Bir gen\u00e7 k\u0131z\u0131n g\u00f6z\u00fcnden iki d\u00fcnya aras\u0131ndaki b\u00fcy\u00fcleyici kar\u015f\u0131la\u015fma\u2026 1935 y\u0131l\u0131nda Ak\u015fam gazetesinde tefrika edildikten sonra yay\u0131mlanan Bir T\u00fcrk K\u0131z\u0131n\u0131n Amerika Yolculu\u011fu, Faik Sabri ve k\u0131z\u0131 L\u00fctfiye Duran\u2019\u0131n kaleminden \u00e7\u0131kan etkileyici bir seyahatname. L\u00fctfiye\u2019nin kaleme ald\u0131\u011f\u0131 mektuplar, sadece bir seyahatin izlerini de\u011fil, ayn\u0131 zamanda iki farkl\u0131 d\u00fcnyan\u0131n \u00e7arp\u0131c\u0131 bi\u00e7imde kar\u015f\u0131la\u015fmas\u0131n\u0131 sunar. Mektuplarda New York\u2019un g\u00f6kdelenlerinden Amerika\u2019n\u0131n h\u0131z tutkusuna, kad\u0131nlar\u0131n toplumdaki rol\u00fcnden mimari yar\u0131\u015flara kadar pek \u00e7ok g\u00f6zlem yer al\u0131r. Elinizdeki bu eser, L\u00fctfiye\u2019nin keskin zek\u00e2s\u0131, duyarl\u0131 kalemi ve babas\u0131 Faik Sabri\u2019nin co\u011frafyac\u0131 dikkatinin m\u00fc\u015fterek sonucudur. 1930\u2019larda ger\u00e7ekle\u015fen bu yolculuk, tarihsel ve edeb\u00ee de\u011feriyle okuyucular\u0131na sadece bir seyahatname de\u011fil, ayn\u0131 zamanda k\u00fclt\u00fcrler aras\u0131 bir ke\u015fif sunuyor. Vak\u0131fBank K\u00fclt\u00fcr Yay\u0131nlar\u0131, ge\u00e7 Osmanl\u0131 ve erken Cumhuriyet d\u00f6neminde kaleme al\u0131nm\u0131\u015f seyahatname ve kurmaca aras\u0131nda kalan \u00f6zg\u00fcn ve melez t\u00fcrleri okuyucularla bulu\u015fturmaya devam ediyor. <\/p>\n","protected":false},"excerpt":{"rendered":"<p>\u201cNew York, insan eme\u011finin bug\u00fcn varabildi\u011fi en y\u00fcksek g\u00fcc\u00fc g\u00f6steriyor. Kudret ve \u0131\u015f\u0131k onun belli ba\u015fl\u0131 markas\u0131 ve g\u00f6klere t\u0131rmanan binalar bu kudretin en canl\u0131 timsali&#8230;<span class=\"excerpt-hellip\"> [\u2026]<\/span><\/p>\n","protected":false},"featured_media":0,"template":"","meta":{"_monsterinsights_skip_tracking":false,"_monsterinsights_sitenote_active":false,"_monsterinsights_sitenote_note":"","_monsterinsights_sitenote_category":0},"product_brand":[],"product_cat":[13701,12291],"product_tag":[],"class_list":{"0":"post-762170","1":"product","2":"type-product","3":"status-publish","5":"product_cat-ani-mektup-gunluk","6":"product_cat-edebiyat","7":"pa_cilt-ciltsiz","8":"pa_tur-kitap","9":"pa_yayinevi-vakifbank-kultur-yayinlari","10":"pa_yazar-faik-sabri-duran-lutfiye-duran","12":"first","13":"instock","14":"sale","15":"shipping-taxable","16":"purchasable","17":"product-type-simple"},"_links":{"self":[{"href":"https:\/\/roveyayinevi.com.tr\/index.php\/wp-json\/wp\/v2\/product\/762170","targetHints":{"allow":["GET"]}}],"collection":[{"href":"https:\/\/roveyayinevi.com.tr\/index.php\/wp-json\/wp\/v2\/product"}],"about":[{"href":"https:\/\/roveyayinevi.com.tr\/index.php\/wp-json\/wp\/v2\/types\/product"}],"wp:attachment":[{"href":"https:\/\/roveyayinevi.com.tr\/index.php\/wp-json\/wp\/v2\/media?parent=762170"}],"wp:term":[{"taxonomy":"product_brand","embeddable":true,"href":"https:\/\/roveyayinevi.com.tr\/index.php\/wp-json\/wp\/v2\/product_brand?post=762170"},{"taxonomy":"product_cat","embeddable":true,"href":"https:\/\/roveyayinevi.com.tr\/index.php\/wp-json\/wp\/v2\/product_cat?post=762170"},{"taxonomy":"product_tag","embeddable":true,"href":"https:\/\/roveyayinevi.com.tr\/index.php\/wp-json\/wp\/v2\/product_tag?post=762170"}],"curies":[{"name":"wp","href":"https:\/\/api.w.org\/{rel}","templated":true}]}}