{"id":762169,"date":"2025-08-28T10:00:06","date_gmt":"2025-08-28T07:00:06","guid":{"rendered":"https:\/\/roveyayinevi.com.tr\/index.php\/urun\/kultur-eksenli-turk-sinemasi-ruhunu-yitirirken\/"},"modified":"2026-04-15T03:27:12","modified_gmt":"2026-04-15T00:27:12","slug":"kultur-eksenli-turk-sinemasi-ruhunu-yitirirken","status":"publish","type":"product","link":"https:\/\/roveyayinevi.com.tr\/index.php\/urun\/kultur-eksenli-turk-sinemasi-ruhunu-yitirirken\/","title":{"rendered":"K\u00fclt\u00fcr Eksenli T\u00fcrk Sinemas\u0131 Ruhunu Yitirirken"},"content":{"rendered":"<p>\u201cSinema \u00fczerine yazma heyecan\u0131 depre\u015fince insan ister istemez Metin Erksan ve L\u00fctfi Akad\u2019a y\u00f6neliyor. Tabii d\u00fc\u015f\u00fcncelerine, filmlerine ve ki\u015filiklerine. D\u00f6n\u00fcp eskiden yaz\u0131lanlar\u0131\/\u00e7ekilenleri yeni ba\u015ftan okuyunca\/seyredince, zaman zaman on y\u0131llar sonra okuyunca\/seyredince yakla\u015f\u0131mlar\u0131n\u0131n derinli\u011fi, ki\u015filiklerinin sa\u011flaml\u0131\u011f\u0131 ve filmlerinin parlakl\u0131\u011f\u0131 o kadar net ortaya \u00e7\u0131k\u0131yor ki. Y\u0131llar, daha do\u011frusu on y\u0131llar sonra Yeni Sinema\u2019y\u0131 tekrar okuyunca d\u00f6nemi yeni ba\u015ftan de\u011ferlendirme gere\u011fi g\u00fcndeme geliyor. Okuma sonras\u0131nda yapt\u0131\u011f\u0131m iki konu\u015fma konu \u00fczerinde daha de\u011fi\u015fik bir \u015fekilde d\u00fc\u015f\u00fcnmeye yol a\u00e7\u0131yor. Yeni Sinema okuman\u0131n e\u015fli\u011finde iki say\u0131l\u0131k Ulusal Sinema\u2019n\u0131n incelenmesi foto\u011fraf\u0131 daha bir netle\u015ftiriyor.\u201d T\u00fcrk sinemas\u0131 \u00fczerine d\u00fc\u015f\u00fcnen nadir entelekt\u00fcellerden biri olan Kurtulu\u015f Kayal\u0131 bu \u00e7al\u0131\u015fmas\u0131nda T\u00fcrk sinemas\u0131n\u0131n birikimini de\u011ferlendirerek temellerini ortaya \u00e7\u0131karmaya \u00e7al\u0131\u015f\u0131yor. Bu temeller do\u011frultusunda g\u00fcn\u00fcm\u00fcz sinemas\u0131n\u0131n ve sinema literat\u00fcr\u00fcn\u00fcn zaaflar\u0131n\u0131 tespit ediyor. T\u00fcrk sinemas\u0131n\u0131n gelece\u011finin, k\u00fclt\u00fcr eksenli sineman\u0131n ve sinema d\u00fc\u015f\u00fcncesinin ihyas\u0131nda yatt\u0131\u011f\u0131n\u0131 ifade ediyor. <\/p>\n","protected":false},"excerpt":{"rendered":"<p>\u201cSinema \u00fczerine yazma heyecan\u0131 depre\u015fince insan ister istemez Metin Erksan ve L\u00fctfi Akad\u2019a y\u00f6neliyor. Tabii d\u00fc\u015f\u00fcncelerine, filmlerine ve ki\u015filiklerine. D\u00f6n\u00fcp eskiden yaz\u0131lanlar\u0131\/\u00e7ekilenleri yeni ba\u015ftan okuyunca\/seyredince, zaman<span class=\"excerpt-hellip\"> [\u2026]<\/span><\/p>\n","protected":false},"featured_media":0,"template":"","meta":{"_monsterinsights_skip_tracking":false,"_monsterinsights_sitenote_active":false,"_monsterinsights_sitenote_note":"","_monsterinsights_sitenote_category":0},"product_brand":[],"product_cat":[12409,12408],"product_tag":[],"class_list":{"0":"post-762169","1":"product","2":"type-product","3":"status-publish","5":"product_cat-fotograf-sinema-tiyatro","6":"product_cat-sanat","7":"pa_cilt-ciltsiz","8":"pa_tur-kitap","9":"pa_yayinevi-vakifbank-kultur-yayinlari","10":"pa_yazar-kurtulus-kayali","12":"first","13":"instock","14":"sale","15":"shipping-taxable","16":"purchasable","17":"product-type-simple"},"_links":{"self":[{"href":"https:\/\/roveyayinevi.com.tr\/index.php\/wp-json\/wp\/v2\/product\/762169","targetHints":{"allow":["GET"]}}],"collection":[{"href":"https:\/\/roveyayinevi.com.tr\/index.php\/wp-json\/wp\/v2\/product"}],"about":[{"href":"https:\/\/roveyayinevi.com.tr\/index.php\/wp-json\/wp\/v2\/types\/product"}],"wp:attachment":[{"href":"https:\/\/roveyayinevi.com.tr\/index.php\/wp-json\/wp\/v2\/media?parent=762169"}],"wp:term":[{"taxonomy":"product_brand","embeddable":true,"href":"https:\/\/roveyayinevi.com.tr\/index.php\/wp-json\/wp\/v2\/product_brand?post=762169"},{"taxonomy":"product_cat","embeddable":true,"href":"https:\/\/roveyayinevi.com.tr\/index.php\/wp-json\/wp\/v2\/product_cat?post=762169"},{"taxonomy":"product_tag","embeddable":true,"href":"https:\/\/roveyayinevi.com.tr\/index.php\/wp-json\/wp\/v2\/product_tag?post=762169"}],"curies":[{"name":"wp","href":"https:\/\/api.w.org\/{rel}","templated":true}]}}