{"id":762167,"date":"2025-08-28T10:00:03","date_gmt":"2025-08-28T07:00:03","guid":{"rendered":"https:\/\/roveyayinevi.com.tr\/index.php\/urun\/golgeler-yukselirken\/"},"modified":"2026-04-15T03:27:12","modified_gmt":"2026-04-15T00:27:12","slug":"golgeler-yukselirken","status":"publish","type":"product","link":"https:\/\/roveyayinevi.com.tr\/index.php\/urun\/golgeler-yukselirken\/","title":{"rendered":"G\u00f6lgeler Y\u00fckselirken"},"content":{"rendered":"<p>SON K\u00c2H\u0130N BULUNDU ANCAK G\u00d6RD\u00dc\u011e\u00dc\u0130LK KEHANET YIKIMIN HABERC\u0130S\u0130YD\u0130.   Ele\u015ftirmenlerce be\u011fenilen Karanl\u0131klar \u00c7a\u011f\u0131\u2019n\u0131n bu devam kitab\u0131nda krall\u0131klar bir k\u0131yamet tarikat\u0131n\u0131n eline ge\u00e7meye ba\u015flam\u0131\u015ft\u0131. Yeteneklilere zulmediliyor ve kadim bir g\u00fc\u00e7 serbest kalma tehdidinde bulunuyordu. Ancak d\u00fcnya kehanet edilen sona do\u011fru yakla\u015f\u0131rken Anton\u2019un akl\u0131ndan \u00e7\u0131kmayan g\u00f6r\u00fcs\u00fc Karanl\u0131klar \u00c7a\u011f\u0131\u2019n\u0131 durduracak bir plan\u0131n tehlikeli ayr\u0131nt\u0131lar\u0131n\u0131 ortaya \u00e7\u0131karm\u0131\u015ft\u0131. Son I\u015f\u0131k Birli\u011fi\u2019nin Muhaf\u0131z\u0131 Jude utan\u00e7 i\u00e7inde evine d\u00f6nerkenK\u00e2hin\u2019i korudu\u011fu s\u00fcre boyunca Anton\u2019a kar\u015f\u0131 artan hisleri y\u00fcz\u00fcnden kendini karma\u015f\u0131k bir durumun i\u00e7inde bulmu\u015ftu.Bu arada, Soluk El olarak bilinen katil, d\u00fcnyan\u0131n y\u0131k\u0131lmas\u0131na g\u00f6z yummak anlam\u0131na gelse bile hortlak olan k\u0131z karde\u015fini sonsuza dek \u00f6lmeden \u00f6nce bulmak i\u00e7in elinden gelen her \u015feyi yapacak, gerekirse t\u00fcm d\u00fcnyay\u0131 kar\u015f\u0131s\u0131na alacakt\u0131. Ve Nazirah\u2019ta, krall\u0131\u011f\u0131 olmayan Prens Hassan, taht\u0131n\u0131 geri kazanmaya \u00e7al\u0131\u015fmak i\u00e7in riskli bir anla\u015fma yapm\u0131\u015ft\u0131.Topraklar\u0131 i\u00e7in en sevdiklerinden ve kendi halk\u0131ndan bile vazge\u00e7meyi g\u00f6ze alacakt\u0131. Ge\u00e7mi\u015ften gelen d\u00fc\u015fmanl\u0131klar\u0131n ve beklenmeyen s\u00fcrprizlerin kentleri yerle bir etme tehdidiyle t\u00fcm dengeler alt\u00fcst olman\u0131n e\u015fi\u011finde. Ayd\u0131nl\u0131\u011f\u0131n ve karanl\u0131\u011f\u0131n g\u00fc\u00e7leri Merhametin Kenti\u2019nde \u00e7arp\u0131\u015ft\u0131\u011f\u0131nda, eski yaralar yeniden a\u00e7\u0131lacak; yeni ittifaklar s\u0131nanacak ve d\u00fcnyan\u0131n sonu ba\u015flayacak.<\/p>\n","protected":false},"excerpt":{"rendered":"<p>SON K\u00c2H\u0130N BULUNDU ANCAK G\u00d6RD\u00dc\u011e\u00dc\u0130LK KEHANET YIKIMIN HABERC\u0130S\u0130YD\u0130. Ele\u015ftirmenlerce be\u011fenilen Karanl\u0131klar \u00c7a\u011f\u0131\u2019n\u0131n bu devam kitab\u0131nda krall\u0131klar bir k\u0131yamet tarikat\u0131n\u0131n eline ge\u00e7meye ba\u015flam\u0131\u015ft\u0131. Yeteneklilere zulmediliyor ve kadim<span class=\"excerpt-hellip\"> [\u2026]<\/span><\/p>\n","protected":false},"featured_media":0,"template":"","meta":{"_monsterinsights_skip_tracking":false,"_monsterinsights_sitenote_active":false,"_monsterinsights_sitenote_note":"","_monsterinsights_sitenote_category":0},"product_brand":[],"product_cat":[12291,14777],"product_tag":[],"class_list":{"0":"post-762167","1":"product","2":"type-product","3":"status-publish","5":"product_cat-edebiyat","6":"product_cat-fantastik","7":"pa_cilt-ciltsiz","8":"pa_tur-kitap","9":"pa_yayinevi-epsilon-yayinlari","10":"pa_yazar-katy-rose-pool","12":"first","13":"instock","14":"sale","15":"shipping-taxable","16":"purchasable","17":"product-type-simple"},"_links":{"self":[{"href":"https:\/\/roveyayinevi.com.tr\/index.php\/wp-json\/wp\/v2\/product\/762167","targetHints":{"allow":["GET"]}}],"collection":[{"href":"https:\/\/roveyayinevi.com.tr\/index.php\/wp-json\/wp\/v2\/product"}],"about":[{"href":"https:\/\/roveyayinevi.com.tr\/index.php\/wp-json\/wp\/v2\/types\/product"}],"wp:attachment":[{"href":"https:\/\/roveyayinevi.com.tr\/index.php\/wp-json\/wp\/v2\/media?parent=762167"}],"wp:term":[{"taxonomy":"product_brand","embeddable":true,"href":"https:\/\/roveyayinevi.com.tr\/index.php\/wp-json\/wp\/v2\/product_brand?post=762167"},{"taxonomy":"product_cat","embeddable":true,"href":"https:\/\/roveyayinevi.com.tr\/index.php\/wp-json\/wp\/v2\/product_cat?post=762167"},{"taxonomy":"product_tag","embeddable":true,"href":"https:\/\/roveyayinevi.com.tr\/index.php\/wp-json\/wp\/v2\/product_tag?post=762167"}],"curies":[{"name":"wp","href":"https:\/\/api.w.org\/{rel}","templated":true}]}}